{"id":509,"date":"2020-01-28T10:19:04","date_gmt":"2020-01-28T10:19:04","guid":{"rendered":"https:\/\/jpic-assumpta.org\/?page_id=509"},"modified":"2020-03-09T06:35:55","modified_gmt":"2020-03-09T06:35:55","slug":"qui-sommes-nous","status":"publish","type":"page","link":"https:\/\/jpic-assumpta.org\/index.php\/qui-sommes-nous\/","title":{"rendered":"Qui sommes-nous ?"},"content":{"rendered":"\t\t<div data-elementor-type=\"wp-page\" data-elementor-id=\"509\" class=\"elementor elementor-509\" data-elementor-post-type=\"page\">\n\t\t\t\t\t\t<section class=\"elementor-section elementor-top-section elementor-element elementor-element-c38a5b9 elementor-section-stretched elementor-section-full_width elementor-hidden-phone elementor-section-height-default elementor-section-height-default\" data-id=\"c38a5b9\" data-element_type=\"section\" data-e-type=\"section\" data-settings=\"{&quot;stretch_section&quot;:&quot;section-stretched&quot;}\">\n\t\t\t\t\t\t<div class=\"elementor-container elementor-column-gap-default\">\n\t\t\t\t\t<div class=\"elementor-column elementor-col-33 elementor-top-column elementor-element elementor-element-cc73790 elementor-hidden-phone\" data-id=\"cc73790\" data-element_type=\"column\" data-e-type=\"column\">\n\t\t\t<div class=\"elementor-widget-wrap elementor-element-populated\">\n\t\t\t\t\t\t<div class=\"elementor-element elementor-element-68b3bf20 elementor-align-start elementor-widget__width-auto elementor-absolute elementor-hidden-phone elementor-icon-list--layout-traditional elementor-list-item-link-full_width elementor-widget elementor-widget-icon-list\" data-id=\"68b3bf20\" data-element_type=\"widget\" data-e-type=\"widget\" data-settings=\"{&quot;_position&quot;:&quot;absolute&quot;}\" data-widget_type=\"icon-list.default\">\n\t\t\t\t<div class=\"elementor-widget-container\">\n\t\t\t\t\t\t\t<ul class=\"elementor-icon-list-items\">\n\t\t\t\t\t\t\t<li class=\"elementor-icon-list-item\">\n\t\t\t\t\t\t\t\t\t\t\t<a href=\"https:\/\/www.facebook.com\/JPICAssumpta\/\" target=\"_blank\">\n\n\t\t\t\t\t\t\t\t\t\t\t\t<span class=\"elementor-icon-list-icon\">\n\t\t\t\t\t\t\t<i aria-hidden=\"true\" class=\"fab fa-facebook-f\"><\/i>\t\t\t\t\t\t<\/span>\n\t\t\t\t\t\t\t\t\t\t<span class=\"elementor-icon-list-text\"><\/span>\n\t\t\t\t\t\t\t\t\t\t\t<\/a>\n\t\t\t\t\t\t\t\t\t<\/li>\n\t\t\t\t\t\t\t\t<li class=\"elementor-icon-list-item\">\n\t\t\t\t\t\t\t\t\t\t\t<a href=\"https:\/\/www.youtube.com\/channel\/UCpG0bbaRlGkQTEJyU8pXLGQ?view_as=subscriber\" target=\"_blank\">\n\n\t\t\t\t\t\t\t\t\t\t\t\t<span class=\"elementor-icon-list-icon\">\n\t\t\t\t\t\t\t<i aria-hidden=\"true\" class=\"fab fa-youtube\"><\/i>\t\t\t\t\t\t<\/span>\n\t\t\t\t\t\t\t\t\t\t<span class=\"elementor-icon-list-text\"><\/span>\n\t\t\t\t\t\t\t\t\t\t\t<\/a>\n\t\t\t\t\t\t\t\t\t<\/li>\n\t\t\t\t\t\t<\/ul>\n\t\t\t\t\t\t<\/div>\n\t\t\t\t<\/div>\n\t\t\t\t\t<\/div>\n\t\t<\/div>\n\t\t\t\t<div class=\"elementor-column elementor-col-33 elementor-top-column elementor-element elementor-element-ce182d1\" data-id=\"ce182d1\" data-element_type=\"column\" data-e-type=\"column\">\n\t\t\t<div class=\"elementor-widget-wrap elementor-element-populated\">\n\t\t\t\t\t\t<div class=\"elementor-element elementor-element-6363afdf elementor-widget elementor-widget-heading\" data-id=\"6363afdf\" data-element_type=\"widget\" data-e-type=\"widget\" data-widget_type=\"heading.default\">\n\t\t\t\t<div class=\"elementor-widget-container\">\n\t\t\t\t\t<h1 class=\"elementor-heading-title elementor-size-default\">Qui sommes-nous ?<\/h1>\t\t\t\t<\/div>\n\t\t\t\t<\/div>\n\t\t\t\t\t<\/div>\n\t\t<\/div>\n\t\t\t\t<div class=\"elementor-column elementor-col-33 elementor-top-column elementor-element elementor-element-80d22ec\" data-id=\"80d22ec\" data-element_type=\"column\" data-e-type=\"column\" data-settings=\"{&quot;background_background&quot;:&quot;classic&quot;}\">\n\t\t\t<div class=\"elementor-widget-wrap elementor-element-populated\">\n\t\t\t\t\t\t<div class=\"elementor-element elementor-element-290cf47 elementor-widget elementor-widget-image\" data-id=\"290cf47\" data-element_type=\"widget\" data-e-type=\"widget\" data-widget_type=\"image.default\">\n\t\t\t\t<div class=\"elementor-widget-container\">\n\t\t\t\t\t\t\t\t\t\t\t\t\t\t\t<img fetchpriority=\"high\" decoding=\"async\" width=\"300\" height=\"300\" src=\"https:\/\/jpic-assumpta.org\/wp-content\/uploads\/2020\/01\/logo-jpic-version-mia-300x300.png\" class=\"attachment-medium size-medium wp-image-497\" alt=\"\" srcset=\"https:\/\/jpic-assumpta.org\/wp-content\/uploads\/2020\/01\/logo-jpic-version-mia-300x300.png 300w, https:\/\/jpic-assumpta.org\/wp-content\/uploads\/2020\/01\/logo-jpic-version-mia-150x150.png 150w, https:\/\/jpic-assumpta.org\/wp-content\/uploads\/2020\/01\/logo-jpic-version-mia-768x768.png 768w, https:\/\/jpic-assumpta.org\/wp-content\/uploads\/2020\/01\/logo-jpic-version-mia.png 1000w\" sizes=\"(max-width: 300px) 100vw, 300px\" \/>\t\t\t\t\t\t\t\t\t\t\t\t\t\t\t<\/div>\n\t\t\t\t<\/div>\n\t\t\t\t\t<\/div>\n\t\t<\/div>\n\t\t\t\t\t<\/div>\n\t\t<\/section>\n\t\t\t\t<section class=\"elementor-section elementor-top-section elementor-element elementor-element-210db5a6 elementor-section-boxed elementor-section-height-default elementor-section-height-default\" data-id=\"210db5a6\" data-element_type=\"section\" data-e-type=\"section\">\n\t\t\t\t\t\t<div class=\"elementor-container elementor-column-gap-default\">\n\t\t\t\t\t<div class=\"elementor-column elementor-col-100 elementor-top-column elementor-element elementor-element-119e8b1d\" data-id=\"119e8b1d\" data-element_type=\"column\" data-e-type=\"column\">\n\t\t\t<div class=\"elementor-widget-wrap elementor-element-populated\">\n\t\t\t\t\t\t<div class=\"elementor-element elementor-element-50c1d759 elementor-grid-4 elementor-posts--align-left elementor-posts__hover-none elementor-grid-tablet-3 elementor-grid-mobile-1 elementor-posts--thumbnail-top elementor-widget elementor-widget-posts\" data-id=\"50c1d759\" data-element_type=\"widget\" data-e-type=\"widget\" data-settings=\"{&quot;cards_columns&quot;:&quot;4&quot;,&quot;cards_row_gap&quot;:{&quot;unit&quot;:&quot;px&quot;,&quot;size&quot;:&quot;80&quot;,&quot;sizes&quot;:[]},&quot;cards_columns_tablet&quot;:&quot;3&quot;,&quot;cards_columns_mobile&quot;:&quot;1&quot;,&quot;cards_row_gap_tablet&quot;:{&quot;unit&quot;:&quot;px&quot;,&quot;size&quot;:&quot;&quot;,&quot;sizes&quot;:[]},&quot;cards_row_gap_mobile&quot;:{&quot;unit&quot;:&quot;px&quot;,&quot;size&quot;:&quot;&quot;,&quot;sizes&quot;:[]}}\" data-widget_type=\"posts.cards\">\n\t\t\t\t<div class=\"elementor-widget-container\">\n\t\t\t\t\t\t\t<div class=\"elementor-posts-container elementor-posts elementor-posts--skin-cards elementor-grid\" role=\"list\">\n\t\t\t\t<article class=\"elementor-post elementor-grid-item post-495 post type-post status-publish format-standard has-post-thumbnail hentry category-qui-sommes-nous tag-francais\" role=\"listitem\">\n\t\t\t<div class=\"elementor-post__card\">\n\t\t\t\t<a class=\"elementor-post__thumbnail__link\" href=\"https:\/\/jpic-assumpta.org\/index.php\/2010\/09\/21\/un-secretariat-international-jpic\/\" tabindex=\"-1\" ><div class=\"elementor-post__thumbnail\"><img decoding=\"async\" width=\"1000\" height=\"1000\" src=\"https:\/\/jpic-assumpta.org\/wp-content\/uploads\/2020\/01\/logo-jpic-version-mia.png\" class=\"attachment-full size-full wp-image-497\" alt=\"\" srcset=\"https:\/\/jpic-assumpta.org\/wp-content\/uploads\/2020\/01\/logo-jpic-version-mia.png 1000w, https:\/\/jpic-assumpta.org\/wp-content\/uploads\/2020\/01\/logo-jpic-version-mia-300x300.png 300w, https:\/\/jpic-assumpta.org\/wp-content\/uploads\/2020\/01\/logo-jpic-version-mia-150x150.png 150w, https:\/\/jpic-assumpta.org\/wp-content\/uploads\/2020\/01\/logo-jpic-version-mia-768x768.png 768w\" sizes=\"(max-width: 1000px) 100vw, 1000px\" \/><\/div><\/a>\n\t\t\t\t<div class=\"elementor-post__badge\">Fran\u00e7ais<\/div>\n\t\t\t\t<div class=\"elementor-post__text\">\n\t\t\t\t<h3 class=\"elementor-post__title\">\n\t\t\t<a href=\"https:\/\/jpic-assumpta.org\/index.php\/2010\/09\/21\/un-secretariat-international-jpic\/\" >\n\t\t\t\tUn secr\u00e9tariat international JPIC\t\t\t<\/a>\n\t\t<\/h3>\n\t\t\t\t<div class=\"elementor-post__excerpt\">\n\t\t\t<p>Notre mission est de contribuer \u00e0 la transformation de la soci\u00e9t\u00e9 dans l\u2019esprit des B\u00e9atitudes.A partir de 2007 le secr\u00e9tariat international JPIC a pris un<\/p>\n\t\t<\/div>\n\t\t\t\t<\/div>\n\t\t\t\t\t<\/div>\n\t\t<\/article>\n\t\t\t\t<article class=\"elementor-post elementor-grid-item post-492 post type-post status-publish format-standard has-post-thumbnail hentry category-qui-sommes-nous tag-francais\" role=\"listitem\">\n\t\t\t<div class=\"elementor-post__card\">\n\t\t\t\t<a class=\"elementor-post__thumbnail__link\" href=\"https:\/\/jpic-assumpta.org\/index.php\/2010\/09\/21\/qui-sommes-nous-les-psa\/\" tabindex=\"-1\" ><div class=\"elementor-post__thumbnail\"><img decoding=\"async\" width=\"1248\" height=\"1280\" src=\"https:\/\/jpic-assumpta.org\/wp-content\/uploads\/2020\/01\/earth-11015_1280.jpg\" class=\"attachment-full size-full wp-image-493\" alt=\"\" srcset=\"https:\/\/jpic-assumpta.org\/wp-content\/uploads\/2020\/01\/earth-11015_1280.jpg 1248w, https:\/\/jpic-assumpta.org\/wp-content\/uploads\/2020\/01\/earth-11015_1280-293x300.jpg 293w, https:\/\/jpic-assumpta.org\/wp-content\/uploads\/2020\/01\/earth-11015_1280-998x1024.jpg 998w, https:\/\/jpic-assumpta.org\/wp-content\/uploads\/2020\/01\/earth-11015_1280-768x788.jpg 768w\" sizes=\"(max-width: 1248px) 100vw, 1248px\" \/><\/div><\/a>\n\t\t\t\t<div class=\"elementor-post__badge\">Fran\u00e7ais<\/div>\n\t\t\t\t<div class=\"elementor-post__text\">\n\t\t\t\t<h3 class=\"elementor-post__title\">\n\t\t\t<a href=\"https:\/\/jpic-assumpta.org\/index.php\/2010\/09\/21\/qui-sommes-nous-les-psa\/\" >\n\t\t\t\tQui sommes-nous, les PSA ?\t\t\t<\/a>\n\t\t<\/h3>\n\t\t\t\t<div class=\"elementor-post__excerpt\">\n\t\t\t<p>La Congr\u00e9gation des Petites S\u0153urs de l\u2019Assomption&nbsp;est pr\u00e9sente dans 21 pays. Histoires simples et passionnantes que celles de nos Fondateurs&nbsp;: Etienne Pernet, paysan de l\u2019est<\/p>\n\t\t<\/div>\n\t\t\t\t<\/div>\n\t\t\t\t\t<\/div>\n\t\t<\/article>\n\t\t\t\t<article class=\"elementor-post elementor-grid-item post-489 post type-post status-publish format-standard has-post-thumbnail hentry category-qui-sommes-nous tag-francais\" role=\"listitem\">\n\t\t\t<div class=\"elementor-post__card\">\n\t\t\t\t<a class=\"elementor-post__thumbnail__link\" href=\"https:\/\/jpic-assumpta.org\/index.php\/2010\/09\/21\/qui-sommes-nous-les-ra\/\" tabindex=\"-1\" ><div class=\"elementor-post__thumbnail\"><img loading=\"lazy\" decoding=\"async\" width=\"1936\" height=\"1296\" src=\"https:\/\/jpic-assumpta.org\/wp-content\/uploads\/2010\/09\/mme-and-mte-03214.jpg\" class=\"attachment-full size-full wp-image-607\" alt=\"\" srcset=\"https:\/\/jpic-assumpta.org\/wp-content\/uploads\/2010\/09\/mme-and-mte-03214.jpg 1936w, https:\/\/jpic-assumpta.org\/wp-content\/uploads\/2010\/09\/mme-and-mte-03214-300x201.jpg 300w, https:\/\/jpic-assumpta.org\/wp-content\/uploads\/2010\/09\/mme-and-mte-03214-1024x685.jpg 1024w, https:\/\/jpic-assumpta.org\/wp-content\/uploads\/2010\/09\/mme-and-mte-03214-768x514.jpg 768w, https:\/\/jpic-assumpta.org\/wp-content\/uploads\/2010\/09\/mme-and-mte-03214-1536x1028.jpg 1536w\" sizes=\"(max-width: 1936px) 100vw, 1936px\" \/><\/div><\/a>\n\t\t\t\t<div class=\"elementor-post__badge\">Fran\u00e7ais<\/div>\n\t\t\t\t<div class=\"elementor-post__text\">\n\t\t\t\t<h3 class=\"elementor-post__title\">\n\t\t\t<a href=\"https:\/\/jpic-assumpta.org\/index.php\/2010\/09\/21\/qui-sommes-nous-les-ra\/\" >\n\t\t\t\tQui sommes-nous, les RA ?\t\t\t<\/a>\n\t\t<\/h3>\n\t\t\t\t<div class=\"elementor-post__excerpt\">\n\t\t\t<p>A l&rsquo;\u00e9coute de Dieu et de la vie, dans des communaut\u00e9s contemplatives et apostoliques, les Religieuses de l&rsquo;Assomption continuent aujourd&rsquo;hui \u00e0 r\u00e9pondre \u00e0 leur vocation<\/p>\n\t\t<\/div>\n\t\t\t\t<\/div>\n\t\t\t\t\t<\/div>\n\t\t<\/article>\n\t\t\t\t<\/div>\n\t\t\n\t\t\t\t\t\t<\/div>\n\t\t\t\t<\/div>\n\t\t\t\t\t<\/div>\n\t\t<\/div>\n\t\t\t\t\t<\/div>\n\t\t<\/section>\n\t\t\t\t<section class=\"elementor-section elementor-top-section elementor-element elementor-element-76df01cd elementor-section-boxed elementor-section-height-default elementor-section-height-default\" data-id=\"76df01cd\" data-element_type=\"section\" data-e-type=\"section\">\n\t\t\t\t\t\t<div class=\"elementor-container elementor-column-gap-default\">\n\t\t\t\t\t<div class=\"elementor-column elementor-col-100 elementor-top-column elementor-element elementor-element-1e345a2c\" data-id=\"1e345a2c\" data-element_type=\"column\" data-e-type=\"column\">\n\t\t\t<div class=\"elementor-widget-wrap elementor-element-populated\">\n\t\t\t\t\t\t<div class=\"elementor-element elementor-element-59943abb elementor-posts--align-left elementor-posts__hover-none elementor-grid-tablet-3 elementor-grid-3 elementor-grid-mobile-1 elementor-posts--thumbnail-top elementor-widget elementor-widget-posts\" data-id=\"59943abb\" data-element_type=\"widget\" data-e-type=\"widget\" data-settings=\"{&quot;cards_row_gap&quot;:{&quot;unit&quot;:&quot;px&quot;,&quot;size&quot;:&quot;80&quot;,&quot;sizes&quot;:[]},&quot;cards_columns_tablet&quot;:&quot;3&quot;,&quot;cards_columns&quot;:&quot;3&quot;,&quot;cards_columns_mobile&quot;:&quot;1&quot;,&quot;cards_row_gap_tablet&quot;:{&quot;unit&quot;:&quot;px&quot;,&quot;size&quot;:&quot;&quot;,&quot;sizes&quot;:[]},&quot;cards_row_gap_mobile&quot;:{&quot;unit&quot;:&quot;px&quot;,&quot;size&quot;:&quot;&quot;,&quot;sizes&quot;:[]}}\" data-widget_type=\"posts.cards\">\n\t\t\t\t<div class=\"elementor-widget-container\">\n\t\t\t\t\t\t\t<div class=\"elementor-posts-container elementor-posts elementor-posts--skin-cards elementor-grid\" role=\"list\">\n\t\t\t\t<article class=\"elementor-post elementor-grid-item post-616 post type-post status-publish format-standard has-post-thumbnail hentry category-qui-sommes-nous tag-francais\" role=\"listitem\">\n\t\t\t<div class=\"elementor-post__card\">\n\t\t\t\t<a class=\"elementor-post__thumbnail__link\" href=\"https:\/\/jpic-assumpta.org\/index.php\/2010\/09\/21\/qui-sommes-nous-les-aa\/\" tabindex=\"-1\" ><div class=\"elementor-post__thumbnail\"><img loading=\"lazy\" decoding=\"async\" width=\"1044\" height=\"1089\" src=\"https:\/\/jpic-assumpta.org\/wp-content\/uploads\/2020\/02\/Logo-AA-2.jpg\" class=\"attachment-full size-full wp-image-617\" alt=\"\" srcset=\"https:\/\/jpic-assumpta.org\/wp-content\/uploads\/2020\/02\/Logo-AA-2.jpg 1044w, https:\/\/jpic-assumpta.org\/wp-content\/uploads\/2020\/02\/Logo-AA-2-288x300.jpg 288w, https:\/\/jpic-assumpta.org\/wp-content\/uploads\/2020\/02\/Logo-AA-2-982x1024.jpg 982w, https:\/\/jpic-assumpta.org\/wp-content\/uploads\/2020\/02\/Logo-AA-2-768x801.jpg 768w\" sizes=\"(max-width: 1044px) 100vw, 1044px\" \/><\/div><\/a>\n\t\t\t\t<div class=\"elementor-post__badge\">Fran\u00e7ais<\/div>\n\t\t\t\t<div class=\"elementor-post__text\">\n\t\t\t\t<h3 class=\"elementor-post__title\">\n\t\t\t<a href=\"https:\/\/jpic-assumpta.org\/index.php\/2010\/09\/21\/qui-sommes-nous-les-aa\/\" >\n\t\t\t\tQui sommes-nous, les AA ?\t\t\t<\/a>\n\t\t<\/h3>\n\t\t\t\t<div class=\"elementor-post__excerpt\">\n\t\t\t<p>Comment se vouloir des ap\u00f4tres du Royaume &#8211; Adveniat Regnum Tuum! &#8211; sans se porter l\u00e0 o\u00f9 le Christ n&rsquo;a gu\u00e8re encore \u00e9t\u00e9 annonc\u00e9 ?<\/p>\n\t\t<\/div>\n\t\t\t\t<\/div>\n\t\t\t\t\t<\/div>\n\t\t<\/article>\n\t\t\t\t<article class=\"elementor-post elementor-grid-item post-620 post type-post status-publish format-standard has-post-thumbnail hentry category-qui-sommes-nous tag-francais\" role=\"listitem\">\n\t\t\t<div class=\"elementor-post__card\">\n\t\t\t\t<a class=\"elementor-post__thumbnail__link\" href=\"https:\/\/jpic-assumpta.org\/index.php\/2010\/09\/21\/qui-sommes-nous-les-oa\/\" tabindex=\"-1\" ><div class=\"elementor-post__thumbnail\"><img loading=\"lazy\" decoding=\"async\" width=\"1080\" height=\"1080\" src=\"https:\/\/jpic-assumpta.org\/wp-content\/uploads\/2020\/02\/dsc_0309.jpg\" class=\"attachment-full size-full wp-image-621\" alt=\"\" srcset=\"https:\/\/jpic-assumpta.org\/wp-content\/uploads\/2020\/02\/dsc_0309.jpg 1080w, https:\/\/jpic-assumpta.org\/wp-content\/uploads\/2020\/02\/dsc_0309-300x300.jpg 300w, https:\/\/jpic-assumpta.org\/wp-content\/uploads\/2020\/02\/dsc_0309-1024x1024.jpg 1024w, https:\/\/jpic-assumpta.org\/wp-content\/uploads\/2020\/02\/dsc_0309-150x150.jpg 150w, https:\/\/jpic-assumpta.org\/wp-content\/uploads\/2020\/02\/dsc_0309-768x768.jpg 768w\" sizes=\"(max-width: 1080px) 100vw, 1080px\" \/><\/div><\/a>\n\t\t\t\t<div class=\"elementor-post__badge\">Fran\u00e7ais<\/div>\n\t\t\t\t<div class=\"elementor-post__text\">\n\t\t\t\t<h3 class=\"elementor-post__title\">\n\t\t\t<a href=\"https:\/\/jpic-assumpta.org\/index.php\/2010\/09\/21\/qui-sommes-nous-les-oa\/\" >\n\t\t\t\tQui sommes-nous, les OA ?\t\t\t<\/a>\n\t\t<\/h3>\n\t\t\t\t<div class=\"elementor-post__excerpt\">\n\t\t\t<p>des femmes de foi qui vivons une vie&nbsp;de&nbsp;contemplation&nbsp;et&nbsp;d\u2019action conduites par l\u2019amour du&nbsp;Christ, de la&nbsp;Vierge Marie&nbsp;et de&nbsp;l\u2019Eglise vivant dans des&nbsp;communaut\u00e9s&nbsp;internationales et interg\u00e9n\u00e9rationnelles, ayant un d\u00e9sir ardent<\/p>\n\t\t<\/div>\n\t\t\t\t<\/div>\n\t\t\t\t\t<\/div>\n\t\t<\/article>\n\t\t\t\t<article class=\"elementor-post elementor-grid-item post-625 post type-post status-publish format-standard has-post-thumbnail hentry category-qui-sommes-nous tag-francais\" role=\"listitem\">\n\t\t\t<div class=\"elementor-post__card\">\n\t\t\t\t<a class=\"elementor-post__thumbnail__link\" href=\"https:\/\/jpic-assumpta.org\/index.php\/2010\/09\/21\/qui-sommes-nous-les-ora\/\" tabindex=\"-1\" ><div class=\"elementor-post__thumbnail\"><img loading=\"lazy\" decoding=\"async\" width=\"242\" height=\"320\" src=\"https:\/\/jpic-assumpta.org\/wp-content\/uploads\/2010\/09\/391df2f085844d95d01b5ba0d5288d1c.jpg\" class=\"attachment-full size-full wp-image-627\" alt=\"\" srcset=\"https:\/\/jpic-assumpta.org\/wp-content\/uploads\/2010\/09\/391df2f085844d95d01b5ba0d5288d1c.jpg 242w, https:\/\/jpic-assumpta.org\/wp-content\/uploads\/2010\/09\/391df2f085844d95d01b5ba0d5288d1c-227x300.jpg 227w\" sizes=\"(max-width: 242px) 100vw, 242px\" \/><\/div><\/a>\n\t\t\t\t<div class=\"elementor-post__badge\">Fran\u00e7ais<\/div>\n\t\t\t\t<div class=\"elementor-post__text\">\n\t\t\t\t<h3 class=\"elementor-post__title\">\n\t\t\t<a href=\"https:\/\/jpic-assumpta.org\/index.php\/2010\/09\/21\/qui-sommes-nous-les-ora\/\" >\n\t\t\t\tQui sommes-nous, les OrA ?\t\t\t<\/a>\n\t\t<\/h3>\n\t\t\t\t<div class=\"elementor-post__excerpt\">\n\t\t\t<p>Notre mission dans l\u2019\u00c9glise est de continuer la pri\u00e8re ininterrompue et unanime de la Vierge Marie et les premiers disciples.&nbsp;M.&nbsp;Isabelle a voulu pour nous une<\/p>\n\t\t<\/div>\n\t\t\t\t<\/div>\n\t\t\t\t\t<\/div>\n\t\t<\/article>\n\t\t\t\t<\/div>\n\t\t\n\t\t\t\t\t\t<\/div>\n\t\t\t\t<\/div>\n\t\t\t\t\t<\/div>\n\t\t<\/div>\n\t\t\t\t\t<\/div>\n\t\t<\/section>\n\t\t\t\t<section class=\"elementor-section elementor-top-section elementor-element elementor-element-33464ca elementor-section-height-min-height elementor-section-items-stretch elementor-section-boxed elementor-section-height-default\" data-id=\"33464ca\" data-element_type=\"section\" data-e-type=\"section\" data-settings=\"{&quot;motion_fx_motion_fx_scrolling&quot;:&quot;yes&quot;,&quot;motion_fx_translateY_effect&quot;:&quot;yes&quot;,&quot;motion_fx_translateY_direction&quot;:&quot;negative&quot;,&quot;motion_fx_translateY_speed&quot;:{&quot;unit&quot;:&quot;px&quot;,&quot;size&quot;:&quot;1&quot;,&quot;sizes&quot;:[]},&quot;motion_fx_translateY_affectedRange&quot;:{&quot;unit&quot;:&quot;%&quot;,&quot;size&quot;:&quot;&quot;,&quot;sizes&quot;:{&quot;start&quot;:0,&quot;end&quot;:100}},&quot;motion_fx_devices&quot;:[&quot;desktop&quot;,&quot;tablet&quot;,&quot;mobile&quot;]}\">\n\t\t\t\t\t\t<div class=\"elementor-container elementor-column-gap-default\">\n\t\t\t\t\t<div class=\"elementor-column elementor-col-100 elementor-top-column elementor-element elementor-element-22ba8ee2\" data-id=\"22ba8ee2\" data-element_type=\"column\" data-e-type=\"column\" data-settings=\"{&quot;background_background&quot;:&quot;classic&quot;}\">\n\t\t\t<div class=\"elementor-widget-wrap elementor-element-populated\">\n\t\t\t\t\t\t<section class=\"elementor-section elementor-inner-section elementor-element elementor-element-70c78dde elementor-section-boxed elementor-section-height-default elementor-section-height-default\" data-id=\"70c78dde\" data-element_type=\"section\" data-e-type=\"section\">\n\t\t\t\t\t\t<div class=\"elementor-container elementor-column-gap-default\">\n\t\t\t\t\t<div class=\"elementor-column elementor-col-50 elementor-inner-column elementor-element elementor-element-7757d24d\" data-id=\"7757d24d\" data-element_type=\"column\" data-e-type=\"column\">\n\t\t\t<div class=\"elementor-widget-wrap elementor-element-populated\">\n\t\t\t\t\t\t<div class=\"elementor-element elementor-element-48fb0211 elementor-widget elementor-widget-heading\" data-id=\"48fb0211\" data-element_type=\"widget\" data-e-type=\"widget\" data-widget_type=\"heading.default\">\n\t\t\t\t<div class=\"elementor-widget-container\">\n\t\t\t\t\t<h3 class=\"elementor-heading-title elementor-size-default\">S'abonner \u00e0 notre bulletin d'information<\/h3>\t\t\t\t<\/div>\n\t\t\t\t<\/div>\n\t\t\t\t<div class=\"elementor-element elementor-element-5e4a7229 elementor-widget elementor-widget-heading\" data-id=\"5e4a7229\" data-element_type=\"widget\" data-e-type=\"widget\" data-widget_type=\"heading.default\">\n\t\t\t\t<div class=\"elementor-widget-container\">\n\t\t\t\t\t<h2 class=\"elementor-heading-title elementor-size-default\">JPIC<\/h2>\t\t\t\t<\/div>\n\t\t\t\t<\/div>\n\t\t\t\t\t<\/div>\n\t\t<\/div>\n\t\t\t\t<div class=\"elementor-column elementor-col-50 elementor-inner-column elementor-element elementor-element-7d249ae2\" data-id=\"7d249ae2\" data-element_type=\"column\" data-e-type=\"column\">\n\t\t\t<div class=\"elementor-widget-wrap elementor-element-populated\">\n\t\t\t\t\t\t<div class=\"elementor-element elementor-element-683e9ac4 elementor-button-align-stretch elementor-widget elementor-widget-form\" data-id=\"683e9ac4\" data-element_type=\"widget\" data-e-type=\"widget\" data-settings=\"{&quot;button_width&quot;:&quot;33&quot;,&quot;step_next_label&quot;:&quot;Suivant&quot;,&quot;step_previous_label&quot;:&quot;Pr\\u00e9c\\u00e9dent&quot;,&quot;step_type&quot;:&quot;number_text&quot;,&quot;step_icon_shape&quot;:&quot;circle&quot;}\" data-widget_type=\"form.default\">\n\t\t\t\t<div class=\"elementor-widget-container\">\n\t\t\t\t\t\t\t<form class=\"elementor-form\" method=\"post\" name=\"New Form\" aria-label=\"New Form\">\n\t\t\t<input type=\"hidden\" name=\"post_id\" value=\"509\"\/>\n\t\t\t<input type=\"hidden\" name=\"form_id\" value=\"683e9ac4\"\/>\n\t\t\t<input type=\"hidden\" name=\"referer_title\" value=\"\" \/>\n\n\t\t\t\n\t\t\t<div class=\"elementor-form-fields-wrapper elementor-labels-\">\n\t\t\t\t\t\t\t\t<div class=\"elementor-field-type-email elementor-field-group elementor-column elementor-field-group-name elementor-col-66 elementor-field-required\">\n\t\t\t\t\t\t\t\t\t\t\t\t<label for=\"form-field-name\" class=\"elementor-field-label elementor-screen-only\">\n\t\t\t\t\t\t\t\tEmail Address\t\t\t\t\t\t\t<\/label>\n\t\t\t\t\t\t\t\t\t\t\t\t\t\t<input size=\"1\" type=\"email\" name=\"form_fields[name]\" id=\"form-field-name\" class=\"elementor-field elementor-size-sm  elementor-field-textual\" placeholder=\"votre courrier\" required=\"required\">\n\t\t\t\t\t\t\t\t\t\t\t<\/div>\n\t\t\t\t\t\t\t\t<div class=\"elementor-field-group elementor-column elementor-field-type-submit elementor-col-33 e-form__buttons\">\n\t\t\t\t\t<button class=\"elementor-button elementor-size-sm\" type=\"submit\">\n\t\t\t\t\t\t<span class=\"elementor-button-content-wrapper\">\n\t\t\t\t\t\t\t\t\t\t\t\t\t\t\t<span class=\"elementor-button-icon\">\n\t\t\t\t\t\t\t\t\t<i aria-hidden=\"true\" class=\"fas fa-caret-right\"><\/i>\t\t\t\t\t\t\t\t\t\t\t\t\t\t\t\t\t<\/span>\n\t\t\t\t\t\t\t\t\t\t\t\t\t\t\t\t\t\t\t\t\t\t<span class=\"elementor-button-text\">Envoyer<\/span>\n\t\t\t\t\t\t\t\t\t\t\t\t\t<\/span>\n\t\t\t\t\t<\/button>\n\t\t\t\t<\/div>\n\t\t\t<\/div>\n\t\t<\/form>\n\t\t\t\t\t\t<\/div>\n\t\t\t\t<\/div>\n\t\t\t\t\t<\/div>\n\t\t<\/div>\n\t\t\t\t\t<\/div>\n\t\t<\/section>\n\t\t\t\t\t<\/div>\n\t\t<\/div>\n\t\t\t\t\t<\/div>\n\t\t<\/section>\n\t\t\t\t<\/div>\n\t\t","protected":false},"excerpt":{"rendered":"<p>Qui sommes-nous ? S&rsquo;abonner \u00e0 notre bulletin d&rsquo;information JPIC<\/p>\n","protected":false},"author":1,"featured_media":0,"parent":0,"menu_order":0,"comment_status":"closed","ping_status":"closed","template":"","meta":{"footnotes":""},"class_list":["post-509","page","type-page","status-publish","hentry"],"_links":{"self":[{"href":"https:\/\/jpic-assumpta.org\/index.php\/wp-json\/wp\/v2\/pages\/509","targetHints":{"allow":["GET"]}}],"collection":[{"href":"https:\/\/jpic-assumpta.org\/index.php\/wp-json\/wp\/v2\/pages"}],"about":[{"href":"https:\/\/jpic-assumpta.org\/index.php\/wp-json\/wp\/v2\/types\/page"}],"author":[{"embeddable":true,"href":"https:\/\/jpic-assumpta.org\/index.php\/wp-json\/wp\/v2\/users\/1"}],"replies":[{"embeddable":true,"href":"https:\/\/jpic-assumpta.org\/index.php\/wp-json\/wp\/v2\/comments?post=509"}],"version-history":[{"count":18,"href":"https:\/\/jpic-assumpta.org\/index.php\/wp-json\/wp\/v2\/pages\/509\/revisions"}],"predecessor-version":[{"id":776,"href":"https:\/\/jpic-assumpta.org\/index.php\/wp-json\/wp\/v2\/pages\/509\/revisions\/776"}],"wp:attachment":[{"href":"https:\/\/jpic-assumpta.org\/index.php\/wp-json\/wp\/v2\/media?parent=509"}],"curies":[{"name":"wp","href":"https:\/\/api.w.org\/{rel}","templated":true}]}}