{"id":435,"date":"2020-01-28T08:50:14","date_gmt":"2020-01-28T08:50:14","guid":{"rendered":"https:\/\/jpic-assumpta.org\/?page_id=435"},"modified":"2020-02-18T11:33:55","modified_gmt":"2020-02-18T11:33:55","slug":"formation","status":"publish","type":"page","link":"https:\/\/jpic-assumpta.org\/index.php\/formation\/","title":{"rendered":"Formation"},"content":{"rendered":"\t\t<div data-elementor-type=\"wp-page\" data-elementor-id=\"435\" class=\"elementor elementor-435\" data-elementor-post-type=\"page\">\n\t\t\t\t\t\t<section class=\"elementor-section elementor-top-section elementor-element elementor-element-27e7a359 elementor-section-height-min-height elementor-section-full_width elementor-section-height-default elementor-section-items-middle\" data-id=\"27e7a359\" data-element_type=\"section\" data-e-type=\"section\" data-settings=\"{&quot;background_background&quot;:&quot;classic&quot;}\">\n\t\t\t\t\t\t<div class=\"elementor-container elementor-column-gap-default\">\n\t\t\t\t\t<div class=\"elementor-column elementor-col-100 elementor-top-column elementor-element elementor-element-1ec39a97\" data-id=\"1ec39a97\" data-element_type=\"column\" data-e-type=\"column\">\n\t\t\t<div class=\"elementor-widget-wrap elementor-element-populated\">\n\t\t\t\t\t\t<div class=\"elementor-element elementor-element-6c9968fe elementor-widget elementor-widget-heading\" data-id=\"6c9968fe\" data-element_type=\"widget\" data-e-type=\"widget\" data-widget_type=\"heading.default\">\n\t\t\t\t<div class=\"elementor-widget-container\">\n\t\t\t\t\t<h1 class=\"elementor-heading-title elementor-size-default\">Formation<\/h1>\t\t\t\t<\/div>\n\t\t\t\t<\/div>\n\t\t\t\t\t<\/div>\n\t\t<\/div>\n\t\t\t\t\t<\/div>\n\t\t<\/section>\n\t\t\t\t<section class=\"elementor-section elementor-top-section elementor-element elementor-element-3921cdb9 elementor-section-full_width elementor-section-height-default elementor-section-height-default\" data-id=\"3921cdb9\" data-element_type=\"section\" data-e-type=\"section\" data-settings=\"{&quot;background_background&quot;:&quot;classic&quot;}\">\n\t\t\t\t\t\t<div class=\"elementor-container elementor-column-gap-default\">\n\t\t\t\t\t<div class=\"elementor-column elementor-col-100 elementor-top-column elementor-element elementor-element-7f48d4b1\" data-id=\"7f48d4b1\" data-element_type=\"column\" data-e-type=\"column\">\n\t\t\t<div class=\"elementor-widget-wrap elementor-element-populated\">\n\t\t\t\t\t\t<div class=\"elementor-element elementor-element-5c8fba08 elementor-posts--align-left elementor-grid-3 elementor-grid-tablet-2 elementor-grid-mobile-1 elementor-posts--thumbnail-top elementor-posts__hover-gradient elementor-widget elementor-widget-posts\" data-id=\"5c8fba08\" data-element_type=\"widget\" data-e-type=\"widget\" data-settings=\"{&quot;cards_row_gap&quot;:{&quot;unit&quot;:&quot;px&quot;,&quot;size&quot;:60,&quot;sizes&quot;:[]},&quot;pagination_type&quot;:&quot;numbers&quot;,&quot;cards_columns&quot;:&quot;3&quot;,&quot;cards_columns_tablet&quot;:&quot;2&quot;,&quot;cards_columns_mobile&quot;:&quot;1&quot;,&quot;cards_row_gap_tablet&quot;:{&quot;unit&quot;:&quot;px&quot;,&quot;size&quot;:&quot;&quot;,&quot;sizes&quot;:[]},&quot;cards_row_gap_mobile&quot;:{&quot;unit&quot;:&quot;px&quot;,&quot;size&quot;:&quot;&quot;,&quot;sizes&quot;:[]}}\" data-widget_type=\"posts.cards\">\n\t\t\t\t<div class=\"elementor-widget-container\">\n\t\t\t\t\t\t\t<div class=\"elementor-posts-container elementor-posts elementor-posts--skin-cards elementor-grid\" role=\"list\">\n\t\t\t\t<article class=\"elementor-post elementor-grid-item post-2645 post type-post status-publish format-standard has-post-thumbnail hentry category-session-de-migration-2025 tag-espanol\" role=\"listitem\">\n\t\t\t<div class=\"elementor-post__card\">\n\t\t\t\t<a class=\"elementor-post__thumbnail__link\" href=\"https:\/\/jpic-assumpta.org\/index.php\/2025\/07\/14\/sesion-jpic-dia-5\/\" tabindex=\"-1\" ><div class=\"elementor-post__thumbnail\"><img fetchpriority=\"high\" decoding=\"async\" width=\"300\" height=\"257\" src=\"https:\/\/jpic-assumpta.org\/wp-content\/uploads\/2025\/07\/IMG-20250711-WA0000-1-300x257.jpg\" class=\"attachment-medium size-medium wp-image-2648\" alt=\"\" srcset=\"https:\/\/jpic-assumpta.org\/wp-content\/uploads\/2025\/07\/IMG-20250711-WA0000-1-300x257.jpg 300w, https:\/\/jpic-assumpta.org\/wp-content\/uploads\/2025\/07\/IMG-20250711-WA0000-1-1024x876.jpg 1024w, https:\/\/jpic-assumpta.org\/wp-content\/uploads\/2025\/07\/IMG-20250711-WA0000-1-768x657.jpg 768w, https:\/\/jpic-assumpta.org\/wp-content\/uploads\/2025\/07\/IMG-20250711-WA0000-1.jpg 1525w\" sizes=\"(max-width: 300px) 100vw, 300px\" \/><\/div><\/a>\n\t\t\t\t<div class=\"elementor-post__badge\">Espa\u00f1ol<\/div>\n\t\t\t\t<div class=\"elementor-post__text\">\n\t\t\t\t<h3 class=\"elementor-post__title\">\n\t\t\t<a href=\"https:\/\/jpic-assumpta.org\/index.php\/2025\/07\/14\/sesion-jpic-dia-5\/\" >\n\t\t\t\tSesi\u00f3n JPIC &#8211; D\u00eda 5\t\t\t<\/a>\n\t\t<\/h3>\n\t\t\t\t<div class=\"elementor-post__excerpt\">\n\t\t\t<p>Panel: Cada Congregaci\u00f3n presenta las orientaciones JPIC, del Cap\u00edtulo General de la Familia de la Asunci\u00f3n (2022-2024)<\/p>\n\t\t<\/div>\n\t\t\n\t\t<a class=\"elementor-post__read-more\" href=\"https:\/\/jpic-assumpta.org\/index.php\/2025\/07\/14\/sesion-jpic-dia-5\/\" aria-label=\"En savoir plus sur Sesi\u00f3n JPIC &#8211; D\u00eda 5\" tabindex=\"-1\" >\n\t\t\tContinuer \u00e0 lire\t\t<\/a>\n\n\t\t\t\t<\/div>\n\t\t\t\t<div class=\"elementor-post__meta-data\">\n\t\t\t\t\t<span class=\"elementor-post-date\">\n\t\t\tjuillet 14, 2025\t\t<\/span>\n\t\t\t\t<\/div>\n\t\t\t\t\t<\/div>\n\t\t<\/article>\n\t\t\t\t<article class=\"elementor-post elementor-grid-item post-2642 post type-post status-publish format-standard has-post-thumbnail hentry category-session-de-migration-2025 tag-english\" role=\"listitem\">\n\t\t\t<div class=\"elementor-post__card\">\n\t\t\t\t<a class=\"elementor-post__thumbnail__link\" href=\"https:\/\/jpic-assumpta.org\/index.php\/2025\/07\/14\/jpic-session-day-5\/\" tabindex=\"-1\" ><div class=\"elementor-post__thumbnail\"><img decoding=\"async\" width=\"300\" height=\"225\" src=\"https:\/\/jpic-assumpta.org\/wp-content\/uploads\/2025\/07\/IMG-20250711-WA0004-300x225.jpg\" class=\"attachment-medium size-medium wp-image-2573\" alt=\"\" srcset=\"https:\/\/jpic-assumpta.org\/wp-content\/uploads\/2025\/07\/IMG-20250711-WA0004-300x225.jpg 300w, https:\/\/jpic-assumpta.org\/wp-content\/uploads\/2025\/07\/IMG-20250711-WA0004-1024x768.jpg 1024w, https:\/\/jpic-assumpta.org\/wp-content\/uploads\/2025\/07\/IMG-20250711-WA0004-768x576.jpg 768w, https:\/\/jpic-assumpta.org\/wp-content\/uploads\/2025\/07\/IMG-20250711-WA0004-1536x1152.jpg 1536w, https:\/\/jpic-assumpta.org\/wp-content\/uploads\/2025\/07\/IMG-20250711-WA0004.jpg 2040w\" sizes=\"(max-width: 300px) 100vw, 300px\" \/><\/div><\/a>\n\t\t\t\t<div class=\"elementor-post__badge\">English<\/div>\n\t\t\t\t<div class=\"elementor-post__text\">\n\t\t\t\t<h3 class=\"elementor-post__title\">\n\t\t\t<a href=\"https:\/\/jpic-assumpta.org\/index.php\/2025\/07\/14\/jpic-session-day-5\/\" >\n\t\t\t\tJPIC Session &#8211; Day 5\t\t\t<\/a>\n\t\t<\/h3>\n\t\t\t\t<div class=\"elementor-post__excerpt\">\n\t\t\t<p>Panel: Each Congregation presents the orientations with a JPIC approach, from the General Chapter of the Assumption Family (2022-2024).<\/p>\n\t\t<\/div>\n\t\t\n\t\t<a class=\"elementor-post__read-more\" href=\"https:\/\/jpic-assumpta.org\/index.php\/2025\/07\/14\/jpic-session-day-5\/\" aria-label=\"En savoir plus sur JPIC Session &#8211; Day 5\" tabindex=\"-1\" >\n\t\t\tContinuer \u00e0 lire\t\t<\/a>\n\n\t\t\t\t<\/div>\n\t\t\t\t<div class=\"elementor-post__meta-data\">\n\t\t\t\t\t<span class=\"elementor-post-date\">\n\t\t\tjuillet 14, 2025\t\t<\/span>\n\t\t\t\t<\/div>\n\t\t\t\t\t<\/div>\n\t\t<\/article>\n\t\t\t\t<article class=\"elementor-post elementor-grid-item post-2640 post type-post status-publish format-standard has-post-thumbnail hentry category-session-de-migration-2025 tag-francais\" role=\"listitem\">\n\t\t\t<div class=\"elementor-post__card\">\n\t\t\t\t<a class=\"elementor-post__thumbnail__link\" href=\"https:\/\/jpic-assumpta.org\/index.php\/2025\/07\/14\/session-jpic-jour-5\/\" tabindex=\"-1\" ><div class=\"elementor-post__thumbnail\"><img decoding=\"async\" width=\"300\" height=\"218\" src=\"https:\/\/jpic-assumpta.org\/wp-content\/uploads\/2025\/07\/Signeass-300x218.jpg\" class=\"attachment-medium size-medium wp-image-2511\" alt=\"\" srcset=\"https:\/\/jpic-assumpta.org\/wp-content\/uploads\/2025\/07\/Signeass-300x218.jpg 300w, https:\/\/jpic-assumpta.org\/wp-content\/uploads\/2025\/07\/Signeass.jpg 579w\" sizes=\"(max-width: 300px) 100vw, 300px\" \/><\/div><\/a>\n\t\t\t\t<div class=\"elementor-post__badge\">Fran\u00e7ais<\/div>\n\t\t\t\t<div class=\"elementor-post__text\">\n\t\t\t\t<h3 class=\"elementor-post__title\">\n\t\t\t<a href=\"https:\/\/jpic-assumpta.org\/index.php\/2025\/07\/14\/session-jpic-jour-5\/\" >\n\t\t\t\tSession JPIC &#8211; Jour 5\t\t\t<\/a>\n\t\t<\/h3>\n\t\t\t\t<div class=\"elementor-post__excerpt\">\n\t\t\t<p>Fil rouge 11 juillet 2025 SIJPIC Paris, France Cinqui\u00e8me jour de la session \u00a0\u00a0\u00a0\u00a0 AGIR Orientations g\u00e9n\u00e9rales des chapitres g\u00e9n\u00e9raux et engagements JPIC Le cinqui\u00e8me<\/p>\n\t\t<\/div>\n\t\t\n\t\t<a class=\"elementor-post__read-more\" href=\"https:\/\/jpic-assumpta.org\/index.php\/2025\/07\/14\/session-jpic-jour-5\/\" aria-label=\"En savoir plus sur Session JPIC &#8211; Jour 5\" tabindex=\"-1\" >\n\t\t\tContinuer \u00e0 lire\t\t<\/a>\n\n\t\t\t\t<\/div>\n\t\t\t\t<div class=\"elementor-post__meta-data\">\n\t\t\t\t\t<span class=\"elementor-post-date\">\n\t\t\tjuillet 14, 2025\t\t<\/span>\n\t\t\t\t<\/div>\n\t\t\t\t\t<\/div>\n\t\t<\/article>\n\t\t\t\t<article class=\"elementor-post elementor-grid-item post-2555 post type-post status-publish format-standard has-post-thumbnail hentry category-session-de-migration-2025 tag-english\" role=\"listitem\">\n\t\t\t<div class=\"elementor-post__card\">\n\t\t\t\t<a class=\"elementor-post__thumbnail__link\" href=\"https:\/\/jpic-assumpta.org\/index.php\/2025\/07\/12\/jpic-session-day-4\/\" tabindex=\"-1\" ><div class=\"elementor-post__thumbnail\"><img loading=\"lazy\" decoding=\"async\" width=\"300\" height=\"168\" src=\"https:\/\/jpic-assumpta.org\/wp-content\/uploads\/2025\/07\/jesus-spiritual-grace-extending-blessing-hands_841543-49364-300x168.jpg\" class=\"attachment-medium size-medium wp-image-2558\" alt=\"\" srcset=\"https:\/\/jpic-assumpta.org\/wp-content\/uploads\/2025\/07\/jesus-spiritual-grace-extending-blessing-hands_841543-49364-300x168.jpg 300w, https:\/\/jpic-assumpta.org\/wp-content\/uploads\/2025\/07\/jesus-spiritual-grace-extending-blessing-hands_841543-49364.jpg 740w\" sizes=\"(max-width: 300px) 100vw, 300px\" \/><\/div><\/a>\n\t\t\t\t<div class=\"elementor-post__badge\">English<\/div>\n\t\t\t\t<div class=\"elementor-post__text\">\n\t\t\t\t<h3 class=\"elementor-post__title\">\n\t\t\t<a href=\"https:\/\/jpic-assumpta.org\/index.php\/2025\/07\/12\/jpic-session-day-4\/\" >\n\t\t\t\tJPIC Session &#8211; Day 4\t\t\t<\/a>\n\t\t<\/h3>\n\t\t\t\t<div class=\"elementor-post__excerpt\">\n\t\t\t<p>\u201cPriest, Prophet and King, for a committed Hope in the face of collapse\u201d. Already in the morning, at 10 a.m., the organizing team of the<\/p>\n\t\t<\/div>\n\t\t\n\t\t<a class=\"elementor-post__read-more\" href=\"https:\/\/jpic-assumpta.org\/index.php\/2025\/07\/12\/jpic-session-day-4\/\" aria-label=\"En savoir plus sur JPIC Session &#8211; Day 4\" tabindex=\"-1\" >\n\t\t\tContinuer \u00e0 lire\t\t<\/a>\n\n\t\t\t\t<\/div>\n\t\t\t\t<div class=\"elementor-post__meta-data\">\n\t\t\t\t\t<span class=\"elementor-post-date\">\n\t\t\tjuillet 12, 2025\t\t<\/span>\n\t\t\t\t<\/div>\n\t\t\t\t\t<\/div>\n\t\t<\/article>\n\t\t\t\t<article class=\"elementor-post elementor-grid-item post-2551 post type-post status-publish format-standard has-post-thumbnail hentry category-session-de-migration-2025 tag-espanol\" role=\"listitem\">\n\t\t\t<div class=\"elementor-post__card\">\n\t\t\t\t<a class=\"elementor-post__thumbnail__link\" href=\"https:\/\/jpic-assumpta.org\/index.php\/2025\/07\/11\/sesion-jpic-dia-4\/\" tabindex=\"-1\" ><div class=\"elementor-post__thumbnail\"><img loading=\"lazy\" decoding=\"async\" width=\"300\" height=\"158\" src=\"https:\/\/jpic-assumpta.org\/wp-content\/uploads\/2025\/07\/Jesus_Christ_Image_067-300x158.jpg\" class=\"attachment-medium size-medium wp-image-2552\" alt=\"\" srcset=\"https:\/\/jpic-assumpta.org\/wp-content\/uploads\/2025\/07\/Jesus_Christ_Image_067-300x158.jpg 300w, https:\/\/jpic-assumpta.org\/wp-content\/uploads\/2025\/07\/Jesus_Christ_Image_067-768x403.jpg 768w, https:\/\/jpic-assumpta.org\/wp-content\/uploads\/2025\/07\/Jesus_Christ_Image_067.jpg 800w\" sizes=\"(max-width: 300px) 100vw, 300px\" \/><\/div><\/a>\n\t\t\t\t<div class=\"elementor-post__badge\">Espa\u00f1ol<\/div>\n\t\t\t\t<div class=\"elementor-post__text\">\n\t\t\t\t<h3 class=\"elementor-post__title\">\n\t\t\t<a href=\"https:\/\/jpic-assumpta.org\/index.php\/2025\/07\/11\/sesion-jpic-dia-4\/\" >\n\t\t\t\tSesi\u00f3n JPIC &#8211; D\u00eda 4\t\t\t<\/a>\n\t\t<\/h3>\n\t\t\t\t<div class=\"elementor-post__excerpt\">\n\t\t\t<p>\u00abSacerdote, Profeta y Rey, por una Esperanza comprometida ante el colapso\u00bb Cuarta jornada: \u00abSacerdote, Profeta y Rey, por una Esperanza comprometida ante el colapso\u00bb Ya<\/p>\n\t\t<\/div>\n\t\t\n\t\t<a class=\"elementor-post__read-more\" href=\"https:\/\/jpic-assumpta.org\/index.php\/2025\/07\/11\/sesion-jpic-dia-4\/\" aria-label=\"En savoir plus sur Sesi\u00f3n JPIC &#8211; D\u00eda 4\" tabindex=\"-1\" >\n\t\t\tContinuer \u00e0 lire\t\t<\/a>\n\n\t\t\t\t<\/div>\n\t\t\t\t<div class=\"elementor-post__meta-data\">\n\t\t\t\t\t<span class=\"elementor-post-date\">\n\t\t\tjuillet 11, 2025\t\t<\/span>\n\t\t\t\t<\/div>\n\t\t\t\t\t<\/div>\n\t\t<\/article>\n\t\t\t\t<article class=\"elementor-post elementor-grid-item post-2546 post type-post status-publish format-standard has-post-thumbnail hentry category-session-de-migration-2025 tag-francais\" role=\"listitem\">\n\t\t\t<div class=\"elementor-post__card\">\n\t\t\t\t<a class=\"elementor-post__thumbnail__link\" href=\"https:\/\/jpic-assumpta.org\/index.php\/2025\/07\/11\/session-jpic-jour-4-francais\/\" tabindex=\"-1\" ><div class=\"elementor-post__thumbnail\"><img loading=\"lazy\" decoding=\"async\" width=\"300\" height=\"170\" src=\"https:\/\/jpic-assumpta.org\/wp-content\/uploads\/2025\/07\/pinhas-1021x580-1-300x170.jpg\" class=\"attachment-medium size-medium wp-image-2547\" alt=\"\" srcset=\"https:\/\/jpic-assumpta.org\/wp-content\/uploads\/2025\/07\/pinhas-1021x580-1-300x170.jpg 300w, https:\/\/jpic-assumpta.org\/wp-content\/uploads\/2025\/07\/pinhas-1021x580-1-768x436.jpg 768w, https:\/\/jpic-assumpta.org\/wp-content\/uploads\/2025\/07\/pinhas-1021x580-1.jpg 1021w\" sizes=\"(max-width: 300px) 100vw, 300px\" \/><\/div><\/a>\n\t\t\t\t<div class=\"elementor-post__badge\">Fran\u00e7ais<\/div>\n\t\t\t\t<div class=\"elementor-post__text\">\n\t\t\t\t<h3 class=\"elementor-post__title\">\n\t\t\t<a href=\"https:\/\/jpic-assumpta.org\/index.php\/2025\/07\/11\/session-jpic-jour-4-francais\/\" >\n\t\t\t\tSession JPIC &#8211; Jour 4 (Fran\u00e7ais)\t\t\t<\/a>\n\t\t<\/h3>\n\t\t\t\t<div class=\"elementor-post__excerpt\">\n\t\t\t<p>Fil rouge 10 juillet 2025 SIJPIC Paris, France Quatri\u00e8me jour de la session \u00ab&nbsp;Pr\u00eatre, Proph\u00e8te et Roi, pour une Esp\u00e9rance engag\u00e9e face aux effondrements&nbsp;\u00bb D\u00e9j\u00e0<\/p>\n\t\t<\/div>\n\t\t\n\t\t<a class=\"elementor-post__read-more\" href=\"https:\/\/jpic-assumpta.org\/index.php\/2025\/07\/11\/session-jpic-jour-4-francais\/\" aria-label=\"En savoir plus sur Session JPIC &#8211; Jour 4 (Fran\u00e7ais)\" tabindex=\"-1\" >\n\t\t\tContinuer \u00e0 lire\t\t<\/a>\n\n\t\t\t\t<\/div>\n\t\t\t\t<div class=\"elementor-post__meta-data\">\n\t\t\t\t\t<span class=\"elementor-post-date\">\n\t\t\tjuillet 11, 2025\t\t<\/span>\n\t\t\t\t<\/div>\n\t\t\t\t\t<\/div>\n\t\t<\/article>\n\t\t\t\t<article class=\"elementor-post elementor-grid-item post-2542 post type-post status-publish format-standard has-post-thumbnail hentry category-session-de-migration-2025 tag-english\" role=\"listitem\">\n\t\t\t<div class=\"elementor-post__card\">\n\t\t\t\t<a class=\"elementor-post__thumbnail__link\" href=\"https:\/\/jpic-assumpta.org\/index.php\/2025\/07\/11\/session-jpic-jour-3-english\/\" tabindex=\"-1\" ><div class=\"elementor-post__thumbnail\"><img loading=\"lazy\" decoding=\"async\" width=\"300\" height=\"200\" src=\"https:\/\/jpic-assumpta.org\/wp-content\/uploads\/2025\/07\/SHUTTERSTOCK-Credit-Vegetation-contrast-300x200.jpg\" class=\"attachment-medium size-medium wp-image-2543\" alt=\"\" srcset=\"https:\/\/jpic-assumpta.org\/wp-content\/uploads\/2025\/07\/SHUTTERSTOCK-Credit-Vegetation-contrast-300x200.jpg 300w, https:\/\/jpic-assumpta.org\/wp-content\/uploads\/2025\/07\/SHUTTERSTOCK-Credit-Vegetation-contrast-1024x683.jpg 1024w, https:\/\/jpic-assumpta.org\/wp-content\/uploads\/2025\/07\/SHUTTERSTOCK-Credit-Vegetation-contrast-768x512.jpg 768w, https:\/\/jpic-assumpta.org\/wp-content\/uploads\/2025\/07\/SHUTTERSTOCK-Credit-Vegetation-contrast-1536x1024.jpg 1536w, https:\/\/jpic-assumpta.org\/wp-content\/uploads\/2025\/07\/SHUTTERSTOCK-Credit-Vegetation-contrast.jpg 1620w\" sizes=\"(max-width: 300px) 100vw, 300px\" \/><\/div><\/a>\n\t\t\t\t<div class=\"elementor-post__badge\">English<\/div>\n\t\t\t\t<div class=\"elementor-post__text\">\n\t\t\t\t<h3 class=\"elementor-post__title\">\n\t\t\t<a href=\"https:\/\/jpic-assumpta.org\/index.php\/2025\/07\/11\/session-jpic-jour-3-english\/\" >\n\t\t\t\tSession JPIC &#8211; Jour 3 (English)\t\t\t<\/a>\n\t\t<\/h3>\n\t\t\t\t<div class=\"elementor-post__excerpt\">\n\t\t\t<p>No one is really safe when the common home is destroyed.<\/p>\n\t\t<\/div>\n\t\t\n\t\t<a class=\"elementor-post__read-more\" href=\"https:\/\/jpic-assumpta.org\/index.php\/2025\/07\/11\/session-jpic-jour-3-english\/\" aria-label=\"En savoir plus sur Session JPIC &#8211; Jour 3 (English)\" tabindex=\"-1\" >\n\t\t\tContinuer \u00e0 lire\t\t<\/a>\n\n\t\t\t\t<\/div>\n\t\t\t\t<div class=\"elementor-post__meta-data\">\n\t\t\t\t\t<span class=\"elementor-post-date\">\n\t\t\tjuillet 11, 2025\t\t<\/span>\n\t\t\t\t<\/div>\n\t\t\t\t\t<\/div>\n\t\t<\/article>\n\t\t\t\t<article class=\"elementor-post elementor-grid-item post-2535 post type-post status-publish format-standard has-post-thumbnail hentry category-session-de-migration-2025 tag-espanol\" role=\"listitem\">\n\t\t\t<div class=\"elementor-post__card\">\n\t\t\t\t<a class=\"elementor-post__thumbnail__link\" href=\"https:\/\/jpic-assumpta.org\/index.php\/2025\/07\/11\/session-jpic-jour-3-spanish\/\" tabindex=\"-1\" ><div class=\"elementor-post__thumbnail\"><img loading=\"lazy\" decoding=\"async\" width=\"300\" height=\"175\" src=\"https:\/\/jpic-assumpta.org\/wp-content\/uploads\/2025\/07\/ClimateChange-300x175.png\" class=\"attachment-medium size-medium wp-image-2536\" alt=\"\" srcset=\"https:\/\/jpic-assumpta.org\/wp-content\/uploads\/2025\/07\/ClimateChange-300x175.png 300w, https:\/\/jpic-assumpta.org\/wp-content\/uploads\/2025\/07\/ClimateChange-1024x598.png 1024w, https:\/\/jpic-assumpta.org\/wp-content\/uploads\/2025\/07\/ClimateChange-768x449.png 768w, https:\/\/jpic-assumpta.org\/wp-content\/uploads\/2025\/07\/ClimateChange.png 1075w\" sizes=\"(max-width: 300px) 100vw, 300px\" \/><\/div><\/a>\n\t\t\t\t<div class=\"elementor-post__badge\">Espa\u00f1ol<\/div>\n\t\t\t\t<div class=\"elementor-post__text\">\n\t\t\t\t<h3 class=\"elementor-post__title\">\n\t\t\t<a href=\"https:\/\/jpic-assumpta.org\/index.php\/2025\/07\/11\/session-jpic-jour-3-spanish\/\" >\n\t\t\t\tSession JPIC &#8211; Jour 3 (Spanish)\t\t\t<\/a>\n\t\t<\/h3>\n\t\t\t\t<div class=\"elementor-post__excerpt\">\n\t\t\t<p>NADIE EST\u00c1 REALMENTE A SALVO CUANDO LA CASA COM\u00daN SE DESTRUY El tercer d\u00eda de nuestro encuentro, despu\u00e9s de profundizar sobre la ecolog\u00edaintegral desde dos<\/p>\n\t\t<\/div>\n\t\t\n\t\t<a class=\"elementor-post__read-more\" href=\"https:\/\/jpic-assumpta.org\/index.php\/2025\/07\/11\/session-jpic-jour-3-spanish\/\" aria-label=\"En savoir plus sur Session JPIC &#8211; Jour 3 (Spanish)\" tabindex=\"-1\" >\n\t\t\tContinuer \u00e0 lire\t\t<\/a>\n\n\t\t\t\t<\/div>\n\t\t\t\t<div class=\"elementor-post__meta-data\">\n\t\t\t\t\t<span class=\"elementor-post-date\">\n\t\t\tjuillet 11, 2025\t\t<\/span>\n\t\t\t\t<\/div>\n\t\t\t\t\t<\/div>\n\t\t<\/article>\n\t\t\t\t<article class=\"elementor-post elementor-grid-item post-2532 post type-post status-publish format-standard has-post-thumbnail hentry category-session-de-migration-2025 tag-francais\" role=\"listitem\">\n\t\t\t<div class=\"elementor-post__card\">\n\t\t\t\t<a class=\"elementor-post__thumbnail__link\" href=\"https:\/\/jpic-assumpta.org\/index.php\/2025\/07\/11\/session-jpic-jour-3\/\" tabindex=\"-1\" ><div class=\"elementor-post__thumbnail\"><img loading=\"lazy\" decoding=\"async\" width=\"300\" height=\"200\" src=\"https:\/\/jpic-assumpta.org\/wp-content\/uploads\/2025\/07\/climate-300x200.jpg\" class=\"attachment-medium size-medium wp-image-2533\" alt=\"\" srcset=\"https:\/\/jpic-assumpta.org\/wp-content\/uploads\/2025\/07\/climate-300x200.jpg 300w, https:\/\/jpic-assumpta.org\/wp-content\/uploads\/2025\/07\/climate-1024x682.jpg 1024w, https:\/\/jpic-assumpta.org\/wp-content\/uploads\/2025\/07\/climate-768x511.jpg 768w, https:\/\/jpic-assumpta.org\/wp-content\/uploads\/2025\/07\/climate-1536x1023.jpg 1536w, https:\/\/jpic-assumpta.org\/wp-content\/uploads\/2025\/07\/climate.jpg 1766w\" sizes=\"(max-width: 300px) 100vw, 300px\" \/><\/div><\/a>\n\t\t\t\t<div class=\"elementor-post__badge\">Fran\u00e7ais<\/div>\n\t\t\t\t<div class=\"elementor-post__text\">\n\t\t\t\t<h3 class=\"elementor-post__title\">\n\t\t\t<a href=\"https:\/\/jpic-assumpta.org\/index.php\/2025\/07\/11\/session-jpic-jour-3\/\" >\n\t\t\t\tSession JPIC &#8211; Jour 3 (French)\t\t\t<\/a>\n\t\t<\/h3>\n\t\t\t\t<div class=\"elementor-post__excerpt\">\n\t\t\t<p>Personne n&rsquo;est vraiment en s\u00e9curit\u00e9 quand la maison commune est d\u00e9truite. Apr\u00e8s avoir approfondi l&rsquo;\u00e9cologie int\u00e9grale \u00e0 partir de deux perspectives diff\u00e9rentes, avan\u00e7ant dans le<\/p>\n\t\t<\/div>\n\t\t\n\t\t<a class=\"elementor-post__read-more\" href=\"https:\/\/jpic-assumpta.org\/index.php\/2025\/07\/11\/session-jpic-jour-3\/\" aria-label=\"En savoir plus sur Session JPIC &#8211; Jour 3 (French)\" tabindex=\"-1\" >\n\t\t\tContinuer \u00e0 lire\t\t<\/a>\n\n\t\t\t\t<\/div>\n\t\t\t\t<div class=\"elementor-post__meta-data\">\n\t\t\t\t\t<span class=\"elementor-post-date\">\n\t\t\tjuillet 11, 2025\t\t<\/span>\n\t\t\t\t<\/div>\n\t\t\t\t\t<\/div>\n\t\t<\/article>\n\t\t\t\t<\/div>\n\t\t\n\t\t\t\t<div class=\"e-load-more-anchor\" data-page=\"1\" data-max-page=\"7\" data-next-page=\"https:\/\/jpic-assumpta.org\/index.php\/wp-json\/wp\/v2\/pages\/435\/page\/2\/\"><\/div>\n\t\t\t\t<nav class=\"elementor-pagination\" aria-label=\"Pagination\">\n\t\t\t<span aria-current=\"page\" class=\"page-numbers current\"><span class=\"elementor-screen-only\">Page<\/span>1<\/span>\n<a class=\"page-numbers\" href=\"https:\/\/jpic-assumpta.org\/index.php\/wp-json\/wp\/v2\/pages\/435\/page\/2\/\"><span class=\"elementor-screen-only\">Page<\/span>2<\/a>\n<a class=\"page-numbers\" href=\"https:\/\/jpic-assumpta.org\/index.php\/wp-json\/wp\/v2\/pages\/435\/page\/3\/\"><span class=\"elementor-screen-only\">Page<\/span>3<\/a>\n<a class=\"page-numbers\" href=\"https:\/\/jpic-assumpta.org\/index.php\/wp-json\/wp\/v2\/pages\/435\/page\/4\/\"><span class=\"elementor-screen-only\">Page<\/span>4<\/a>\n<a class=\"page-numbers\" href=\"https:\/\/jpic-assumpta.org\/index.php\/wp-json\/wp\/v2\/pages\/435\/page\/5\/\"><span class=\"elementor-screen-only\">Page<\/span>5<\/a>\t\t<\/nav>\n\t\t\t\t\t\t<\/div>\n\t\t\t\t<\/div>\n\t\t\t\t\t<\/div>\n\t\t<\/div>\n\t\t\t\t\t<\/div>\n\t\t<\/section>\n\t\t\t\t<\/div>\n\t\t","protected":false},"excerpt":{"rendered":"<p>Formation<\/p>\n","protected":false},"author":1,"featured_media":0,"parent":0,"menu_order":0,"comment_status":"closed","ping_status":"closed","template":"","meta":{"footnotes":""},"class_list":["post-435","page","type-page","status-publish","hentry"],"_links":{"self":[{"href":"https:\/\/jpic-assumpta.org\/index.php\/wp-json\/wp\/v2\/pages\/435","targetHints":{"allow":["GET"]}}],"collection":[{"href":"https:\/\/jpic-assumpta.org\/index.php\/wp-json\/wp\/v2\/pages"}],"about":[{"href":"https:\/\/jpic-assumpta.org\/index.php\/wp-json\/wp\/v2\/types\/page"}],"author":[{"embeddable":true,"href":"https:\/\/jpic-assumpta.org\/index.php\/wp-json\/wp\/v2\/users\/1"}],"replies":[{"embeddable":true,"href":"https:\/\/jpic-assumpta.org\/index.php\/wp-json\/wp\/v2\/comments?post=435"}],"version-history":[{"count":7,"href":"https:\/\/jpic-assumpta.org\/index.php\/wp-json\/wp\/v2\/pages\/435\/revisions"}],"predecessor-version":[{"id":683,"href":"https:\/\/jpic-assumpta.org\/index.php\/wp-json\/wp\/v2\/pages\/435\/revisions\/683"}],"wp:attachment":[{"href":"https:\/\/jpic-assumpta.org\/index.php\/wp-json\/wp\/v2\/media?parent=435"}],"curies":[{"name":"wp","href":"https:\/\/api.w.org\/{rel}","templated":true}]}}