{"id":380,"date":"2020-01-28T07:29:18","date_gmt":"2020-01-28T07:29:18","guid":{"rendered":"https:\/\/jpic-assumpta.org\/?page_id=380"},"modified":"2020-02-18T11:33:35","modified_gmt":"2020-02-18T11:33:35","slug":"assomption","status":"publish","type":"page","link":"https:\/\/jpic-assumpta.org\/index.php\/assomption\/","title":{"rendered":"Assomption"},"content":{"rendered":"\t\t<div data-elementor-type=\"wp-page\" data-elementor-id=\"380\" class=\"elementor elementor-380\" data-elementor-post-type=\"page\">\n\t\t\t\t\t\t<section class=\"elementor-section elementor-top-section elementor-element elementor-element-27e7a359 elementor-section-height-min-height elementor-section-full_width elementor-section-height-default elementor-section-items-middle\" data-id=\"27e7a359\" data-element_type=\"section\" data-e-type=\"section\" data-settings=\"{&quot;background_background&quot;:&quot;classic&quot;}\">\n\t\t\t\t\t\t<div class=\"elementor-container elementor-column-gap-default\">\n\t\t\t\t\t<div class=\"elementor-column elementor-col-100 elementor-top-column elementor-element elementor-element-1ec39a97\" data-id=\"1ec39a97\" data-element_type=\"column\" data-e-type=\"column\">\n\t\t\t<div class=\"elementor-widget-wrap elementor-element-populated\">\n\t\t\t\t\t\t<div class=\"elementor-element elementor-element-6c9968fe elementor-widget elementor-widget-heading\" data-id=\"6c9968fe\" data-element_type=\"widget\" data-e-type=\"widget\" data-widget_type=\"heading.default\">\n\t\t\t\t<div class=\"elementor-widget-container\">\n\t\t\t\t\t<h1 class=\"elementor-heading-title elementor-size-default\">Assomption<\/h1>\t\t\t\t<\/div>\n\t\t\t\t<\/div>\n\t\t\t\t\t<\/div>\n\t\t<\/div>\n\t\t\t\t\t<\/div>\n\t\t<\/section>\n\t\t\t\t<section class=\"elementor-section elementor-top-section elementor-element elementor-element-3921cdb9 elementor-section-full_width elementor-section-height-default elementor-section-height-default\" data-id=\"3921cdb9\" data-element_type=\"section\" data-e-type=\"section\" data-settings=\"{&quot;background_background&quot;:&quot;classic&quot;}\">\n\t\t\t\t\t\t<div class=\"elementor-container elementor-column-gap-default\">\n\t\t\t\t\t<div class=\"elementor-column elementor-col-100 elementor-top-column elementor-element elementor-element-7f48d4b1\" data-id=\"7f48d4b1\" data-element_type=\"column\" data-e-type=\"column\">\n\t\t\t<div class=\"elementor-widget-wrap elementor-element-populated\">\n\t\t\t\t\t\t<div class=\"elementor-element elementor-element-5c8fba08 elementor-posts--align-left elementor-grid-3 elementor-grid-tablet-2 elementor-grid-mobile-1 elementor-posts--thumbnail-top elementor-posts__hover-gradient elementor-widget elementor-widget-posts\" data-id=\"5c8fba08\" data-element_type=\"widget\" data-e-type=\"widget\" data-settings=\"{&quot;cards_row_gap&quot;:{&quot;unit&quot;:&quot;px&quot;,&quot;size&quot;:60,&quot;sizes&quot;:[]},&quot;pagination_type&quot;:&quot;numbers&quot;,&quot;cards_columns&quot;:&quot;3&quot;,&quot;cards_columns_tablet&quot;:&quot;2&quot;,&quot;cards_columns_mobile&quot;:&quot;1&quot;,&quot;cards_row_gap_tablet&quot;:{&quot;unit&quot;:&quot;px&quot;,&quot;size&quot;:&quot;&quot;,&quot;sizes&quot;:[]},&quot;cards_row_gap_mobile&quot;:{&quot;unit&quot;:&quot;px&quot;,&quot;size&quot;:&quot;&quot;,&quot;sizes&quot;:[]}}\" data-widget_type=\"posts.cards\">\n\t\t\t\t<div class=\"elementor-widget-container\">\n\t\t\t\t\t\t\t<div class=\"elementor-posts-container elementor-posts elementor-posts--skin-cards elementor-grid\" role=\"list\">\n\t\t\t\t<article class=\"elementor-post elementor-grid-item post-2483 post type-post status-publish format-standard hentry category-assomption category-information tag-espanol\" role=\"listitem\">\n\t\t\t<div class=\"elementor-post__card\">\n\t\t\t\t<div class=\"elementor-post__text\">\n\t\t\t\t<h3 class=\"elementor-post__title\">\n\t\t\t<a href=\"https:\/\/jpic-assumpta.org\/index.php\/2025\/06\/27\/el-cuidado-de-la-casa-comun-es-una-tarea-que-nos-convoca-a-todos\/\" >\n\t\t\t\tEl \u00c1gua es Vida\t\t\t<\/a>\n\t\t<\/h3>\n\t\t\t\t<div class=\"elementor-post__excerpt\">\n\t\t\t<p>El cuidado de la \u00ab\u00a0Casa Com\u00fan\u00a0\u00bb es una tarea que nos convoca a todos. En el Instituto San Rom\u00e1n siempre buscamos educar a nuestros estudiantes<\/p>\n\t\t<\/div>\n\t\t\n\t\t<a class=\"elementor-post__read-more\" href=\"https:\/\/jpic-assumpta.org\/index.php\/2025\/06\/27\/el-cuidado-de-la-casa-comun-es-una-tarea-que-nos-convoca-a-todos\/\" aria-label=\"En savoir plus sur El \u00c1gua es Vida\" tabindex=\"-1\" >\n\t\t\tContinuer \u00e0 lire\t\t<\/a>\n\n\t\t\t\t<\/div>\n\t\t\t\t<div class=\"elementor-post__meta-data\">\n\t\t\t\t\t<span class=\"elementor-post-date\">\n\t\t\tjuin 27, 2025\t\t<\/span>\n\t\t\t\t<\/div>\n\t\t\t\t\t<\/div>\n\t\t<\/article>\n\t\t\t\t<article class=\"elementor-post elementor-grid-item post-1830 post type-post status-publish format-standard has-post-thumbnail hentry category-assomption tag-francais\" role=\"listitem\">\n\t\t\t<div class=\"elementor-post__card\">\n\t\t\t\t<a class=\"elementor-post__thumbnail__link\" href=\"https:\/\/jpic-assumpta.org\/index.php\/2022\/03\/10\/sainte-marie-eugenie\/\" tabindex=\"-1\" ><div class=\"elementor-post__thumbnail\"><img fetchpriority=\"high\" decoding=\"async\" width=\"219\" height=\"300\" src=\"https:\/\/jpic-assumpta.org\/wp-content\/uploads\/2022\/03\/10-Santa-Maria-Eugenia-de-Jesus-Milleret-de-Brou-10-219x300.jpg\" class=\"attachment-medium size-medium wp-image-1831\" alt=\"\" srcset=\"https:\/\/jpic-assumpta.org\/wp-content\/uploads\/2022\/03\/10-Santa-Maria-Eugenia-de-Jesus-Milleret-de-Brou-10-219x300.jpg 219w, https:\/\/jpic-assumpta.org\/wp-content\/uploads\/2022\/03\/10-Santa-Maria-Eugenia-de-Jesus-Milleret-de-Brou-10.jpg 420w\" sizes=\"(max-width: 219px) 100vw, 219px\" \/><\/div><\/a>\n\t\t\t\t<div class=\"elementor-post__badge\">Fran\u00e7ais<\/div>\n\t\t\t\t<div class=\"elementor-post__text\">\n\t\t\t\t<h3 class=\"elementor-post__title\">\n\t\t\t<a href=\"https:\/\/jpic-assumpta.org\/index.php\/2022\/03\/10\/sainte-marie-eugenie\/\" >\n\t\t\t\tSainte Marie Eug\u00e9nie!\t\t\t<\/a>\n\t\t<\/h3>\n\t\t\t\t<div class=\"elementor-post__excerpt\">\n\t\t\t<p>En faisant m\u00e9moire, ce 10 mars, de Marie Eug\u00e9nie, de sa riche spiritualit\u00e9 et du projet \u00e9ducatif qui sous-tend la mission de l\u2019Assomption, nous c\u00e9l\u00e9brons<\/p>\n\t\t<\/div>\n\t\t\n\t\t<a class=\"elementor-post__read-more\" href=\"https:\/\/jpic-assumpta.org\/index.php\/2022\/03\/10\/sainte-marie-eugenie\/\" aria-label=\"En savoir plus sur Sainte Marie Eug\u00e9nie!\" tabindex=\"-1\" >\n\t\t\tContinuer \u00e0 lire\t\t<\/a>\n\n\t\t\t\t<\/div>\n\t\t\t\t<div class=\"elementor-post__meta-data\">\n\t\t\t\t\t<span class=\"elementor-post-date\">\n\t\t\tmars 10, 2022\t\t<\/span>\n\t\t\t\t<\/div>\n\t\t\t\t\t<\/div>\n\t\t<\/article>\n\t\t\t\t<article class=\"elementor-post elementor-grid-item post-1642 post type-post status-publish format-standard has-post-thumbnail hentry category-assomption category-editorial tag-english tag-espanol tag-francais tag-italiano tag-portugais\" role=\"listitem\">\n\t\t\t<div class=\"elementor-post__card\">\n\t\t\t\t<a class=\"elementor-post__thumbnail__link\" href=\"https:\/\/jpic-assumpta.org\/index.php\/2021\/08\/12\/15-aout-assomption-2021\/\" tabindex=\"-1\" ><div class=\"elementor-post__thumbnail\"><img decoding=\"async\" width=\"300\" height=\"147\" src=\"https:\/\/jpic-assumpta.org\/wp-content\/uploads\/2021\/08\/yA-1-300x147.jpg\" class=\"attachment-medium size-medium wp-image-1652\" alt=\"\" srcset=\"https:\/\/jpic-assumpta.org\/wp-content\/uploads\/2021\/08\/yA-1-300x147.jpg 300w, https:\/\/jpic-assumpta.org\/wp-content\/uploads\/2021\/08\/yA-1.jpg 370w\" sizes=\"(max-width: 300px) 100vw, 300px\" \/><\/div><\/a>\n\t\t\t\t<div class=\"elementor-post__badge\">English<\/div>\n\t\t\t\t<div class=\"elementor-post__text\">\n\t\t\t\t<h3 class=\"elementor-post__title\">\n\t\t\t<a href=\"https:\/\/jpic-assumpta.org\/index.php\/2021\/08\/12\/15-aout-assomption-2021\/\" >\n\t\t\t\t15 ao\u00fbt Assomption  2021\t\t\t<\/a>\n\t\t<\/h3>\n\t\t\t\t<div class=\"elementor-post__excerpt\">\n\t\t\t<p>In her Assumption Mary shows us the way to the Kingdom of God and his justice. Dans son Assomption, Marie nous montre le chemin vers<\/p>\n\t\t<\/div>\n\t\t\n\t\t<a class=\"elementor-post__read-more\" href=\"https:\/\/jpic-assumpta.org\/index.php\/2021\/08\/12\/15-aout-assomption-2021\/\" aria-label=\"En savoir plus sur 15 ao\u00fbt Assomption  2021\" tabindex=\"-1\" >\n\t\t\tContinuer \u00e0 lire\t\t<\/a>\n\n\t\t\t\t<\/div>\n\t\t\t\t<div class=\"elementor-post__meta-data\">\n\t\t\t\t\t<span class=\"elementor-post-date\">\n\t\t\tao\u00fbt 12, 2021\t\t<\/span>\n\t\t\t\t<\/div>\n\t\t\t\t\t<\/div>\n\t\t<\/article>\n\t\t\t\t<article class=\"elementor-post elementor-grid-item post-1324 post type-post status-publish format-standard has-post-thumbnail hentry category-assomption tag-espanol\" role=\"listitem\">\n\t\t\t<div class=\"elementor-post__card\">\n\t\t\t\t<a class=\"elementor-post__thumbnail__link\" href=\"https:\/\/jpic-assumpta.org\/index.php\/2021\/03\/10\/santa-maria-eugenia-fundadora-de-las-religiosas-de-la-asuncion\/\" tabindex=\"-1\" ><div class=\"elementor-post__thumbnail\"><img decoding=\"async\" width=\"300\" height=\"227\" src=\"https:\/\/jpic-assumpta.org\/wp-content\/uploads\/2021\/03\/Santa-Maria-Eugenia-de-Jes\u00fas-300x227.jpg\" class=\"attachment-medium size-medium wp-image-1329\" alt=\"\" srcset=\"https:\/\/jpic-assumpta.org\/wp-content\/uploads\/2021\/03\/Santa-Maria-Eugenia-de-Jes\u00fas-300x227.jpg 300w, https:\/\/jpic-assumpta.org\/wp-content\/uploads\/2021\/03\/Santa-Maria-Eugenia-de-Jes\u00fas.jpg 400w\" sizes=\"(max-width: 300px) 100vw, 300px\" \/><\/div><\/a>\n\t\t\t\t<div class=\"elementor-post__badge\">Espa\u00f1ol<\/div>\n\t\t\t\t<div class=\"elementor-post__text\">\n\t\t\t\t<h3 class=\"elementor-post__title\">\n\t\t\t<a href=\"https:\/\/jpic-assumpta.org\/index.php\/2021\/03\/10\/santa-maria-eugenia-fundadora-de-las-religiosas-de-la-asuncion\/\" >\n\t\t\t\t10 de marzo: fiesta de Santa Mar\u00eda Eugenia, fundadora de las Religiosas de la Asunci\u00f3n\t\t\t<\/a>\n\t\t<\/h3>\n\t\t\t\t<div class=\"elementor-post__excerpt\">\n\t\t\t<p>El compromiso de Mar\u00eda Eugenia con la educaci\u00f3n, la formaci\u00f3n y el acompa\u00f1amiento de las personas, ten\u00eda como objetivo la transformaci\u00f3n personal para lograr un<\/p>\n\t\t<\/div>\n\t\t\n\t\t<a class=\"elementor-post__read-more\" href=\"https:\/\/jpic-assumpta.org\/index.php\/2021\/03\/10\/santa-maria-eugenia-fundadora-de-las-religiosas-de-la-asuncion\/\" aria-label=\"En savoir plus sur 10 de marzo: fiesta de Santa Mar\u00eda Eugenia, fundadora de las Religiosas de la Asunci\u00f3n\" tabindex=\"-1\" >\n\t\t\tContinuer \u00e0 lire\t\t<\/a>\n\n\t\t\t\t<\/div>\n\t\t\t\t<div class=\"elementor-post__meta-data\">\n\t\t\t\t\t<span class=\"elementor-post-date\">\n\t\t\tmars 10, 2021\t\t<\/span>\n\t\t\t\t<\/div>\n\t\t\t\t\t<\/div>\n\t\t<\/article>\n\t\t\t\t<article class=\"elementor-post elementor-grid-item post-1234 post type-post status-publish format-standard has-post-thumbnail hentry category-assomption category-formation tag-english\" role=\"listitem\">\n\t\t\t<div class=\"elementor-post__card\">\n\t\t\t\t<a class=\"elementor-post__thumbnail__link\" href=\"https:\/\/jpic-assumpta.org\/index.php\/2021\/01\/10\/life-sustaining-civilization\/\" tabindex=\"-1\" ><div class=\"elementor-post__thumbnail\"><img loading=\"lazy\" decoding=\"async\" width=\"300\" height=\"200\" src=\"https:\/\/jpic-assumpta.org\/wp-content\/uploads\/2021\/01\/Munduruku-assembly-300x200.jpg\" class=\"attachment-medium size-medium wp-image-1237\" alt=\"\" srcset=\"https:\/\/jpic-assumpta.org\/wp-content\/uploads\/2021\/01\/Munduruku-assembly-300x200.jpg 300w, https:\/\/jpic-assumpta.org\/wp-content\/uploads\/2021\/01\/Munduruku-assembly-1024x683.jpg 1024w, https:\/\/jpic-assumpta.org\/wp-content\/uploads\/2021\/01\/Munduruku-assembly-768x512.jpg 768w, https:\/\/jpic-assumpta.org\/wp-content\/uploads\/2021\/01\/Munduruku-assembly.jpg 1200w\" sizes=\"(max-width: 300px) 100vw, 300px\" \/><\/div><\/a>\n\t\t\t\t<div class=\"elementor-post__badge\">English<\/div>\n\t\t\t\t<div class=\"elementor-post__text\">\n\t\t\t\t<h3 class=\"elementor-post__title\">\n\t\t\t<a href=\"https:\/\/jpic-assumpta.org\/index.php\/2021\/01\/10\/life-sustaining-civilization\/\" >\n\t\t\t\tLife-sustaining civilization\t\t\t<\/a>\n\t\t<\/h3>\n\t\t\t\t<div class=\"elementor-post__excerpt\">\n\t\t\t<p>To make the shift towards a \u201clife-sustaining civilization\u201d, we need a perspective that goes beyond anthropocentrism; we need to learn to \u201cact our age\u201d and<\/p>\n\t\t<\/div>\n\t\t\n\t\t<a class=\"elementor-post__read-more\" href=\"https:\/\/jpic-assumpta.org\/index.php\/2021\/01\/10\/life-sustaining-civilization\/\" aria-label=\"En savoir plus sur Life-sustaining civilization\" tabindex=\"-1\" >\n\t\t\tContinuer \u00e0 lire\t\t<\/a>\n\n\t\t\t\t<\/div>\n\t\t\t\t<div class=\"elementor-post__meta-data\">\n\t\t\t\t\t<span class=\"elementor-post-date\">\n\t\t\tjanvier 10, 2021\t\t<\/span>\n\t\t\t\t<\/div>\n\t\t\t\t\t<\/div>\n\t\t<\/article>\n\t\t\t\t<article class=\"elementor-post elementor-grid-item post-1191 post type-post status-publish format-standard has-post-thumbnail hentry category-assomption category-formation tag-english\" role=\"listitem\">\n\t\t\t<div class=\"elementor-post__card\">\n\t\t\t\t<a class=\"elementor-post__thumbnail__link\" href=\"https:\/\/jpic-assumpta.org\/index.php\/2020\/12\/10\/the-incarnation-the-event-that-inaugurates-the-restoration-and-the-divinization-of-humanity-and-creation\/\" tabindex=\"-1\" ><div class=\"elementor-post__thumbnail\"><img loading=\"lazy\" decoding=\"async\" width=\"282\" height=\"300\" src=\"https:\/\/jpic-assumpta.org\/wp-content\/uploads\/2020\/12\/Vierge_enceinte_Galerie_nationale_Prague-2-282x300.jpg\" class=\"attachment-medium size-medium wp-image-1198\" alt=\"\" srcset=\"https:\/\/jpic-assumpta.org\/wp-content\/uploads\/2020\/12\/Vierge_enceinte_Galerie_nationale_Prague-2-282x300.jpg 282w, https:\/\/jpic-assumpta.org\/wp-content\/uploads\/2020\/12\/Vierge_enceinte_Galerie_nationale_Prague-2.jpg 306w\" sizes=\"(max-width: 282px) 100vw, 282px\" \/><\/div><\/a>\n\t\t\t\t<div class=\"elementor-post__badge\">English<\/div>\n\t\t\t\t<div class=\"elementor-post__text\">\n\t\t\t\t<h3 class=\"elementor-post__title\">\n\t\t\t<a href=\"https:\/\/jpic-assumpta.org\/index.php\/2020\/12\/10\/the-incarnation-the-event-that-inaugurates-the-restoration-and-the-divinization-of-humanity-and-creation\/\" >\n\t\t\t\tThe incarnation, the event that inaugurates the restoration and the divinization of humanity and Creation\t\t\t<\/a>\n\t\t<\/h3>\n\t\t\t\t<div class=\"elementor-post__excerpt\">\n\t\t\t<p>The Incarnation \u2013 mystery of the Word made flesh, taking on the body and face of a human being \u2013 demonstrates the same project of<\/p>\n\t\t<\/div>\n\t\t\n\t\t<a class=\"elementor-post__read-more\" href=\"https:\/\/jpic-assumpta.org\/index.php\/2020\/12\/10\/the-incarnation-the-event-that-inaugurates-the-restoration-and-the-divinization-of-humanity-and-creation\/\" aria-label=\"En savoir plus sur The incarnation, the event that inaugurates the restoration and the divinization of humanity and Creation\" tabindex=\"-1\" >\n\t\t\tContinuer \u00e0 lire\t\t<\/a>\n\n\t\t\t\t<\/div>\n\t\t\t\t<div class=\"elementor-post__meta-data\">\n\t\t\t\t\t<span class=\"elementor-post-date\">\n\t\t\td\u00e9cembre 10, 2020\t\t<\/span>\n\t\t\t\t<\/div>\n\t\t\t\t\t<\/div>\n\t\t<\/article>\n\t\t\t\t<article class=\"elementor-post elementor-grid-item post-1156 post type-post status-publish format-standard has-post-thumbnail hentry category-assomption tag-francais\" role=\"listitem\">\n\t\t\t<div class=\"elementor-post__card\">\n\t\t\t\t<a class=\"elementor-post__thumbnail__link\" href=\"https:\/\/jpic-assumpta.org\/index.php\/2020\/11\/12\/des-pretres-martyres-du-regime-communiste-bulgare-des-annees-50\/\" tabindex=\"-1\" ><div class=\"elementor-post__thumbnail\"><img loading=\"lazy\" decoding=\"async\" width=\"300\" height=\"225\" src=\"https:\/\/jpic-assumpta.org\/wp-content\/uploads\/2020\/11\/13novembre07_001-300x225.jpg\" class=\"attachment-medium size-medium wp-image-1160\" alt=\"\" srcset=\"https:\/\/jpic-assumpta.org\/wp-content\/uploads\/2020\/11\/13novembre07_001-300x225.jpg 300w, https:\/\/jpic-assumpta.org\/wp-content\/uploads\/2020\/11\/13novembre07_001-1024x768.jpg 1024w, https:\/\/jpic-assumpta.org\/wp-content\/uploads\/2020\/11\/13novembre07_001-768x576.jpg 768w, https:\/\/jpic-assumpta.org\/wp-content\/uploads\/2020\/11\/13novembre07_001.jpg 1028w\" sizes=\"(max-width: 300px) 100vw, 300px\" \/><\/div><\/a>\n\t\t\t\t<div class=\"elementor-post__badge\">Fran\u00e7ais<\/div>\n\t\t\t\t<div class=\"elementor-post__text\">\n\t\t\t\t<h3 class=\"elementor-post__title\">\n\t\t\t<a href=\"https:\/\/jpic-assumpta.org\/index.php\/2020\/11\/12\/des-pretres-martyres-du-regime-communiste-bulgare-des-annees-50\/\" >\n\t\t\t\tDes pr\u00eatres martyres du r\u00e9gime communiste bulgare des ann\u00e9es 50\t\t\t<\/a>\n\t\t<\/h3>\n\t\t\t\t<div class=\"elementor-post__excerpt\">\n\t\t\t<p>Eug\u00e8ne Bossilkov, \u00e9v\u00eaque, et trois p\u00e8res assomptionnistes : Kamen Vitchev, Pavel Djidjov et Josaphat Chichkov ont \u00e9t\u00e9 b\u00e9atifi\u00e9 en 2002, 50 ans apr\u00e8s leur mort.<\/p>\n\t\t<\/div>\n\t\t\n\t\t<a class=\"elementor-post__read-more\" href=\"https:\/\/jpic-assumpta.org\/index.php\/2020\/11\/12\/des-pretres-martyres-du-regime-communiste-bulgare-des-annees-50\/\" aria-label=\"En savoir plus sur Des pr\u00eatres martyres du r\u00e9gime communiste bulgare des ann\u00e9es 50\" tabindex=\"-1\" >\n\t\t\tContinuer \u00e0 lire\t\t<\/a>\n\n\t\t\t\t<\/div>\n\t\t\t\t<div class=\"elementor-post__meta-data\">\n\t\t\t\t\t<span class=\"elementor-post-date\">\n\t\t\tnovembre 12, 2020\t\t<\/span>\n\t\t\t\t<\/div>\n\t\t\t\t\t<\/div>\n\t\t<\/article>\n\t\t\t\t<article class=\"elementor-post elementor-grid-item post-1150 post type-post status-publish format-standard has-post-thumbnail hentry category-assomption tag-espanol\" role=\"listitem\">\n\t\t\t<div class=\"elementor-post__card\">\n\t\t\t\t<a class=\"elementor-post__thumbnail__link\" href=\"https:\/\/jpic-assumpta.org\/index.php\/2020\/11\/08\/la-presencia-vivificadora-del-agua\/\" tabindex=\"-1\" ><div class=\"elementor-post__thumbnail\"><img loading=\"lazy\" decoding=\"async\" width=\"300\" height=\"188\" src=\"https:\/\/jpic-assumpta.org\/wp-content\/uploads\/2020\/11\/R\u00edo-2-300x188.jpeg\" class=\"attachment-medium size-medium wp-image-1153\" alt=\"\" srcset=\"https:\/\/jpic-assumpta.org\/wp-content\/uploads\/2020\/11\/R\u00edo-2-300x188.jpeg 300w, https:\/\/jpic-assumpta.org\/wp-content\/uploads\/2020\/11\/R\u00edo-2-1024x640.jpeg 1024w, https:\/\/jpic-assumpta.org\/wp-content\/uploads\/2020\/11\/R\u00edo-2-768x480.jpeg 768w, https:\/\/jpic-assumpta.org\/wp-content\/uploads\/2020\/11\/R\u00edo-2-1536x960.jpeg 1536w, https:\/\/jpic-assumpta.org\/wp-content\/uploads\/2020\/11\/R\u00edo-2.jpeg 1600w\" sizes=\"(max-width: 300px) 100vw, 300px\" \/><\/div><\/a>\n\t\t\t\t<div class=\"elementor-post__badge\">Espa\u00f1ol<\/div>\n\t\t\t\t<div class=\"elementor-post__text\">\n\t\t\t\t<h3 class=\"elementor-post__title\">\n\t\t\t<a href=\"https:\/\/jpic-assumpta.org\/index.php\/2020\/11\/08\/la-presencia-vivificadora-del-agua\/\" >\n\t\t\t\tLa presencia vivificadora del agua\t\t\t<\/a>\n\t\t<\/h3>\n\t\t\t\t<div class=\"elementor-post__excerpt\">\n\t\t\t<p>Otro elemento que quisiera destacar como eje transversal y que nos habla del regalo de la vida, desde el comienzo del G\u00e9nesis hasta el fin<\/p>\n\t\t<\/div>\n\t\t\n\t\t<a class=\"elementor-post__read-more\" href=\"https:\/\/jpic-assumpta.org\/index.php\/2020\/11\/08\/la-presencia-vivificadora-del-agua\/\" aria-label=\"En savoir plus sur La presencia vivificadora del agua\" tabindex=\"-1\" >\n\t\t\tContinuer \u00e0 lire\t\t<\/a>\n\n\t\t\t\t<\/div>\n\t\t\t\t<div class=\"elementor-post__meta-data\">\n\t\t\t\t\t<span class=\"elementor-post-date\">\n\t\t\tnovembre 8, 2020\t\t<\/span>\n\t\t\t\t<\/div>\n\t\t\t\t\t<\/div>\n\t\t<\/article>\n\t\t\t\t<article class=\"elementor-post elementor-grid-item post-367 post type-post status-publish format-standard has-post-thumbnail hentry category-assomption category-information tag-francais\" role=\"listitem\">\n\t\t\t<div class=\"elementor-post__card\">\n\t\t\t\t<a class=\"elementor-post__thumbnail__link\" href=\"https:\/\/jpic-assumpta.org\/index.php\/2017\/10\/19\/noublions-pas\/\" tabindex=\"-1\" ><div class=\"elementor-post__thumbnail\"><img loading=\"lazy\" decoding=\"async\" width=\"300\" height=\"137\" src=\"https:\/\/jpic-assumpta.org\/wp-content\/uploads\/2020\/01\/anniversary-300x137.jpeg\" class=\"attachment-medium size-medium wp-image-368\" alt=\"\" srcset=\"https:\/\/jpic-assumpta.org\/wp-content\/uploads\/2020\/01\/anniversary-300x137.jpeg 300w, https:\/\/jpic-assumpta.org\/wp-content\/uploads\/2020\/01\/anniversary-1024x469.jpeg 1024w, https:\/\/jpic-assumpta.org\/wp-content\/uploads\/2020\/01\/anniversary-768x352.jpeg 768w, https:\/\/jpic-assumpta.org\/wp-content\/uploads\/2020\/01\/anniversary-1536x703.jpeg 1536w, https:\/\/jpic-assumpta.org\/wp-content\/uploads\/2020\/01\/anniversary.jpeg 1584w\" sizes=\"(max-width: 300px) 100vw, 300px\" \/><\/div><\/a>\n\t\t\t\t<div class=\"elementor-post__badge\">Fran\u00e7ais<\/div>\n\t\t\t\t<div class=\"elementor-post__text\">\n\t\t\t\t<h3 class=\"elementor-post__title\">\n\t\t\t<a href=\"https:\/\/jpic-assumpta.org\/index.php\/2017\/10\/19\/noublions-pas\/\" >\n\t\t\t\t\u00ab\u00a0N\u2019oublions pas\u00a0\u00bb\t\t\t<\/a>\n\t\t<\/h3>\n\t\t\t\t<div class=\"elementor-post__excerpt\">\n\t\t\t<p>Lettre du sup\u00e9rieur g\u00e9n\u00e9ral aux religieux assomptionnistes, aux s\u0153urs de la famille de l\u2019Assomption, aux la\u00efcs de l\u2019Alliance assomptionniste. \u00ab&nbsp;N\u2019OUBLIONS PAS&nbsp;\u00bb Chers Fr\u00e8res, chers amis<\/p>\n\t\t<\/div>\n\t\t\n\t\t<a class=\"elementor-post__read-more\" href=\"https:\/\/jpic-assumpta.org\/index.php\/2017\/10\/19\/noublions-pas\/\" aria-label=\"En savoir plus sur \u00ab\u00a0N\u2019oublions pas\u00a0\u00bb\" tabindex=\"-1\" >\n\t\t\tContinuer \u00e0 lire\t\t<\/a>\n\n\t\t\t\t<\/div>\n\t\t\t\t<div class=\"elementor-post__meta-data\">\n\t\t\t\t\t<span class=\"elementor-post-date\">\n\t\t\toctobre 19, 2017\t\t<\/span>\n\t\t\t\t<\/div>\n\t\t\t\t\t<\/div>\n\t\t<\/article>\n\t\t\t\t<\/div>\n\t\t\n\t\t\t\t<div class=\"e-load-more-anchor\" data-page=\"1\" data-max-page=\"2\" data-next-page=\"https:\/\/jpic-assumpta.org\/index.php\/wp-json\/wp\/v2\/pages\/380\/page\/2\/\"><\/div>\n\t\t\t\t<nav class=\"elementor-pagination\" aria-label=\"Pagination\">\n\t\t\t<span aria-current=\"page\" class=\"page-numbers current\"><span class=\"elementor-screen-only\">Page<\/span>1<\/span>\n<a class=\"page-numbers\" href=\"https:\/\/jpic-assumpta.org\/index.php\/wp-json\/wp\/v2\/pages\/380\/page\/2\/\"><span class=\"elementor-screen-only\">Page<\/span>2<\/a>\t\t<\/nav>\n\t\t\t\t\t\t<\/div>\n\t\t\t\t<\/div>\n\t\t\t\t\t<\/div>\n\t\t<\/div>\n\t\t\t\t\t<\/div>\n\t\t<\/section>\n\t\t\t\t<\/div>\n\t\t","protected":false},"excerpt":{"rendered":"<p>Assomption<\/p>\n","protected":false},"author":1,"featured_media":0,"parent":0,"menu_order":0,"comment_status":"closed","ping_status":"closed","template":"","meta":{"footnotes":""},"class_list":["post-380","page","type-page","status-publish","hentry"],"_links":{"self":[{"href":"https:\/\/jpic-assumpta.org\/index.php\/wp-json\/wp\/v2\/pages\/380","targetHints":{"allow":["GET"]}}],"collection":[{"href":"https:\/\/jpic-assumpta.org\/index.php\/wp-json\/wp\/v2\/pages"}],"about":[{"href":"https:\/\/jpic-assumpta.org\/index.php\/wp-json\/wp\/v2\/types\/page"}],"author":[{"embeddable":true,"href":"https:\/\/jpic-assumpta.org\/index.php\/wp-json\/wp\/v2\/users\/1"}],"replies":[{"embeddable":true,"href":"https:\/\/jpic-assumpta.org\/index.php\/wp-json\/wp\/v2\/comments?post=380"}],"version-history":[{"count":7,"href":"https:\/\/jpic-assumpta.org\/index.php\/wp-json\/wp\/v2\/pages\/380\/revisions"}],"predecessor-version":[{"id":682,"href":"https:\/\/jpic-assumpta.org\/index.php\/wp-json\/wp\/v2\/pages\/380\/revisions\/682"}],"wp:attachment":[{"href":"https:\/\/jpic-assumpta.org\/index.php\/wp-json\/wp\/v2\/media?parent=380"}],"curies":[{"name":"wp","href":"https:\/\/api.w.org\/{rel}","templated":true}]}}