{"id":374,"date":"2020-01-28T07:20:09","date_gmt":"2020-01-28T07:20:09","guid":{"rendered":"https:\/\/jpic-assumpta.org\/?page_id=374"},"modified":"2020-02-18T11:32:48","modified_gmt":"2020-02-18T11:32:48","slug":"information","status":"publish","type":"page","link":"https:\/\/jpic-assumpta.org\/index.php\/information\/","title":{"rendered":"Information"},"content":{"rendered":"\t\t<div data-elementor-type=\"wp-page\" data-elementor-id=\"374\" class=\"elementor elementor-374\" data-elementor-post-type=\"page\">\n\t\t\t\t\t\t<section class=\"elementor-section elementor-top-section elementor-element elementor-element-27e7a359 elementor-section-height-min-height elementor-section-full_width elementor-section-height-default elementor-section-items-middle\" data-id=\"27e7a359\" data-element_type=\"section\" data-e-type=\"section\" data-settings=\"{&quot;background_background&quot;:&quot;classic&quot;}\">\n\t\t\t\t\t\t<div class=\"elementor-container elementor-column-gap-default\">\n\t\t\t\t\t<div class=\"elementor-column elementor-col-100 elementor-top-column elementor-element elementor-element-1ec39a97\" data-id=\"1ec39a97\" data-element_type=\"column\" data-e-type=\"column\">\n\t\t\t<div class=\"elementor-widget-wrap elementor-element-populated\">\n\t\t\t\t\t\t<div class=\"elementor-element elementor-element-6c9968fe elementor-widget elementor-widget-heading\" data-id=\"6c9968fe\" data-element_type=\"widget\" data-e-type=\"widget\" data-widget_type=\"heading.default\">\n\t\t\t\t<div class=\"elementor-widget-container\">\n\t\t\t\t\t<h1 class=\"elementor-heading-title elementor-size-default\">Information<\/h1>\t\t\t\t<\/div>\n\t\t\t\t<\/div>\n\t\t\t\t\t<\/div>\n\t\t<\/div>\n\t\t\t\t\t<\/div>\n\t\t<\/section>\n\t\t\t\t<section class=\"elementor-section elementor-top-section elementor-element elementor-element-3921cdb9 elementor-section-full_width elementor-section-height-default elementor-section-height-default\" data-id=\"3921cdb9\" data-element_type=\"section\" data-e-type=\"section\" data-settings=\"{&quot;background_background&quot;:&quot;classic&quot;}\">\n\t\t\t\t\t\t<div class=\"elementor-container elementor-column-gap-default\">\n\t\t\t\t\t<div class=\"elementor-column elementor-col-100 elementor-top-column elementor-element elementor-element-7f48d4b1\" data-id=\"7f48d4b1\" data-element_type=\"column\" data-e-type=\"column\">\n\t\t\t<div class=\"elementor-widget-wrap elementor-element-populated\">\n\t\t\t\t\t\t<div class=\"elementor-element elementor-element-5c8fba08 elementor-posts--align-left elementor-grid-3 elementor-grid-tablet-2 elementor-grid-mobile-1 elementor-posts--thumbnail-top elementor-posts__hover-gradient elementor-widget elementor-widget-posts\" data-id=\"5c8fba08\" data-element_type=\"widget\" data-e-type=\"widget\" data-settings=\"{&quot;cards_row_gap&quot;:{&quot;unit&quot;:&quot;px&quot;,&quot;size&quot;:60,&quot;sizes&quot;:[]},&quot;pagination_type&quot;:&quot;numbers&quot;,&quot;cards_columns&quot;:&quot;3&quot;,&quot;cards_columns_tablet&quot;:&quot;2&quot;,&quot;cards_columns_mobile&quot;:&quot;1&quot;,&quot;cards_row_gap_tablet&quot;:{&quot;unit&quot;:&quot;px&quot;,&quot;size&quot;:&quot;&quot;,&quot;sizes&quot;:[]},&quot;cards_row_gap_mobile&quot;:{&quot;unit&quot;:&quot;px&quot;,&quot;size&quot;:&quot;&quot;,&quot;sizes&quot;:[]}}\" data-widget_type=\"posts.cards\">\n\t\t\t\t<div class=\"elementor-widget-container\">\n\t\t\t\t\t\t\t<div class=\"elementor-posts-container elementor-posts elementor-posts--skin-cards elementor-grid\" role=\"list\">\n\t\t\t\t<article class=\"elementor-post elementor-grid-item post-2658 post type-post status-publish format-standard has-post-thumbnail hentry category-information category-monde\" role=\"listitem\">\n\t\t\t<div class=\"elementor-post__card\">\n\t\t\t\t<a class=\"elementor-post__thumbnail__link\" href=\"https:\/\/jpic-assumpta.org\/index.php\/2026\/01\/05\/journee-mondiale-de-la-paix-que-la-paix-soit-avec-vous-tous-vers-une-paix-desarmee-et-desarmante\/\" tabindex=\"-1\" ><div class=\"elementor-post__thumbnail\"><img fetchpriority=\"high\" decoding=\"async\" width=\"300\" height=\"200\" src=\"https:\/\/jpic-assumpta.org\/wp-content\/uploads\/2026\/01\/Capture-message-le-18-decembre-2025-1024x683-1-300x200.png\" class=\"attachment-medium size-medium wp-image-2660\" alt=\"\" srcset=\"https:\/\/jpic-assumpta.org\/wp-content\/uploads\/2026\/01\/Capture-message-le-18-decembre-2025-1024x683-1-300x200.png 300w, https:\/\/jpic-assumpta.org\/wp-content\/uploads\/2026\/01\/Capture-message-le-18-decembre-2025-1024x683-1-768x512.png 768w, https:\/\/jpic-assumpta.org\/wp-content\/uploads\/2026\/01\/Capture-message-le-18-decembre-2025-1024x683-1.png 1024w\" sizes=\"(max-width: 300px) 100vw, 300px\" \/><\/div><\/a>\n\t\t\t\t<div class=\"elementor-post__text\">\n\t\t\t\t<h3 class=\"elementor-post__title\">\n\t\t\t<a href=\"https:\/\/jpic-assumpta.org\/index.php\/2026\/01\/05\/journee-mondiale-de-la-paix-que-la-paix-soit-avec-vous-tous-vers-une-paix-desarmee-et-desarmante\/\" >\n\t\t\t\tJourn\u00e9e mondiale de la paix\u00a0: \u00ab Que la paix soit avec vous tous. Vers une paix d\u00e9sarm\u00e9e et d\u00e9sarmante \u00bb\t\t\t<\/a>\n\t\t<\/h3>\n\t\t\t\t<div class=\"elementor-post__excerpt\">\n\t\t\t<p>\u00abQue la paix soit avec vous tous\u00a0\u00bb, telles \u00e9taient les premi\u00e8res paroles du pape L\u00e9on XIV le jour de son \u00e9lection, le 8 mai 2025,<\/p>\n\t\t<\/div>\n\t\t\n\t\t<a class=\"elementor-post__read-more\" href=\"https:\/\/jpic-assumpta.org\/index.php\/2026\/01\/05\/journee-mondiale-de-la-paix-que-la-paix-soit-avec-vous-tous-vers-une-paix-desarmee-et-desarmante\/\" aria-label=\"En savoir plus sur Journ\u00e9e mondiale de la paix\u00a0: \u00ab Que la paix soit avec vous tous. Vers une paix d\u00e9sarm\u00e9e et d\u00e9sarmante \u00bb\" tabindex=\"-1\" >\n\t\t\tContinuer \u00e0 lire\t\t<\/a>\n\n\t\t\t\t<\/div>\n\t\t\t\t<div class=\"elementor-post__meta-data\">\n\t\t\t\t\t<span class=\"elementor-post-date\">\n\t\t\tjanvier 5, 2026\t\t<\/span>\n\t\t\t\t<\/div>\n\t\t\t\t\t<\/div>\n\t\t<\/article>\n\t\t\t\t<article class=\"elementor-post elementor-grid-item post-2483 post type-post status-publish format-standard hentry category-assomption category-information tag-espanol\" role=\"listitem\">\n\t\t\t<div class=\"elementor-post__card\">\n\t\t\t\t<div class=\"elementor-post__text\">\n\t\t\t\t<h3 class=\"elementor-post__title\">\n\t\t\t<a href=\"https:\/\/jpic-assumpta.org\/index.php\/2025\/06\/27\/el-cuidado-de-la-casa-comun-es-una-tarea-que-nos-convoca-a-todos\/\" >\n\t\t\t\tEl \u00c1gua es Vida\t\t\t<\/a>\n\t\t<\/h3>\n\t\t\t\t<div class=\"elementor-post__excerpt\">\n\t\t\t<p>El cuidado de la \u00ab\u00a0Casa Com\u00fan\u00a0\u00bb es una tarea que nos convoca a todos. En el Instituto San Rom\u00e1n siempre buscamos educar a nuestros estudiantes<\/p>\n\t\t<\/div>\n\t\t\n\t\t<a class=\"elementor-post__read-more\" href=\"https:\/\/jpic-assumpta.org\/index.php\/2025\/06\/27\/el-cuidado-de-la-casa-comun-es-una-tarea-que-nos-convoca-a-todos\/\" aria-label=\"En savoir plus sur El \u00c1gua es Vida\" tabindex=\"-1\" >\n\t\t\tContinuer \u00e0 lire\t\t<\/a>\n\n\t\t\t\t<\/div>\n\t\t\t\t<div class=\"elementor-post__meta-data\">\n\t\t\t\t\t<span class=\"elementor-post-date\">\n\t\t\tjuin 27, 2025\t\t<\/span>\n\t\t\t\t<\/div>\n\t\t\t\t\t<\/div>\n\t\t<\/article>\n\t\t\t\t<article class=\"elementor-post elementor-grid-item post-2453 post type-post status-publish format-standard has-post-thumbnail hentry category-information tag-francais\" role=\"listitem\">\n\t\t\t<div class=\"elementor-post__card\">\n\t\t\t\t<a class=\"elementor-post__thumbnail__link\" href=\"https:\/\/jpic-assumpta.org\/index.php\/2025\/06\/11\/caritas-de-la-paroisse-sainte-therese-de-lenfant-jesus-dathenes-en-grece\/\" tabindex=\"-1\" ><div class=\"elementor-post__thumbnail\"><img decoding=\"async\" width=\"225\" height=\"300\" src=\"https:\/\/jpic-assumpta.org\/wp-content\/uploads\/2025\/06\/20200504_114732-225x300.jpg\" class=\"attachment-medium size-medium wp-image-2461\" alt=\"\" srcset=\"https:\/\/jpic-assumpta.org\/wp-content\/uploads\/2025\/06\/20200504_114732-225x300.jpg 225w, https:\/\/jpic-assumpta.org\/wp-content\/uploads\/2025\/06\/20200504_114732-768x1024.jpg 768w, https:\/\/jpic-assumpta.org\/wp-content\/uploads\/2025\/06\/20200504_114732-1152x1536.jpg 1152w, https:\/\/jpic-assumpta.org\/wp-content\/uploads\/2025\/06\/20200504_114732-1536x2048.jpg 1536w, https:\/\/jpic-assumpta.org\/wp-content\/uploads\/2025\/06\/20200504_114732-scaled.jpg 1920w\" sizes=\"(max-width: 225px) 100vw, 225px\" \/><\/div><\/a>\n\t\t\t\t<div class=\"elementor-post__badge\">Fran\u00e7ais<\/div>\n\t\t\t\t<div class=\"elementor-post__text\">\n\t\t\t\t<h3 class=\"elementor-post__title\">\n\t\t\t<a href=\"https:\/\/jpic-assumpta.org\/index.php\/2025\/06\/11\/caritas-de-la-paroisse-sainte-therese-de-lenfant-jesus-dathenes-en-grece\/\" >\n\t\t\t\tCaritas de la Paroisse Sainte Th\u00e9r\u00e8se de l\u2019Enfant J\u00e9sus d\u2019Ath\u00e8nes, en Gr\u00e8ce\t\t\t<\/a>\n\t\t<\/h3>\n\t\t\t\t<div class=\"elementor-post__excerpt\">\n\t\t\t<p>La paroisse Sainte Th\u00e9r\u00e8se de l\u2019Enfant J\u00e9sus d\u2019Ath\u00e8nes en Gr\u00e8ce est desservie par les Assomptionnistes depuis 1934. Pendant des ann\u00e9es, les p\u00e8res ont assur\u00e9 une<\/p>\n\t\t<\/div>\n\t\t\n\t\t<a class=\"elementor-post__read-more\" href=\"https:\/\/jpic-assumpta.org\/index.php\/2025\/06\/11\/caritas-de-la-paroisse-sainte-therese-de-lenfant-jesus-dathenes-en-grece\/\" aria-label=\"En savoir plus sur Caritas de la Paroisse Sainte Th\u00e9r\u00e8se de l\u2019Enfant J\u00e9sus d\u2019Ath\u00e8nes, en Gr\u00e8ce\" tabindex=\"-1\" >\n\t\t\tContinuer \u00e0 lire\t\t<\/a>\n\n\t\t\t\t<\/div>\n\t\t\t\t<div class=\"elementor-post__meta-data\">\n\t\t\t\t\t<span class=\"elementor-post-date\">\n\t\t\tjuin 11, 2025\t\t<\/span>\n\t\t\t\t<\/div>\n\t\t\t\t\t<\/div>\n\t\t<\/article>\n\t\t\t\t<article class=\"elementor-post elementor-grid-item post-2416 post type-post status-publish format-standard has-post-thumbnail hentry category-information tag-francais\" role=\"listitem\">\n\t\t\t<div class=\"elementor-post__card\">\n\t\t\t\t<a class=\"elementor-post__thumbnail__link\" href=\"https:\/\/jpic-assumpta.org\/index.php\/2025\/04\/12\/la-crise-humanitaire-sur-la-route-des-canaries\/\" tabindex=\"-1\" ><div class=\"elementor-post__thumbnail\"><img decoding=\"async\" width=\"300\" height=\"225\" src=\"https:\/\/jpic-assumpta.org\/wp-content\/uploads\/2025\/04\/Crisis-migratoria-en-Canarias-II-300x225.jpg\" class=\"attachment-medium size-medium wp-image-2418\" alt=\"\" srcset=\"https:\/\/jpic-assumpta.org\/wp-content\/uploads\/2025\/04\/Crisis-migratoria-en-Canarias-II-300x225.jpg 300w, https:\/\/jpic-assumpta.org\/wp-content\/uploads\/2025\/04\/Crisis-migratoria-en-Canarias-II.jpg 561w\" sizes=\"(max-width: 300px) 100vw, 300px\" \/><\/div><\/a>\n\t\t\t\t<div class=\"elementor-post__badge\">Fran\u00e7ais<\/div>\n\t\t\t\t<div class=\"elementor-post__text\">\n\t\t\t\t<h3 class=\"elementor-post__title\">\n\t\t\t<a href=\"https:\/\/jpic-assumpta.org\/index.php\/2025\/04\/12\/la-crise-humanitaire-sur-la-route-des-canaries\/\" >\n\t\t\t\tLa crise humanitaire sur la route des Canaries\t\t\t<\/a>\n\t\t<\/h3>\n\t\t\t\t<div class=\"elementor-post__excerpt\">\n\t\t\t<p>L\u2019Europe traverse la plus grande crise humanitaire migratoire de son histoire r\u00e9cente, et les chiffres continuent d\u2019augmenter. Aux \u00eeles Canaries, la situation est particuli\u00e8rement critique.<\/p>\n\t\t<\/div>\n\t\t\n\t\t<a class=\"elementor-post__read-more\" href=\"https:\/\/jpic-assumpta.org\/index.php\/2025\/04\/12\/la-crise-humanitaire-sur-la-route-des-canaries\/\" aria-label=\"En savoir plus sur La crise humanitaire sur la route des Canaries\" tabindex=\"-1\" >\n\t\t\tContinuer \u00e0 lire\t\t<\/a>\n\n\t\t\t\t<\/div>\n\t\t\t\t<div class=\"elementor-post__meta-data\">\n\t\t\t\t\t<span class=\"elementor-post-date\">\n\t\t\tavril 12, 2025\t\t<\/span>\n\t\t\t\t<\/div>\n\t\t\t\t\t<\/div>\n\t\t<\/article>\n\t\t\t\t<article class=\"elementor-post elementor-grid-item post-2322 post type-post status-publish format-standard has-post-thumbnail hentry category-formation category-information tag-francais\" role=\"listitem\">\n\t\t\t<div class=\"elementor-post__card\">\n\t\t\t\t<a class=\"elementor-post__thumbnail__link\" href=\"https:\/\/jpic-assumpta.org\/index.php\/2025\/02\/22\/sur-le-chemin-des-migrants-et-des-refugies-soyons-de-bons-samaritains\/\" tabindex=\"-1\" ><div class=\"elementor-post__thumbnail\"><img loading=\"lazy\" decoding=\"async\" width=\"300\" height=\"268\" src=\"https:\/\/jpic-assumpta.org\/wp-content\/uploads\/2025\/02\/Fleurs-entretenues-300x268.jpg\" class=\"attachment-medium size-medium wp-image-2324\" alt=\"\" srcset=\"https:\/\/jpic-assumpta.org\/wp-content\/uploads\/2025\/02\/Fleurs-entretenues-300x268.jpg 300w, https:\/\/jpic-assumpta.org\/wp-content\/uploads\/2025\/02\/Fleurs-entretenues-1024x916.jpg 1024w, https:\/\/jpic-assumpta.org\/wp-content\/uploads\/2025\/02\/Fleurs-entretenues-768x687.jpg 768w, https:\/\/jpic-assumpta.org\/wp-content\/uploads\/2025\/02\/Fleurs-entretenues-1536x1374.jpg 1536w, https:\/\/jpic-assumpta.org\/wp-content\/uploads\/2025\/02\/Fleurs-entretenues-2048x1832.jpg 2048w\" sizes=\"(max-width: 300px) 100vw, 300px\" \/><\/div><\/a>\n\t\t\t\t<div class=\"elementor-post__badge\">Fran\u00e7ais<\/div>\n\t\t\t\t<div class=\"elementor-post__text\">\n\t\t\t\t<h3 class=\"elementor-post__title\">\n\t\t\t<a href=\"https:\/\/jpic-assumpta.org\/index.php\/2025\/02\/22\/sur-le-chemin-des-migrants-et-des-refugies-soyons-de-bons-samaritains\/\" >\n\t\t\t\tSur le chemin des migrants et des r\u00e9fugi\u00e9s\u00a0: soyons de bons samaritains\u00a0\t\t\t<\/a>\n\t\t<\/h3>\n\t\t\t\t<div class=\"elementor-post__excerpt\">\n\t\t\t<p>Dans nos diff\u00e9rents pays de mission, nous sommes t\u00e9moins des cris de d\u00e9tresse des personnes en souffrance physique, morale et spirituelle&nbsp;; des migrations politiques, \u00e9conomiques,<\/p>\n\t\t<\/div>\n\t\t\n\t\t<a class=\"elementor-post__read-more\" href=\"https:\/\/jpic-assumpta.org\/index.php\/2025\/02\/22\/sur-le-chemin-des-migrants-et-des-refugies-soyons-de-bons-samaritains\/\" aria-label=\"En savoir plus sur Sur le chemin des migrants et des r\u00e9fugi\u00e9s\u00a0: soyons de bons samaritains\u00a0\" tabindex=\"-1\" >\n\t\t\tContinuer \u00e0 lire\t\t<\/a>\n\n\t\t\t\t<\/div>\n\t\t\t\t<div class=\"elementor-post__meta-data\">\n\t\t\t\t\t<span class=\"elementor-post-date\">\n\t\t\tf\u00e9vrier 22, 2025\t\t<\/span>\n\t\t\t\t<\/div>\n\t\t\t\t\t<\/div>\n\t\t<\/article>\n\t\t\t\t<article class=\"elementor-post elementor-grid-item post-2014 post type-post status-publish format-standard has-post-thumbnail hentry category-monde tag-english\" role=\"listitem\">\n\t\t\t<div class=\"elementor-post__card\">\n\t\t\t\t<a class=\"elementor-post__thumbnail__link\" href=\"https:\/\/jpic-assumpta.org\/index.php\/2022\/10\/15\/will-cop-27-tackle-climate-injustice\/\" tabindex=\"-1\" ><div class=\"elementor-post__thumbnail\"><img loading=\"lazy\" decoding=\"async\" width=\"300\" height=\"169\" src=\"https:\/\/jpic-assumpta.org\/wp-content\/uploads\/2022\/10\/ryan-cheng-uqYy29Sfb8Q-unsplash-300x169.jpg\" class=\"attachment-medium size-medium wp-image-2015\" alt=\"\" srcset=\"https:\/\/jpic-assumpta.org\/wp-content\/uploads\/2022\/10\/ryan-cheng-uqYy29Sfb8Q-unsplash-300x169.jpg 300w, https:\/\/jpic-assumpta.org\/wp-content\/uploads\/2022\/10\/ryan-cheng-uqYy29Sfb8Q-unsplash.jpg 640w\" sizes=\"(max-width: 300px) 100vw, 300px\" \/><\/div><\/a>\n\t\t\t\t<div class=\"elementor-post__badge\">English<\/div>\n\t\t\t\t<div class=\"elementor-post__text\">\n\t\t\t\t<h3 class=\"elementor-post__title\">\n\t\t\t<a href=\"https:\/\/jpic-assumpta.org\/index.php\/2022\/10\/15\/will-cop-27-tackle-climate-injustice\/\" >\n\t\t\t\tWill COP 27 tackle climate injustice?\t\t\t<\/a>\n\t\t<\/h3>\n\t\t\t\t<div class=\"elementor-post__excerpt\">\n\t\t\t<p>The 27th United Nations Climate Change Conference (COP27) will take place in Sharm el-Sheikh, Egypt, from 6 to 18 November 2022. It will be attended<\/p>\n\t\t<\/div>\n\t\t\n\t\t<a class=\"elementor-post__read-more\" href=\"https:\/\/jpic-assumpta.org\/index.php\/2022\/10\/15\/will-cop-27-tackle-climate-injustice\/\" aria-label=\"En savoir plus sur Will COP 27 tackle climate injustice?\" tabindex=\"-1\" >\n\t\t\tContinuer \u00e0 lire\t\t<\/a>\n\n\t\t\t\t<\/div>\n\t\t\t\t<div class=\"elementor-post__meta-data\">\n\t\t\t\t\t<span class=\"elementor-post-date\">\n\t\t\toctobre 15, 2022\t\t<\/span>\n\t\t\t\t<\/div>\n\t\t\t\t\t<\/div>\n\t\t<\/article>\n\t\t\t\t<article class=\"elementor-post elementor-grid-item post-1933 post type-post status-publish format-standard has-post-thumbnail hentry category-monde tag-espanol\" role=\"listitem\">\n\t\t\t<div class=\"elementor-post__card\">\n\t\t\t\t<a class=\"elementor-post__thumbnail__link\" href=\"https:\/\/jpic-assumpta.org\/index.php\/2022\/07\/03\/con-la-muerte-de-los-jovenes-subsaharianos-han-muerto-sus-derechos\/\" tabindex=\"-1\" ><div class=\"elementor-post__thumbnail\"><img loading=\"lazy\" decoding=\"async\" width=\"300\" height=\"202\" src=\"https:\/\/jpic-assumpta.org\/wp-content\/uploads\/2022\/06\/Vallas_de_Melilla-300x202.jpg\" class=\"attachment-medium size-medium wp-image-1936\" alt=\"\" srcset=\"https:\/\/jpic-assumpta.org\/wp-content\/uploads\/2022\/06\/Vallas_de_Melilla-300x202.jpg 300w, https:\/\/jpic-assumpta.org\/wp-content\/uploads\/2022\/06\/Vallas_de_Melilla-768x517.jpg 768w, https:\/\/jpic-assumpta.org\/wp-content\/uploads\/2022\/06\/Vallas_de_Melilla.jpg 864w\" sizes=\"(max-width: 300px) 100vw, 300px\" \/><\/div><\/a>\n\t\t\t\t<div class=\"elementor-post__badge\">Espa\u00f1ol<\/div>\n\t\t\t\t<div class=\"elementor-post__text\">\n\t\t\t\t<h3 class=\"elementor-post__title\">\n\t\t\t<a href=\"https:\/\/jpic-assumpta.org\/index.php\/2022\/07\/03\/con-la-muerte-de-los-jovenes-subsaharianos-han-muerto-sus-derechos\/\" >\n\t\t\t\tCon la muerte de los j\u00f3venes subsaharianos han muerto sus derechos\t\t\t<\/a>\n\t\t<\/h3>\n\t\t\t\t<div class=\"elementor-post__excerpt\">\n\t\t\t<p>Desde Justicia y Paz Madrid queremos denunciar, los hechos sucedidos en lafrontera entre Nador y Melilla el pasado viernes 24 de junio, donde, al menos,<\/p>\n\t\t<\/div>\n\t\t\n\t\t<a class=\"elementor-post__read-more\" href=\"https:\/\/jpic-assumpta.org\/index.php\/2022\/07\/03\/con-la-muerte-de-los-jovenes-subsaharianos-han-muerto-sus-derechos\/\" aria-label=\"En savoir plus sur Con la muerte de los j\u00f3venes subsaharianos han muerto sus derechos\" tabindex=\"-1\" >\n\t\t\tContinuer \u00e0 lire\t\t<\/a>\n\n\t\t\t\t<\/div>\n\t\t\t\t<div class=\"elementor-post__meta-data\">\n\t\t\t\t\t<span class=\"elementor-post-date\">\n\t\t\tjuillet 3, 2022\t\t<\/span>\n\t\t\t\t<\/div>\n\t\t\t\t\t<\/div>\n\t\t<\/article>\n\t\t\t\t<article class=\"elementor-post elementor-grid-item post-1893 post type-post status-publish format-standard has-post-thumbnail hentry category-monde tag-francais\" role=\"listitem\">\n\t\t\t<div class=\"elementor-post__card\">\n\t\t\t\t<a class=\"elementor-post__thumbnail__link\" href=\"https:\/\/jpic-assumpta.org\/index.php\/2022\/05\/12\/vers-jmmr-2022\/\" tabindex=\"-1\" ><div class=\"elementor-post__thumbnail\"><img loading=\"lazy\" decoding=\"async\" width=\"300\" height=\"300\" src=\"https:\/\/jpic-assumpta.org\/wp-content\/uploads\/2022\/05\/Vers-JMMR-2022-300x300.jpg\" class=\"attachment-medium size-medium wp-image-1894\" alt=\"\" srcset=\"https:\/\/jpic-assumpta.org\/wp-content\/uploads\/2022\/05\/Vers-JMMR-2022-300x300.jpg 300w, https:\/\/jpic-assumpta.org\/wp-content\/uploads\/2022\/05\/Vers-JMMR-2022-150x150.jpg 150w, https:\/\/jpic-assumpta.org\/wp-content\/uploads\/2022\/05\/Vers-JMMR-2022.jpg 500w\" sizes=\"(max-width: 300px) 100vw, 300px\" \/><\/div><\/a>\n\t\t\t\t<div class=\"elementor-post__badge\">Fran\u00e7ais<\/div>\n\t\t\t\t<div class=\"elementor-post__text\">\n\t\t\t\t<h3 class=\"elementor-post__title\">\n\t\t\t<a href=\"https:\/\/jpic-assumpta.org\/index.php\/2022\/05\/12\/vers-jmmr-2022\/\" >\n\t\t\t\tVers JMMR 2022\t\t\t<\/a>\n\t\t<\/h3>\n\t\t\t\t<div class=\"elementor-post__excerpt\">\n\t\t\t<p>Construire l\u2019avenir avec les migrants et les r\u00e9fugi\u00e9s. \u00ab La ville que nous avons ici-bas n\u2019est pas d\u00e9finitive : nous recherchons la ville qui doit<\/p>\n\t\t<\/div>\n\t\t\n\t\t<a class=\"elementor-post__read-more\" href=\"https:\/\/jpic-assumpta.org\/index.php\/2022\/05\/12\/vers-jmmr-2022\/\" aria-label=\"En savoir plus sur Vers JMMR 2022\" tabindex=\"-1\" >\n\t\t\tContinuer \u00e0 lire\t\t<\/a>\n\n\t\t\t\t<\/div>\n\t\t\t\t<div class=\"elementor-post__meta-data\">\n\t\t\t\t\t<span class=\"elementor-post-date\">\n\t\t\tmai 12, 2022\t\t<\/span>\n\t\t\t\t<\/div>\n\t\t\t\t\t<\/div>\n\t\t<\/article>\n\t\t\t\t<article class=\"elementor-post elementor-grid-item post-1889 post type-post status-publish format-standard has-post-thumbnail hentry category-monde tag-english\" role=\"listitem\">\n\t\t\t<div class=\"elementor-post__card\">\n\t\t\t\t<a class=\"elementor-post__thumbnail__link\" href=\"https:\/\/jpic-assumpta.org\/index.php\/2022\/05\/09\/the-economic-contribution-of-migrants-to-host-countries\/\" tabindex=\"-1\" ><div class=\"elementor-post__thumbnail\"><img loading=\"lazy\" decoding=\"async\" width=\"200\" height=\"300\" src=\"https:\/\/jpic-assumpta.org\/wp-content\/uploads\/2022\/05\/Migrant-workers-200x300.jpg\" class=\"attachment-medium size-medium wp-image-1890\" alt=\"\" srcset=\"https:\/\/jpic-assumpta.org\/wp-content\/uploads\/2022\/05\/Migrant-workers-200x300.jpg 200w, https:\/\/jpic-assumpta.org\/wp-content\/uploads\/2022\/05\/Migrant-workers.jpg 640w\" sizes=\"(max-width: 200px) 100vw, 200px\" \/><\/div><\/a>\n\t\t\t\t<div class=\"elementor-post__badge\">English<\/div>\n\t\t\t\t<div class=\"elementor-post__text\">\n\t\t\t\t<h3 class=\"elementor-post__title\">\n\t\t\t<a href=\"https:\/\/jpic-assumpta.org\/index.php\/2022\/05\/09\/the-economic-contribution-of-migrants-to-host-countries\/\" >\n\t\t\t\tThe economic contribution of migrants to host countries\t\t\t<\/a>\n\t\t<\/h3>\n\t\t\t\t<div class=\"elementor-post__excerpt\">\n\t\t\t<p>Many States in different parts of the world perceive or just present migrants and refugees as a problem or even an economic burden for the<\/p>\n\t\t<\/div>\n\t\t\n\t\t<a class=\"elementor-post__read-more\" href=\"https:\/\/jpic-assumpta.org\/index.php\/2022\/05\/09\/the-economic-contribution-of-migrants-to-host-countries\/\" aria-label=\"En savoir plus sur The economic contribution of migrants to host countries\" tabindex=\"-1\" >\n\t\t\tContinuer \u00e0 lire\t\t<\/a>\n\n\t\t\t\t<\/div>\n\t\t\t\t<div class=\"elementor-post__meta-data\">\n\t\t\t\t\t<span class=\"elementor-post-date\">\n\t\t\tmai 9, 2022\t\t<\/span>\n\t\t\t\t<\/div>\n\t\t\t\t\t<\/div>\n\t\t<\/article>\n\t\t\t\t<\/div>\n\t\t\n\t\t\t\t<div class=\"e-load-more-anchor\" data-page=\"1\" data-max-page=\"8\" data-next-page=\"https:\/\/jpic-assumpta.org\/index.php\/wp-json\/wp\/v2\/pages\/374\/page\/2\/\"><\/div>\n\t\t\t\t<nav class=\"elementor-pagination\" aria-label=\"Pagination\">\n\t\t\t<span aria-current=\"page\" class=\"page-numbers current\"><span class=\"elementor-screen-only\">Page<\/span>1<\/span>\n<a class=\"page-numbers\" href=\"https:\/\/jpic-assumpta.org\/index.php\/wp-json\/wp\/v2\/pages\/374\/page\/2\/\"><span class=\"elementor-screen-only\">Page<\/span>2<\/a>\n<a class=\"page-numbers\" href=\"https:\/\/jpic-assumpta.org\/index.php\/wp-json\/wp\/v2\/pages\/374\/page\/3\/\"><span class=\"elementor-screen-only\">Page<\/span>3<\/a>\n<a class=\"page-numbers\" href=\"https:\/\/jpic-assumpta.org\/index.php\/wp-json\/wp\/v2\/pages\/374\/page\/4\/\"><span class=\"elementor-screen-only\">Page<\/span>4<\/a>\n<a class=\"page-numbers\" href=\"https:\/\/jpic-assumpta.org\/index.php\/wp-json\/wp\/v2\/pages\/374\/page\/5\/\"><span class=\"elementor-screen-only\">Page<\/span>5<\/a>\t\t<\/nav>\n\t\t\t\t\t\t<\/div>\n\t\t\t\t<\/div>\n\t\t\t\t\t<\/div>\n\t\t<\/div>\n\t\t\t\t\t<\/div>\n\t\t<\/section>\n\t\t\t\t<\/div>\n\t\t","protected":false},"excerpt":{"rendered":"<p>Information<\/p>\n","protected":false},"author":1,"featured_media":0,"parent":0,"menu_order":0,"comment_status":"closed","ping_status":"closed","template":"","meta":{"footnotes":""},"class_list":["post-374","page","type-page","status-publish","hentry"],"_links":{"self":[{"href":"https:\/\/jpic-assumpta.org\/index.php\/wp-json\/wp\/v2\/pages\/374","targetHints":{"allow":["GET"]}}],"collection":[{"href":"https:\/\/jpic-assumpta.org\/index.php\/wp-json\/wp\/v2\/pages"}],"about":[{"href":"https:\/\/jpic-assumpta.org\/index.php\/wp-json\/wp\/v2\/types\/page"}],"author":[{"embeddable":true,"href":"https:\/\/jpic-assumpta.org\/index.php\/wp-json\/wp\/v2\/users\/1"}],"replies":[{"embeddable":true,"href":"https:\/\/jpic-assumpta.org\/index.php\/wp-json\/wp\/v2\/comments?post=374"}],"version-history":[{"count":6,"href":"https:\/\/jpic-assumpta.org\/index.php\/wp-json\/wp\/v2\/pages\/374\/revisions"}],"predecessor-version":[{"id":680,"href":"https:\/\/jpic-assumpta.org\/index.php\/wp-json\/wp\/v2\/pages\/374\/revisions\/680"}],"wp:attachment":[{"href":"https:\/\/jpic-assumpta.org\/index.php\/wp-json\/wp\/v2\/media?parent=374"}],"curies":[{"name":"wp","href":"https:\/\/api.w.org\/{rel}","templated":true}]}}