{"id":188,"date":"2020-01-27T14:14:18","date_gmt":"2020-01-27T14:14:18","guid":{"rendered":"https:\/\/jpic-assumpta.org\/?page_id=188"},"modified":"2020-02-18T11:35:03","modified_gmt":"2020-02-18T11:35:03","slug":"projets","status":"publish","type":"page","link":"https:\/\/jpic-assumpta.org\/index.php\/projets\/","title":{"rendered":"Projets"},"content":{"rendered":"\t\t<div data-elementor-type=\"wp-page\" data-elementor-id=\"188\" class=\"elementor elementor-188\" data-elementor-post-type=\"page\">\n\t\t\t\t\t\t<section class=\"elementor-section elementor-top-section elementor-element elementor-element-27e7a359 elementor-section-height-min-height elementor-section-full_width elementor-section-height-default elementor-section-items-middle\" data-id=\"27e7a359\" data-element_type=\"section\" data-e-type=\"section\" data-settings=\"{&quot;background_background&quot;:&quot;classic&quot;}\">\n\t\t\t\t\t\t<div class=\"elementor-container elementor-column-gap-default\">\n\t\t\t\t\t<div class=\"elementor-column elementor-col-100 elementor-top-column elementor-element elementor-element-1ec39a97\" data-id=\"1ec39a97\" data-element_type=\"column\" data-e-type=\"column\">\n\t\t\t<div class=\"elementor-widget-wrap elementor-element-populated\">\n\t\t\t\t\t\t<div class=\"elementor-element elementor-element-6c9968fe elementor-widget elementor-widget-heading\" data-id=\"6c9968fe\" data-element_type=\"widget\" data-e-type=\"widget\" data-widget_type=\"heading.default\">\n\t\t\t\t<div class=\"elementor-widget-container\">\n\t\t\t\t\t<h1 class=\"elementor-heading-title elementor-size-default\">Projets<\/h1>\t\t\t\t<\/div>\n\t\t\t\t<\/div>\n\t\t\t\t\t<\/div>\n\t\t<\/div>\n\t\t\t\t\t<\/div>\n\t\t<\/section>\n\t\t\t\t<section class=\"elementor-section elementor-top-section elementor-element elementor-element-3921cdb9 elementor-section-full_width elementor-section-height-default elementor-section-height-default\" data-id=\"3921cdb9\" data-element_type=\"section\" data-e-type=\"section\" data-settings=\"{&quot;background_background&quot;:&quot;classic&quot;}\">\n\t\t\t\t\t\t<div class=\"elementor-container elementor-column-gap-default\">\n\t\t\t\t\t<div class=\"elementor-column elementor-col-100 elementor-top-column elementor-element elementor-element-7f48d4b1\" data-id=\"7f48d4b1\" data-element_type=\"column\" data-e-type=\"column\">\n\t\t\t<div class=\"elementor-widget-wrap elementor-element-populated\">\n\t\t\t\t\t\t<div class=\"elementor-element elementor-element-5c8fba08 elementor-posts--align-left elementor-grid-3 elementor-grid-tablet-2 elementor-grid-mobile-1 elementor-posts--thumbnail-top elementor-posts__hover-gradient elementor-widget elementor-widget-posts\" data-id=\"5c8fba08\" data-element_type=\"widget\" data-e-type=\"widget\" data-settings=\"{&quot;cards_row_gap&quot;:{&quot;unit&quot;:&quot;px&quot;,&quot;size&quot;:60,&quot;sizes&quot;:[]},&quot;pagination_type&quot;:&quot;numbers&quot;,&quot;cards_columns&quot;:&quot;3&quot;,&quot;cards_columns_tablet&quot;:&quot;2&quot;,&quot;cards_columns_mobile&quot;:&quot;1&quot;,&quot;cards_row_gap_tablet&quot;:{&quot;unit&quot;:&quot;px&quot;,&quot;size&quot;:&quot;&quot;,&quot;sizes&quot;:[]},&quot;cards_row_gap_mobile&quot;:{&quot;unit&quot;:&quot;px&quot;,&quot;size&quot;:&quot;&quot;,&quot;sizes&quot;:[]}}\" data-widget_type=\"posts.cards\">\n\t\t\t\t<div class=\"elementor-widget-container\">\n\t\t\t\t\t\t\t<div class=\"elementor-posts-container elementor-posts elementor-posts--skin-cards elementor-grid\" role=\"list\">\n\t\t\t\t<article class=\"elementor-post elementor-grid-item post-2038 post type-post status-publish format-standard has-post-thumbnail hentry category-projets tag-francais\" role=\"listitem\">\n\t\t\t<div class=\"elementor-post__card\">\n\t\t\t\t<a class=\"elementor-post__thumbnail__link\" href=\"https:\/\/jpic-assumpta.org\/index.php\/2022\/12\/07\/maison-sesame-un-lieu-de-paix\/\" tabindex=\"-1\" ><div class=\"elementor-post__thumbnail\"><img fetchpriority=\"high\" decoding=\"async\" width=\"300\" height=\"225\" src=\"https:\/\/jpic-assumpta.org\/wp-content\/uploads\/2022\/12\/puzzle-pieces-g2028efb7b_640-300x225.jpg\" class=\"attachment-medium size-medium wp-image-2039\" alt=\"\" srcset=\"https:\/\/jpic-assumpta.org\/wp-content\/uploads\/2022\/12\/puzzle-pieces-g2028efb7b_640-300x225.jpg 300w, https:\/\/jpic-assumpta.org\/wp-content\/uploads\/2022\/12\/puzzle-pieces-g2028efb7b_640.jpg 640w\" sizes=\"(max-width: 300px) 100vw, 300px\" \/><\/div><\/a>\n\t\t\t\t<div class=\"elementor-post__badge\">Fran\u00e7ais<\/div>\n\t\t\t\t<div class=\"elementor-post__text\">\n\t\t\t\t<h3 class=\"elementor-post__title\">\n\t\t\t<a href=\"https:\/\/jpic-assumpta.org\/index.php\/2022\/12\/07\/maison-sesame-un-lieu-de-paix\/\" >\n\t\t\t\tMaison SESAME: un lieu de Paix\t\t\t<\/a>\n\t\t<\/h3>\n\t\t\t\t<div class=\"elementor-post__excerpt\">\n\t\t\t<p>&nbsp;&nbsp;&nbsp;&nbsp;&nbsp;&nbsp;&nbsp;&nbsp;&nbsp;&nbsp;&nbsp; Partage d\u2019une exp\u00e9rience de mission dans une Association nomm\u00e9e \u00ab&nbsp;Maison SESAME \u00bb. Cela fait partie d\u2019un Projet du secours Catholique. Une initiative solidaire qui<\/p>\n\t\t<\/div>\n\t\t\n\t\t<a class=\"elementor-post__read-more\" href=\"https:\/\/jpic-assumpta.org\/index.php\/2022\/12\/07\/maison-sesame-un-lieu-de-paix\/\" aria-label=\"En savoir plus sur Maison SESAME: un lieu de Paix\" tabindex=\"-1\" >\n\t\t\tContinuer \u00e0 lire\t\t<\/a>\n\n\t\t\t\t<\/div>\n\t\t\t\t<div class=\"elementor-post__meta-data\">\n\t\t\t\t\t<span class=\"elementor-post-date\">\n\t\t\td\u00e9cembre 7, 2022\t\t<\/span>\n\t\t\t\t<\/div>\n\t\t\t\t\t<\/div>\n\t\t<\/article>\n\t\t\t\t<article class=\"elementor-post elementor-grid-item post-1861 post type-post status-publish format-standard has-post-thumbnail hentry category-projets tag-english\" role=\"listitem\">\n\t\t\t<div class=\"elementor-post__card\">\n\t\t\t\t<a class=\"elementor-post__thumbnail__link\" href=\"https:\/\/jpic-assumpta.org\/index.php\/2022\/04\/23\/billion-bamboo-project\/\" tabindex=\"-1\" ><div class=\"elementor-post__thumbnail\"><img decoding=\"async\" width=\"200\" height=\"300\" src=\"https:\/\/jpic-assumpta.org\/wp-content\/uploads\/2022\/04\/Bamboo-forest-200x300.jpg\" class=\"attachment-medium size-medium wp-image-1862\" alt=\"\" srcset=\"https:\/\/jpic-assumpta.org\/wp-content\/uploads\/2022\/04\/Bamboo-forest-200x300.jpg 200w, https:\/\/jpic-assumpta.org\/wp-content\/uploads\/2022\/04\/Bamboo-forest.jpg 640w\" sizes=\"(max-width: 200px) 100vw, 200px\" \/><\/div><\/a>\n\t\t\t\t<div class=\"elementor-post__badge\">English<\/div>\n\t\t\t\t<div class=\"elementor-post__text\">\n\t\t\t\t<h3 class=\"elementor-post__title\">\n\t\t\t<a href=\"https:\/\/jpic-assumpta.org\/index.php\/2022\/04\/23\/billion-bamboo-project\/\" >\n\t\t\t\t\u201cBillion Bamboo Project\u201d\t\t\t<\/a>\n\t\t<\/h3>\n\t\t\t\t<div class=\"elementor-post__excerpt\">\n\t\t\t<p>The 60th Session of the UN Commission for Social Development 2022Oral StatementTitle: One Billion Bamboo Initiative by 2030 for Ending Hunger, Building Resilience forFood Security,<\/p>\n\t\t<\/div>\n\t\t\n\t\t<a class=\"elementor-post__read-more\" href=\"https:\/\/jpic-assumpta.org\/index.php\/2022\/04\/23\/billion-bamboo-project\/\" aria-label=\"En savoir plus sur \u201cBillion Bamboo Project\u201d\" tabindex=\"-1\" >\n\t\t\tContinuer \u00e0 lire\t\t<\/a>\n\n\t\t\t\t<\/div>\n\t\t\t\t<div class=\"elementor-post__meta-data\">\n\t\t\t\t\t<span class=\"elementor-post-date\">\n\t\t\tavril 23, 2022\t\t<\/span>\n\t\t\t\t<\/div>\n\t\t\t\t\t<\/div>\n\t\t<\/article>\n\t\t\t\t<article class=\"elementor-post elementor-grid-item post-1261 post type-post status-publish format-standard has-post-thumbnail hentry category-action category-projets tag-francais\" role=\"listitem\">\n\t\t\t<div class=\"elementor-post__card\">\n\t\t\t\t<a class=\"elementor-post__thumbnail__link\" href=\"https:\/\/jpic-assumpta.org\/index.php\/2021\/01\/21\/haramine-que-ton-regne-vienne\/\" tabindex=\"-1\" ><div class=\"elementor-post__thumbnail\"><img decoding=\"async\" width=\"300\" height=\"199\" src=\"https:\/\/jpic-assumpta.org\/wp-content\/uploads\/2021\/01\/AA-Cor\u00e9e-300x199.jpg\" class=\"attachment-medium size-medium wp-image-1262\" alt=\"\" srcset=\"https:\/\/jpic-assumpta.org\/wp-content\/uploads\/2021\/01\/AA-Cor\u00e9e-300x199.jpg 300w, https:\/\/jpic-assumpta.org\/wp-content\/uploads\/2021\/01\/AA-Cor\u00e9e.jpg 394w\" sizes=\"(max-width: 300px) 100vw, 300px\" \/><\/div><\/a>\n\t\t\t\t<div class=\"elementor-post__badge\">Fran\u00e7ais<\/div>\n\t\t\t\t<div class=\"elementor-post__text\">\n\t\t\t\t<h3 class=\"elementor-post__title\">\n\t\t\t<a href=\"https:\/\/jpic-assumpta.org\/index.php\/2021\/01\/21\/haramine-que-ton-regne-vienne\/\" >\n\t\t\t\t\u2018Haramin\u00e8\u2019:\u00ab Que ton R\u00e8gne vienne \u00bb\t\t\t<\/a>\n\t\t<\/h3>\n\t\t\t\t<div class=\"elementor-post__excerpt\">\n\t\t\t<p>\u00ab&nbsp;Je vous le d\u00e9clare, c\u2019est la v\u00e9rit\u00e9, toutes les fois que vous l\u2019avez fait \u00e0 l\u2019un de ces plus petits de mes fr\u00e8res, c\u2019est \u00e0<\/p>\n\t\t<\/div>\n\t\t\n\t\t<a class=\"elementor-post__read-more\" href=\"https:\/\/jpic-assumpta.org\/index.php\/2021\/01\/21\/haramine-que-ton-regne-vienne\/\" aria-label=\"En savoir plus sur \u2018Haramin\u00e8\u2019:\u00ab Que ton R\u00e8gne vienne \u00bb\" tabindex=\"-1\" >\n\t\t\tContinuer \u00e0 lire\t\t<\/a>\n\n\t\t\t\t<\/div>\n\t\t\t\t<div class=\"elementor-post__meta-data\">\n\t\t\t\t\t<span class=\"elementor-post-date\">\n\t\t\tjanvier 21, 2021\t\t<\/span>\n\t\t\t\t<\/div>\n\t\t\t\t\t<\/div>\n\t\t<\/article>\n\t\t\t\t<article class=\"elementor-post elementor-grid-item post-1252 post type-post status-publish format-standard has-post-thumbnail hentry category-projets tag-english\" role=\"listitem\">\n\t\t\t<div class=\"elementor-post__card\">\n\t\t\t\t<a class=\"elementor-post__thumbnail__link\" href=\"https:\/\/jpic-assumpta.org\/index.php\/2021\/01\/14\/the-supreme-healing-therapy-is-friendship-and-love\/\" tabindex=\"-1\" ><div class=\"elementor-post__thumbnail\"><img loading=\"lazy\" decoding=\"async\" width=\"225\" height=\"300\" src=\"https:\/\/jpic-assumpta.org\/wp-content\/uploads\/2021\/01\/Family-225x300.jpg\" class=\"attachment-medium size-medium wp-image-1258\" alt=\"\" srcset=\"https:\/\/jpic-assumpta.org\/wp-content\/uploads\/2021\/01\/Family-225x300.jpg 225w, https:\/\/jpic-assumpta.org\/wp-content\/uploads\/2021\/01\/Family.jpg 750w\" sizes=\"(max-width: 225px) 100vw, 225px\" \/><\/div><\/a>\n\t\t\t\t<div class=\"elementor-post__badge\">English<\/div>\n\t\t\t\t<div class=\"elementor-post__text\">\n\t\t\t\t<h3 class=\"elementor-post__title\">\n\t\t\t<a href=\"https:\/\/jpic-assumpta.org\/index.php\/2021\/01\/14\/the-supreme-healing-therapy-is-friendship-and-love\/\" >\n\t\t\t\tThe supreme healing therapy is friendship and love\t\t\t<\/a>\n\t\t<\/h3>\n\t\t\t\t<div class=\"elementor-post__excerpt\">\n\t\t\t<p>Introduction One of the most beautiful graces that we can receive from God is the grace of saving the life of our fellow brother or<\/p>\n\t\t<\/div>\n\t\t\n\t\t<a class=\"elementor-post__read-more\" href=\"https:\/\/jpic-assumpta.org\/index.php\/2021\/01\/14\/the-supreme-healing-therapy-is-friendship-and-love\/\" aria-label=\"En savoir plus sur The supreme healing therapy is friendship and love\" tabindex=\"-1\" >\n\t\t\tContinuer \u00e0 lire\t\t<\/a>\n\n\t\t\t\t<\/div>\n\t\t\t\t<div class=\"elementor-post__meta-data\">\n\t\t\t\t\t<span class=\"elementor-post-date\">\n\t\t\tjanvier 14, 2021\t\t<\/span>\n\t\t\t\t<\/div>\n\t\t\t\t\t<\/div>\n\t\t<\/article>\n\t\t\t\t<article class=\"elementor-post elementor-grid-item post-1242 post type-post status-publish format-standard has-post-thumbnail hentry category-action category-projets tag-francais\" role=\"listitem\">\n\t\t\t<div class=\"elementor-post__card\">\n\t\t\t\t<a class=\"elementor-post__thumbnail__link\" href=\"https:\/\/jpic-assumpta.org\/index.php\/2021\/01\/11\/lexperience-des-mamans-masai-a-tanzanie\/\" tabindex=\"-1\" ><div class=\"elementor-post__thumbnail\"><img loading=\"lazy\" decoding=\"async\" width=\"300\" height=\"236\" src=\"https:\/\/jpic-assumpta.org\/wp-content\/uploads\/2021\/01\/Tanzanie-oa-5-300x236.jpg\" class=\"attachment-medium size-medium wp-image-1243\" alt=\"\" srcset=\"https:\/\/jpic-assumpta.org\/wp-content\/uploads\/2021\/01\/Tanzanie-oa-5-300x236.jpg 300w, https:\/\/jpic-assumpta.org\/wp-content\/uploads\/2021\/01\/Tanzanie-oa-5.jpg 396w\" sizes=\"(max-width: 300px) 100vw, 300px\" \/><\/div><\/a>\n\t\t\t\t<div class=\"elementor-post__badge\">Fran\u00e7ais<\/div>\n\t\t\t\t<div class=\"elementor-post__text\">\n\t\t\t\t<h3 class=\"elementor-post__title\">\n\t\t\t<a href=\"https:\/\/jpic-assumpta.org\/index.php\/2021\/01\/11\/lexperience-des-mamans-masai-a-tanzanie\/\" >\n\t\t\t\tL&rsquo;exp\u00e9rience des Mamans masa\u00ef \u00e0 Tanzanie\t\t\t<\/a>\n\t\t<\/h3>\n\t\t\t\t<div class=\"elementor-post__excerpt\">\n\t\t\t<p>Le cadre de vie&nbsp;: Les Masai est une tribu des \u00e9leveurs semi-nomades qui vivent entre le Kenya et la Tanzanie. A Tanzanie, c\u2019est dans la<\/p>\n\t\t<\/div>\n\t\t\n\t\t<a class=\"elementor-post__read-more\" href=\"https:\/\/jpic-assumpta.org\/index.php\/2021\/01\/11\/lexperience-des-mamans-masai-a-tanzanie\/\" aria-label=\"En savoir plus sur L&rsquo;exp\u00e9rience des Mamans masa\u00ef \u00e0 Tanzanie\" tabindex=\"-1\" >\n\t\t\tContinuer \u00e0 lire\t\t<\/a>\n\n\t\t\t\t<\/div>\n\t\t\t\t<div class=\"elementor-post__meta-data\">\n\t\t\t\t\t<span class=\"elementor-post-date\">\n\t\t\tjanvier 11, 2021\t\t<\/span>\n\t\t\t\t<\/div>\n\t\t\t\t\t<\/div>\n\t\t<\/article>\n\t\t\t\t<article class=\"elementor-post elementor-grid-item post-1048 post type-post status-publish format-standard has-post-thumbnail hentry category-action category-projets tag-espanol\" role=\"listitem\">\n\t\t\t<div class=\"elementor-post__card\">\n\t\t\t\t<a class=\"elementor-post__thumbnail__link\" href=\"https:\/\/jpic-assumpta.org\/index.php\/2020\/09\/07\/tiempo-de-la-creacion-un-jubileo-por-la-tierra\/\" tabindex=\"-1\" ><div class=\"elementor-post__thumbnail\"><img loading=\"lazy\" decoding=\"async\" width=\"274\" height=\"300\" src=\"https:\/\/jpic-assumpta.org\/wp-content\/uploads\/2020\/09\/Girasoles-274x300.jpg\" class=\"attachment-medium size-medium wp-image-1051\" alt=\"\" srcset=\"https:\/\/jpic-assumpta.org\/wp-content\/uploads\/2020\/09\/Girasoles-274x300.jpg 274w, https:\/\/jpic-assumpta.org\/wp-content\/uploads\/2020\/09\/Girasoles.jpg 768w\" sizes=\"(max-width: 274px) 100vw, 274px\" \/><\/div><\/a>\n\t\t\t\t<div class=\"elementor-post__badge\">Espa\u00f1ol<\/div>\n\t\t\t\t<div class=\"elementor-post__text\">\n\t\t\t\t<h3 class=\"elementor-post__title\">\n\t\t\t<a href=\"https:\/\/jpic-assumpta.org\/index.php\/2020\/09\/07\/tiempo-de-la-creacion-un-jubileo-por-la-tierra\/\" >\n\t\t\t\tTiempo de la Creaci\u00f3n: Un Jubileo por la Tierra\t\t\t<\/a>\n\t\t<\/h3>\n\t\t\t\t<div class=\"elementor-post__excerpt\">\n\t\t\t<p>Cada a\u00f1o durante el Tiempo de la Creaci\u00f3n, del 1 de septiembre al 4 de octubre, las personas cristianas de&nbsp; todas las confesiones se unen<\/p>\n\t\t<\/div>\n\t\t\n\t\t<a class=\"elementor-post__read-more\" href=\"https:\/\/jpic-assumpta.org\/index.php\/2020\/09\/07\/tiempo-de-la-creacion-un-jubileo-por-la-tierra\/\" aria-label=\"En savoir plus sur Tiempo de la Creaci\u00f3n: Un Jubileo por la Tierra\" tabindex=\"-1\" >\n\t\t\tContinuer \u00e0 lire\t\t<\/a>\n\n\t\t\t\t<\/div>\n\t\t\t\t<div class=\"elementor-post__meta-data\">\n\t\t\t\t\t<span class=\"elementor-post-date\">\n\t\t\tseptembre 7, 2020\t\t<\/span>\n\t\t\t\t<\/div>\n\t\t\t\t\t<\/div>\n\t\t<\/article>\n\t\t\t\t<article class=\"elementor-post elementor-grid-item post-1040 post type-post status-publish format-standard has-post-thumbnail hentry category-action category-projets tag-espanol\" role=\"listitem\">\n\t\t\t<div class=\"elementor-post__card\">\n\t\t\t\t<a class=\"elementor-post__thumbnail__link\" href=\"https:\/\/jpic-assumpta.org\/index.php\/2020\/07\/17\/formacion-de-agentes-de-pastoral-de-migraciones-en-benidorm-alicante-espana\/\" tabindex=\"-1\" ><div class=\"elementor-post__thumbnail\"><img loading=\"lazy\" decoding=\"async\" width=\"300\" height=\"146\" src=\"https:\/\/jpic-assumpta.org\/wp-content\/uploads\/2020\/07\/Experiencia-migrantes-300x146.jpg\" class=\"attachment-medium size-medium wp-image-1041\" alt=\"\" srcset=\"https:\/\/jpic-assumpta.org\/wp-content\/uploads\/2020\/07\/Experiencia-migrantes-300x146.jpg 300w, https:\/\/jpic-assumpta.org\/wp-content\/uploads\/2020\/07\/Experiencia-migrantes.jpg 439w\" sizes=\"(max-width: 300px) 100vw, 300px\" \/><\/div><\/a>\n\t\t\t\t<div class=\"elementor-post__badge\">Espa\u00f1ol<\/div>\n\t\t\t\t<div class=\"elementor-post__text\">\n\t\t\t\t<h3 class=\"elementor-post__title\">\n\t\t\t<a href=\"https:\/\/jpic-assumpta.org\/index.php\/2020\/07\/17\/formacion-de-agentes-de-pastoral-de-migraciones-en-benidorm-alicante-espana\/\" >\n\t\t\t\tFormaci\u00f3n de Agentes de Pastoral de Migraciones en Benidorm (Alicante-Espa\u00f1a)\t\t\t<\/a>\n\t\t<\/h3>\n\t\t\t\t<div class=\"elementor-post__excerpt\">\n\t\t\t<p>Este curso, desde el Secretariado Diocesano de Pastoral de Migraciones, nos pusimos en marcha para preparar la Jornada Diocesana a finales de noviembre. Cada a\u00f1o<\/p>\n\t\t<\/div>\n\t\t\n\t\t<a class=\"elementor-post__read-more\" href=\"https:\/\/jpic-assumpta.org\/index.php\/2020\/07\/17\/formacion-de-agentes-de-pastoral-de-migraciones-en-benidorm-alicante-espana\/\" aria-label=\"En savoir plus sur Formaci\u00f3n de Agentes de Pastoral de Migraciones en Benidorm (Alicante-Espa\u00f1a)\" tabindex=\"-1\" >\n\t\t\tContinuer \u00e0 lire\t\t<\/a>\n\n\t\t\t\t<\/div>\n\t\t\t\t<div class=\"elementor-post__meta-data\">\n\t\t\t\t\t<span class=\"elementor-post-date\">\n\t\t\tjuillet 17, 2020\t\t<\/span>\n\t\t\t\t<\/div>\n\t\t\t\t\t<\/div>\n\t\t<\/article>\n\t\t\t\t<article class=\"elementor-post elementor-grid-item post-1018 post type-post status-publish format-standard has-post-thumbnail hentry category-action category-projets tag-english\" role=\"listitem\">\n\t\t\t<div class=\"elementor-post__card\">\n\t\t\t\t<a class=\"elementor-post__thumbnail__link\" href=\"https:\/\/jpic-assumpta.org\/index.php\/2020\/06\/18\/experience-in-social-integration-of-migrants-workers-in-kerala\/\" tabindex=\"-1\" ><div class=\"elementor-post__thumbnail\"><img loading=\"lazy\" decoding=\"async\" width=\"199\" height=\"300\" src=\"https:\/\/jpic-assumpta.org\/wp-content\/uploads\/2020\/06\/Adivasi_woman_and_child_Chhattisgarh_India_2005-199x300.jpg\" class=\"attachment-medium size-medium wp-image-1019\" alt=\"\" srcset=\"https:\/\/jpic-assumpta.org\/wp-content\/uploads\/2020\/06\/Adivasi_woman_and_child_Chhattisgarh_India_2005-199x300.jpg 199w, https:\/\/jpic-assumpta.org\/wp-content\/uploads\/2020\/06\/Adivasi_woman_and_child_Chhattisgarh_India_2005-681x1024.jpg 681w, https:\/\/jpic-assumpta.org\/wp-content\/uploads\/2020\/06\/Adivasi_woman_and_child_Chhattisgarh_India_2005-768x1155.jpg 768w, https:\/\/jpic-assumpta.org\/wp-content\/uploads\/2020\/06\/Adivasi_woman_and_child_Chhattisgarh_India_2005.jpg 1000w\" sizes=\"(max-width: 199px) 100vw, 199px\" \/><\/div><\/a>\n\t\t\t\t<div class=\"elementor-post__badge\">English<\/div>\n\t\t\t\t<div class=\"elementor-post__text\">\n\t\t\t\t<h3 class=\"elementor-post__title\">\n\t\t\t<a href=\"https:\/\/jpic-assumpta.org\/index.php\/2020\/06\/18\/experience-in-social-integration-of-migrants-workers-in-kerala\/\" >\n\t\t\t\tExperience in Social Integration of Migrants Workers in Kerala\t\t\t<\/a>\n\t\t<\/h3>\n\t\t\t\t<div class=\"elementor-post__excerpt\">\n\t\t\t<p>Introduction The plight of the vulnerable migrants about thirty five lakhs who from almost 10 percent of Kerala\u2019s population has caught the attention of Non-Government<\/p>\n\t\t<\/div>\n\t\t\n\t\t<a class=\"elementor-post__read-more\" href=\"https:\/\/jpic-assumpta.org\/index.php\/2020\/06\/18\/experience-in-social-integration-of-migrants-workers-in-kerala\/\" aria-label=\"En savoir plus sur Experience in Social Integration of Migrants Workers in Kerala\" tabindex=\"-1\" >\n\t\t\tContinuer \u00e0 lire\t\t<\/a>\n\n\t\t\t\t<\/div>\n\t\t\t\t<div class=\"elementor-post__meta-data\">\n\t\t\t\t\t<span class=\"elementor-post-date\">\n\t\t\tjuin 18, 2020\t\t<\/span>\n\t\t\t\t<\/div>\n\t\t\t\t\t<\/div>\n\t\t<\/article>\n\t\t\t\t<article class=\"elementor-post elementor-grid-item post-910 post type-post status-publish format-standard has-post-thumbnail hentry category-action category-projets tag-english\" role=\"listitem\">\n\t\t\t<div class=\"elementor-post__card\">\n\t\t\t\t<a class=\"elementor-post__thumbnail__link\" href=\"https:\/\/jpic-assumpta.org\/index.php\/2020\/04\/30\/ordinary-becomes-extraordinary\/\" tabindex=\"-1\" ><div class=\"elementor-post__thumbnail\"><img loading=\"lazy\" decoding=\"async\" width=\"300\" height=\"189\" src=\"https:\/\/jpic-assumpta.org\/wp-content\/uploads\/2020\/04\/Logo-A-place-called-home-300x189.jpg\" class=\"attachment-medium size-medium wp-image-911\" alt=\"\" srcset=\"https:\/\/jpic-assumpta.org\/wp-content\/uploads\/2020\/04\/Logo-A-place-called-home-300x189.jpg 300w, https:\/\/jpic-assumpta.org\/wp-content\/uploads\/2020\/04\/Logo-A-place-called-home.jpg 484w\" sizes=\"(max-width: 300px) 100vw, 300px\" \/><\/div><\/a>\n\t\t\t\t<div class=\"elementor-post__badge\">English<\/div>\n\t\t\t\t<div class=\"elementor-post__text\">\n\t\t\t\t<h3 class=\"elementor-post__title\">\n\t\t\t<a href=\"https:\/\/jpic-assumpta.org\/index.php\/2020\/04\/30\/ordinary-becomes-extraordinary\/\" >\n\t\t\t\tOrdinary becomes extraordinary!\t\t\t<\/a>\n\t\t<\/h3>\n\t\t\t\t<div class=\"elementor-post__excerpt\">\n\t\t\t<p>by Susanne Lachapelle Editor&rsquo;s note: More than 1.6 billion people worldwide live in substandard housing. Of those, at least 150 million have no home at<\/p>\n\t\t<\/div>\n\t\t\n\t\t<a class=\"elementor-post__read-more\" href=\"https:\/\/jpic-assumpta.org\/index.php\/2020\/04\/30\/ordinary-becomes-extraordinary\/\" aria-label=\"En savoir plus sur Ordinary becomes extraordinary!\" tabindex=\"-1\" >\n\t\t\tContinuer \u00e0 lire\t\t<\/a>\n\n\t\t\t\t<\/div>\n\t\t\t\t<div class=\"elementor-post__meta-data\">\n\t\t\t\t\t<span class=\"elementor-post-date\">\n\t\t\tavril 30, 2020\t\t<\/span>\n\t\t\t\t<\/div>\n\t\t\t\t\t<\/div>\n\t\t<\/article>\n\t\t\t\t<\/div>\n\t\t\n\t\t\t\t<div class=\"e-load-more-anchor\" data-page=\"1\" data-max-page=\"3\" data-next-page=\"https:\/\/jpic-assumpta.org\/index.php\/wp-json\/wp\/v2\/pages\/188\/page\/2\/\"><\/div>\n\t\t\t\t<nav class=\"elementor-pagination\" aria-label=\"Pagination\">\n\t\t\t<span aria-current=\"page\" class=\"page-numbers current\"><span class=\"elementor-screen-only\">Page<\/span>1<\/span>\n<a class=\"page-numbers\" href=\"https:\/\/jpic-assumpta.org\/index.php\/wp-json\/wp\/v2\/pages\/188\/page\/2\/\"><span class=\"elementor-screen-only\">Page<\/span>2<\/a>\n<a class=\"page-numbers\" href=\"https:\/\/jpic-assumpta.org\/index.php\/wp-json\/wp\/v2\/pages\/188\/page\/3\/\"><span class=\"elementor-screen-only\">Page<\/span>3<\/a>\t\t<\/nav>\n\t\t\t\t\t\t<\/div>\n\t\t\t\t<\/div>\n\t\t\t\t\t<\/div>\n\t\t<\/div>\n\t\t\t\t\t<\/div>\n\t\t<\/section>\n\t\t\t\t<\/div>\n\t\t","protected":false},"excerpt":{"rendered":"<p>Projets<\/p>\n","protected":false},"author":1,"featured_media":0,"parent":0,"menu_order":0,"comment_status":"closed","ping_status":"closed","template":"","meta":{"footnotes":""},"class_list":["post-188","page","type-page","status-publish","hentry"],"_links":{"self":[{"href":"https:\/\/jpic-assumpta.org\/index.php\/wp-json\/wp\/v2\/pages\/188","targetHints":{"allow":["GET"]}}],"collection":[{"href":"https:\/\/jpic-assumpta.org\/index.php\/wp-json\/wp\/v2\/pages"}],"about":[{"href":"https:\/\/jpic-assumpta.org\/index.php\/wp-json\/wp\/v2\/types\/page"}],"author":[{"embeddable":true,"href":"https:\/\/jpic-assumpta.org\/index.php\/wp-json\/wp\/v2\/users\/1"}],"replies":[{"embeddable":true,"href":"https:\/\/jpic-assumpta.org\/index.php\/wp-json\/wp\/v2\/comments?post=188"}],"version-history":[{"count":5,"href":"https:\/\/jpic-assumpta.org\/index.php\/wp-json\/wp\/v2\/pages\/188\/revisions"}],"predecessor-version":[{"id":686,"href":"https:\/\/jpic-assumpta.org\/index.php\/wp-json\/wp\/v2\/pages\/188\/revisions\/686"}],"wp:attachment":[{"href":"https:\/\/jpic-assumpta.org\/index.php\/wp-json\/wp\/v2\/media?parent=188"}],"curies":[{"name":"wp","href":"https:\/\/api.w.org\/{rel}","templated":true}]}}