{"id":185,"date":"2020-01-27T14:13:19","date_gmt":"2020-01-27T14:13:19","guid":{"rendered":"https:\/\/jpic-assumpta.org\/?page_id=185"},"modified":"2020-02-18T11:34:47","modified_gmt":"2020-02-18T11:34:47","slug":"temoignages","status":"publish","type":"page","link":"https:\/\/jpic-assumpta.org\/index.php\/temoignages\/","title":{"rendered":"T\u00e9moignages"},"content":{"rendered":"\t\t<div data-elementor-type=\"wp-page\" data-elementor-id=\"185\" class=\"elementor elementor-185\" data-elementor-post-type=\"page\">\n\t\t\t\t\t\t<section class=\"elementor-section elementor-top-section elementor-element elementor-element-27e7a359 elementor-section-height-min-height elementor-section-full_width elementor-section-height-default elementor-section-items-middle\" data-id=\"27e7a359\" data-element_type=\"section\" data-e-type=\"section\" data-settings=\"{&quot;background_background&quot;:&quot;classic&quot;}\">\n\t\t\t\t\t\t<div class=\"elementor-container elementor-column-gap-default\">\n\t\t\t\t\t<div class=\"elementor-column elementor-col-100 elementor-top-column elementor-element elementor-element-1ec39a97\" data-id=\"1ec39a97\" data-element_type=\"column\" data-e-type=\"column\">\n\t\t\t<div class=\"elementor-widget-wrap elementor-element-populated\">\n\t\t\t\t\t\t<div class=\"elementor-element elementor-element-6c9968fe elementor-widget elementor-widget-heading\" data-id=\"6c9968fe\" data-element_type=\"widget\" data-e-type=\"widget\" data-widget_type=\"heading.default\">\n\t\t\t\t<div class=\"elementor-widget-container\">\n\t\t\t\t\t<h1 class=\"elementor-heading-title elementor-size-default\">T\u00e9moignages<\/h1>\t\t\t\t<\/div>\n\t\t\t\t<\/div>\n\t\t\t\t\t<\/div>\n\t\t<\/div>\n\t\t\t\t\t<\/div>\n\t\t<\/section>\n\t\t\t\t<section class=\"elementor-section elementor-top-section elementor-element elementor-element-3921cdb9 elementor-section-full_width elementor-section-height-default elementor-section-height-default\" data-id=\"3921cdb9\" data-element_type=\"section\" data-e-type=\"section\" data-settings=\"{&quot;background_background&quot;:&quot;classic&quot;}\">\n\t\t\t\t\t\t<div class=\"elementor-container elementor-column-gap-default\">\n\t\t\t\t\t<div class=\"elementor-column elementor-col-100 elementor-top-column elementor-element elementor-element-7f48d4b1\" data-id=\"7f48d4b1\" data-element_type=\"column\" data-e-type=\"column\">\n\t\t\t<div class=\"elementor-widget-wrap elementor-element-populated\">\n\t\t\t\t\t\t<div class=\"elementor-element elementor-element-5c8fba08 elementor-posts--align-left elementor-grid-3 elementor-grid-tablet-2 elementor-grid-mobile-1 elementor-posts--thumbnail-top elementor-posts__hover-gradient elementor-widget elementor-widget-posts\" data-id=\"5c8fba08\" data-element_type=\"widget\" data-e-type=\"widget\" data-settings=\"{&quot;cards_row_gap&quot;:{&quot;unit&quot;:&quot;px&quot;,&quot;size&quot;:60,&quot;sizes&quot;:[]},&quot;pagination_type&quot;:&quot;numbers&quot;,&quot;cards_columns&quot;:&quot;3&quot;,&quot;cards_columns_tablet&quot;:&quot;2&quot;,&quot;cards_columns_mobile&quot;:&quot;1&quot;,&quot;cards_row_gap_tablet&quot;:{&quot;unit&quot;:&quot;px&quot;,&quot;size&quot;:&quot;&quot;,&quot;sizes&quot;:[]},&quot;cards_row_gap_mobile&quot;:{&quot;unit&quot;:&quot;px&quot;,&quot;size&quot;:&quot;&quot;,&quot;sizes&quot;:[]}}\" data-widget_type=\"posts.cards\">\n\t\t\t\t<div class=\"elementor-widget-container\">\n\t\t\t\t\t\t\t<div class=\"elementor-posts-container elementor-posts elementor-posts--skin-cards elementor-grid\" role=\"list\">\n\t\t\t\t<article class=\"elementor-post elementor-grid-item post-2502 post type-post status-publish format-standard has-post-thumbnail hentry category-temoignages tag-francais\" role=\"listitem\">\n\t\t\t<div class=\"elementor-post__card\">\n\t\t\t\t<a class=\"elementor-post__thumbnail__link\" href=\"https:\/\/jpic-assumpta.org\/index.php\/2025\/07\/04\/le-parcours-dali-jeune-migrant-parraine-de-la-guerre-en-afghanistan-a-luniversite\/\" tabindex=\"-1\" ><div class=\"elementor-post__thumbnail\"><img fetchpriority=\"high\" decoding=\"async\" width=\"300\" height=\"300\" src=\"https:\/\/jpic-assumpta.org\/wp-content\/uploads\/2025\/07\/3-300x300.jpg\" class=\"attachment-medium size-medium wp-image-2508\" alt=\"\" srcset=\"https:\/\/jpic-assumpta.org\/wp-content\/uploads\/2025\/07\/3-300x300.jpg 300w, https:\/\/jpic-assumpta.org\/wp-content\/uploads\/2025\/07\/3-1024x1024.jpg 1024w, https:\/\/jpic-assumpta.org\/wp-content\/uploads\/2025\/07\/3-150x150.jpg 150w, https:\/\/jpic-assumpta.org\/wp-content\/uploads\/2025\/07\/3-768x768.jpg 768w, https:\/\/jpic-assumpta.org\/wp-content\/uploads\/2025\/07\/3-1536x1536.jpg 1536w, https:\/\/jpic-assumpta.org\/wp-content\/uploads\/2025\/07\/3.jpg 1654w\" sizes=\"(max-width: 300px) 100vw, 300px\" \/><\/div><\/a>\n\t\t\t\t<div class=\"elementor-post__badge\">Fran\u00e7ais<\/div>\n\t\t\t\t<div class=\"elementor-post__text\">\n\t\t\t\t<h3 class=\"elementor-post__title\">\n\t\t\t<a href=\"https:\/\/jpic-assumpta.org\/index.php\/2025\/07\/04\/le-parcours-dali-jeune-migrant-parraine-de-la-guerre-en-afghanistan-a-luniversite\/\" >\n\t\t\t\tLe parcours d&rsquo;Ali, jeune migrant parrain\u00e9 : de la guerre en Afghanistan \u00e0 l&rsquo;universit\u00e9\t\t\t<\/a>\n\t\t<\/h3>\n\t\t\t\t<div class=\"elementor-post__excerpt\">\n\t\t\t<p>Le parcours d&rsquo;Ali, jeune migrant parrain\u00e9 : de la guerre en Afghanistan \u00e0 l&rsquo;universit\u00e9 Aujourd\u2019hui \u00e2g\u00e9 de 19 ans, Ali a v\u00e9cu jusqu\u2019\u00e0 l\u2019\u00e2ge de<\/p>\n\t\t<\/div>\n\t\t\n\t\t<a class=\"elementor-post__read-more\" href=\"https:\/\/jpic-assumpta.org\/index.php\/2025\/07\/04\/le-parcours-dali-jeune-migrant-parraine-de-la-guerre-en-afghanistan-a-luniversite\/\" aria-label=\"En savoir plus sur Le parcours d&rsquo;Ali, jeune migrant parrain\u00e9 : de la guerre en Afghanistan \u00e0 l&rsquo;universit\u00e9\" tabindex=\"-1\" >\n\t\t\tContinuer \u00e0 lire\t\t<\/a>\n\n\t\t\t\t<\/div>\n\t\t\t\t<div class=\"elementor-post__meta-data\">\n\t\t\t\t\t<span class=\"elementor-post-date\">\n\t\t\tjuillet 4, 2025\t\t<\/span>\n\t\t\t\t<\/div>\n\t\t\t\t\t<\/div>\n\t\t<\/article>\n\t\t\t\t<article class=\"elementor-post elementor-grid-item post-2422 post type-post status-publish format-standard has-post-thumbnail hentry category-temoignages tag-english\" role=\"listitem\">\n\t\t\t<div class=\"elementor-post__card\">\n\t\t\t\t<a class=\"elementor-post__thumbnail__link\" href=\"https:\/\/jpic-assumpta.org\/index.php\/2025\/04\/12\/province-of-usa-memorial-in-the-santa-teresa-desert-remembering-refugees-who-died-on-their-journey-to-hope\/\" tabindex=\"-1\" ><div class=\"elementor-post__thumbnail\"><img decoding=\"async\" width=\"300\" height=\"157\" src=\"https:\/\/jpic-assumpta.org\/wp-content\/uploads\/2025\/04\/Chaparral-II-300x157.jpg\" class=\"attachment-medium size-medium wp-image-2423\" alt=\"\" srcset=\"https:\/\/jpic-assumpta.org\/wp-content\/uploads\/2025\/04\/Chaparral-II-300x157.jpg 300w, https:\/\/jpic-assumpta.org\/wp-content\/uploads\/2025\/04\/Chaparral-II-1024x535.jpg 1024w, https:\/\/jpic-assumpta.org\/wp-content\/uploads\/2025\/04\/Chaparral-II-768x401.jpg 768w, https:\/\/jpic-assumpta.org\/wp-content\/uploads\/2025\/04\/Chaparral-II.jpg 1417w\" sizes=\"(max-width: 300px) 100vw, 300px\" \/><\/div><\/a>\n\t\t\t\t<div class=\"elementor-post__badge\">English<\/div>\n\t\t\t\t<div class=\"elementor-post__text\">\n\t\t\t\t<h3 class=\"elementor-post__title\">\n\t\t\t<a href=\"https:\/\/jpic-assumpta.org\/index.php\/2025\/04\/12\/province-of-usa-memorial-in-the-santa-teresa-desert-remembering-refugees-who-died-on-their-journey-to-hope\/\" >\n\t\t\t\tProvince of USA: Memorial in the Santa Teresa Desert, Remembering Refugees Who Died on Their Journey to Hope\t\t\t<\/a>\n\t\t<\/h3>\n\t\t\t\t<div class=\"elementor-post__excerpt\">\n\t\t\t<p>At this time when we remember all the saints and souls who have gone before us and remain in communion with us, we want to<\/p>\n\t\t<\/div>\n\t\t\n\t\t<a class=\"elementor-post__read-more\" href=\"https:\/\/jpic-assumpta.org\/index.php\/2025\/04\/12\/province-of-usa-memorial-in-the-santa-teresa-desert-remembering-refugees-who-died-on-their-journey-to-hope\/\" aria-label=\"En savoir plus sur Province of USA: Memorial in the Santa Teresa Desert, Remembering Refugees Who Died on Their Journey to Hope\" tabindex=\"-1\" >\n\t\t\tContinuer \u00e0 lire\t\t<\/a>\n\n\t\t\t\t<\/div>\n\t\t\t\t<div class=\"elementor-post__meta-data\">\n\t\t\t\t\t<span class=\"elementor-post-date\">\n\t\t\tavril 12, 2025\t\t<\/span>\n\t\t\t\t<\/div>\n\t\t\t\t\t<\/div>\n\t\t<\/article>\n\t\t\t\t<article class=\"elementor-post elementor-grid-item post-2404 post type-post status-publish format-standard hentry category-temoignages\" role=\"listitem\">\n\t\t\t<div class=\"elementor-post__card\">\n\t\t\t\t<div class=\"elementor-post__text\">\n\t\t\t\t<h3 class=\"elementor-post__title\">\n\t\t\t<a href=\"https:\/\/jpic-assumpta.org\/index.php\/2025\/03\/21\/temoins-jpic-assomtion\/\" >\n\t\t\t\tTEMOINS JPIC ASSOMPTION\t\t\t<\/a>\n\t\t<\/h3>\n\t\t\t\t<div class=\"elementor-post__excerpt\">\n\t\t\t\t\t<\/div>\n\t\t\n\t\t<a class=\"elementor-post__read-more\" href=\"https:\/\/jpic-assumpta.org\/index.php\/2025\/03\/21\/temoins-jpic-assomtion\/\" aria-label=\"En savoir plus sur TEMOINS JPIC ASSOMPTION\" tabindex=\"-1\" >\n\t\t\tContinuer \u00e0 lire\t\t<\/a>\n\n\t\t\t\t<\/div>\n\t\t\t\t<div class=\"elementor-post__meta-data\">\n\t\t\t\t\t<span class=\"elementor-post-date\">\n\t\t\tmars 21, 2025\t\t<\/span>\n\t\t\t\t<\/div>\n\t\t\t\t\t<\/div>\n\t\t<\/article>\n\t\t\t\t<article class=\"elementor-post elementor-grid-item post-2326 post type-post status-publish format-standard has-post-thumbnail hentry category-temoignages tag-francais\" role=\"listitem\">\n\t\t\t<div class=\"elementor-post__card\">\n\t\t\t\t<a class=\"elementor-post__thumbnail__link\" href=\"https:\/\/jpic-assumpta.org\/index.php\/2025\/02\/22\/assistance-aux-enfants-refugies-de-guerre-a-lest-de-la-r-d-congo-temoignage-des-oblates-de-lassomption-a-goma\/\" tabindex=\"-1\" ><div class=\"elementor-post__thumbnail\"><img decoding=\"async\" width=\"300\" height=\"300\" src=\"https:\/\/jpic-assumpta.org\/wp-content\/uploads\/2025\/02\/Design-sem-nome-6-300x300.png\" class=\"attachment-medium size-medium wp-image-2327\" alt=\"\" srcset=\"https:\/\/jpic-assumpta.org\/wp-content\/uploads\/2025\/02\/Design-sem-nome-6-300x300.png 300w, https:\/\/jpic-assumpta.org\/wp-content\/uploads\/2025\/02\/Design-sem-nome-6-1024x1024.png 1024w, https:\/\/jpic-assumpta.org\/wp-content\/uploads\/2025\/02\/Design-sem-nome-6-150x150.png 150w, https:\/\/jpic-assumpta.org\/wp-content\/uploads\/2025\/02\/Design-sem-nome-6-768x768.png 768w, https:\/\/jpic-assumpta.org\/wp-content\/uploads\/2025\/02\/Design-sem-nome-6-1536x1536.png 1536w, https:\/\/jpic-assumpta.org\/wp-content\/uploads\/2025\/02\/Design-sem-nome-6.png 1654w\" sizes=\"(max-width: 300px) 100vw, 300px\" \/><\/div><\/a>\n\t\t\t\t<div class=\"elementor-post__badge\">Fran\u00e7ais<\/div>\n\t\t\t\t<div class=\"elementor-post__text\">\n\t\t\t\t<h3 class=\"elementor-post__title\">\n\t\t\t<a href=\"https:\/\/jpic-assumpta.org\/index.php\/2025\/02\/22\/assistance-aux-enfants-refugies-de-guerre-a-lest-de-la-r-d-congo-temoignage-des-oblates-de-lassomption-a-goma\/\" >\n\t\t\t\tAssistance aux enfants r\u00e9fugi\u00e9s de guerre \u00e0 l\u2019Est de la R.D.Congo- t\u00e9moignage des Oblates de l\u2019Assomption \u00e0 Goma\t\t\t<\/a>\n\t\t<\/h3>\n\t\t\t\t<div class=\"elementor-post__excerpt\">\n\t\t\t<p>. &nbsp;&nbsp;&nbsp; En R\u00e9publique D\u00e9mocratique du Congo, c\u2019est depuis plus de 30 ans que l\u2019Est du pays est le th\u00e9\u00e2tre de la guerre avec ses<\/p>\n\t\t<\/div>\n\t\t\n\t\t<a class=\"elementor-post__read-more\" href=\"https:\/\/jpic-assumpta.org\/index.php\/2025\/02\/22\/assistance-aux-enfants-refugies-de-guerre-a-lest-de-la-r-d-congo-temoignage-des-oblates-de-lassomption-a-goma\/\" aria-label=\"En savoir plus sur Assistance aux enfants r\u00e9fugi\u00e9s de guerre \u00e0 l\u2019Est de la R.D.Congo- t\u00e9moignage des Oblates de l\u2019Assomption \u00e0 Goma\" tabindex=\"-1\" >\n\t\t\tContinuer \u00e0 lire\t\t<\/a>\n\n\t\t\t\t<\/div>\n\t\t\t\t<div class=\"elementor-post__meta-data\">\n\t\t\t\t\t<span class=\"elementor-post-date\">\n\t\t\tf\u00e9vrier 22, 2025\t\t<\/span>\n\t\t\t\t<\/div>\n\t\t\t\t\t<\/div>\n\t\t<\/article>\n\t\t\t\t<article class=\"elementor-post elementor-grid-item post-2198 post type-post status-publish format-standard has-post-thumbnail hentry category-temoignages tag-francais\" role=\"listitem\">\n\t\t\t<div class=\"elementor-post__card\">\n\t\t\t\t<a class=\"elementor-post__thumbnail__link\" href=\"https:\/\/jpic-assumpta.org\/index.php\/2023\/09\/14\/experience-avec-les-deplaces\/\" tabindex=\"-1\" ><div class=\"elementor-post__thumbnail\"><img loading=\"lazy\" decoding=\"async\" width=\"300\" height=\"213\" src=\"https:\/\/jpic-assumpta.org\/wp-content\/uploads\/2023\/09\/1-Experience-avec-les-deplaces-300x213.png\" class=\"attachment-medium size-medium wp-image-2201\" alt=\"\" srcset=\"https:\/\/jpic-assumpta.org\/wp-content\/uploads\/2023\/09\/1-Experience-avec-les-deplaces-300x213.png 300w, https:\/\/jpic-assumpta.org\/wp-content\/uploads\/2023\/09\/1-Experience-avec-les-deplaces-1024x726.png 1024w, https:\/\/jpic-assumpta.org\/wp-content\/uploads\/2023\/09\/1-Experience-avec-les-deplaces-768x545.png 768w, https:\/\/jpic-assumpta.org\/wp-content\/uploads\/2023\/09\/1-Experience-avec-les-deplaces-1536x1090.png 1536w, https:\/\/jpic-assumpta.org\/wp-content\/uploads\/2023\/09\/1-Experience-avec-les-deplaces.png 1748w\" sizes=\"(max-width: 300px) 100vw, 300px\" \/><\/div><\/a>\n\t\t\t\t<div class=\"elementor-post__badge\">Fran\u00e7ais<\/div>\n\t\t\t\t<div class=\"elementor-post__text\">\n\t\t\t\t<h3 class=\"elementor-post__title\">\n\t\t\t<a href=\"https:\/\/jpic-assumpta.org\/index.php\/2023\/09\/14\/experience-avec-les-deplaces\/\" >\n\t\t\t\tExp\u00e9rience avec les d\u00e9plac\u00e9s\t\t\t<\/a>\n\t\t<\/h3>\n\t\t\t\t<div class=\"elementor-post__excerpt\">\n\t\t\t<p>Au nord du dioc\u00e8se de Butembo-Beni \u00e0 l&rsquo;Est de la RDC se trouve un coin qui fut comme un paradis les ann\u00e9es 70-80, tant il<\/p>\n\t\t<\/div>\n\t\t\n\t\t<a class=\"elementor-post__read-more\" href=\"https:\/\/jpic-assumpta.org\/index.php\/2023\/09\/14\/experience-avec-les-deplaces\/\" aria-label=\"En savoir plus sur Exp\u00e9rience avec les d\u00e9plac\u00e9s\" tabindex=\"-1\" >\n\t\t\tContinuer \u00e0 lire\t\t<\/a>\n\n\t\t\t\t<\/div>\n\t\t\t\t<div class=\"elementor-post__meta-data\">\n\t\t\t\t\t<span class=\"elementor-post-date\">\n\t\t\tseptembre 14, 2023\t\t<\/span>\n\t\t\t\t<\/div>\n\t\t\t\t\t<\/div>\n\t\t<\/article>\n\t\t\t\t<article class=\"elementor-post elementor-grid-item post-2186 post type-post status-publish format-standard has-post-thumbnail hentry category-temoignages\" role=\"listitem\">\n\t\t\t<div class=\"elementor-post__card\">\n\t\t\t\t<a class=\"elementor-post__thumbnail__link\" href=\"https:\/\/jpic-assumpta.org\/index.php\/2023\/07\/01\/la-mission-des-oblates-de-lassomption-a-barati-roumanie\/\" tabindex=\"-1\" ><div class=\"elementor-post__thumbnail\"><img loading=\"lazy\" decoding=\"async\" width=\"300\" height=\"196\" src=\"https:\/\/jpic-assumpta.org\/wp-content\/uploads\/2023\/07\/testemunho-2-300x196.jpeg\" class=\"attachment-medium size-medium wp-image-2183\" alt=\"\" srcset=\"https:\/\/jpic-assumpta.org\/wp-content\/uploads\/2023\/07\/testemunho-2-300x196.jpeg 300w, https:\/\/jpic-assumpta.org\/wp-content\/uploads\/2023\/07\/testemunho-2-1024x668.jpeg 1024w, https:\/\/jpic-assumpta.org\/wp-content\/uploads\/2023\/07\/testemunho-2-768x501.jpeg 768w, https:\/\/jpic-assumpta.org\/wp-content\/uploads\/2023\/07\/testemunho-2-1536x1002.jpeg 1536w, https:\/\/jpic-assumpta.org\/wp-content\/uploads\/2023\/07\/testemunho-2-2048x1335.jpeg 2048w\" sizes=\"(max-width: 300px) 100vw, 300px\" \/><\/div><\/a>\n\t\t\t\t<div class=\"elementor-post__text\">\n\t\t\t\t<h3 class=\"elementor-post__title\">\n\t\t\t<a href=\"https:\/\/jpic-assumpta.org\/index.php\/2023\/07\/01\/la-mission-des-oblates-de-lassomption-a-barati-roumanie\/\" >\n\t\t\t\tLA MISSION DES OBLATES DE L\u2019ASSOMPTION \u00c0 BARA\u021aI &#8211; ROUMANIE\t\t\t<\/a>\n\t\t<\/h3>\n\t\t\t\t<div class=\"elementor-post__excerpt\">\n\t\t\t<p>Le centre \u201eLa Maison d\u2019Enfants Sainte Marie \u2013 Aide des chr\u00e9tiens\u201d est une Association qui a\u00e9t\u00e9 fond\u00e9e en 1997 \u00e0 l\u2019initiative de l\u2019\u00e9v\u00eaque Petru Gherghel,<\/p>\n\t\t<\/div>\n\t\t\n\t\t<a class=\"elementor-post__read-more\" href=\"https:\/\/jpic-assumpta.org\/index.php\/2023\/07\/01\/la-mission-des-oblates-de-lassomption-a-barati-roumanie\/\" aria-label=\"En savoir plus sur LA MISSION DES OBLATES DE L\u2019ASSOMPTION \u00c0 BARA\u021aI &#8211; ROUMANIE\" tabindex=\"-1\" >\n\t\t\tContinuer \u00e0 lire\t\t<\/a>\n\n\t\t\t\t<\/div>\n\t\t\t\t<div class=\"elementor-post__meta-data\">\n\t\t\t\t\t<span class=\"elementor-post-date\">\n\t\t\tjuillet 1, 2023\t\t<\/span>\n\t\t\t\t<\/div>\n\t\t\t\t\t<\/div>\n\t\t<\/article>\n\t\t\t\t<article class=\"elementor-post elementor-grid-item post-2143 post type-post status-publish format-standard has-post-thumbnail hentry category-temoignages tag-portugais\" role=\"listitem\">\n\t\t\t<div class=\"elementor-post__card\">\n\t\t\t\t<a class=\"elementor-post__thumbnail__link\" href=\"https:\/\/jpic-assumpta.org\/index.php\/2023\/04\/22\/resignificando-o-terrario-com-a-horta-de-plantas-medicinais-na-escola-estadual-santo-amaro\/\" tabindex=\"-1\" ><div class=\"elementor-post__thumbnail\"><img loading=\"lazy\" decoding=\"async\" width=\"300\" height=\"184\" src=\"https:\/\/jpic-assumpta.org\/wp-content\/uploads\/2023\/04\/IMG-20230403-WA0061-300x184.jpg\" class=\"attachment-medium size-medium wp-image-2145\" alt=\"\" srcset=\"https:\/\/jpic-assumpta.org\/wp-content\/uploads\/2023\/04\/IMG-20230403-WA0061-300x184.jpg 300w, https:\/\/jpic-assumpta.org\/wp-content\/uploads\/2023\/04\/IMG-20230403-WA0061-768x471.jpg 768w, https:\/\/jpic-assumpta.org\/wp-content\/uploads\/2023\/04\/IMG-20230403-WA0061.jpg 782w\" sizes=\"(max-width: 300px) 100vw, 300px\" \/><\/div><\/a>\n\t\t\t\t<div class=\"elementor-post__badge\">Portugais<\/div>\n\t\t\t\t<div class=\"elementor-post__text\">\n\t\t\t\t<h3 class=\"elementor-post__title\">\n\t\t\t<a href=\"https:\/\/jpic-assumpta.org\/index.php\/2023\/04\/22\/resignificando-o-terrario-com-a-horta-de-plantas-medicinais-na-escola-estadual-santo-amaro\/\" >\n\t\t\t\t(RE)SIGNIFICANDO O TERR\u00c1RIO COM A HORTA DE PLANTAS MEDICINAIS NA ESCOLA ESTADUAL SANTO AMARO\t\t\t<\/a>\n\t\t<\/h3>\n\t\t\t\t<div class=\"elementor-post__excerpt\">\n\t\t\t<p>Willijane de Oliveira Silva (EESA)Ir Ernestina Costa (Irm\u00e3zinhas da Assun\u00e7\u00e3o)Manuela Giseli Pinheiro Mendes (EESA) Este trabalho est\u00e1 situado nas discuss\u00f5es interligadas entre os campos de<\/p>\n\t\t<\/div>\n\t\t\n\t\t<a class=\"elementor-post__read-more\" href=\"https:\/\/jpic-assumpta.org\/index.php\/2023\/04\/22\/resignificando-o-terrario-com-a-horta-de-plantas-medicinais-na-escola-estadual-santo-amaro\/\" aria-label=\"En savoir plus sur (RE)SIGNIFICANDO O TERR\u00c1RIO COM A HORTA DE PLANTAS MEDICINAIS NA ESCOLA ESTADUAL SANTO AMARO\" tabindex=\"-1\" >\n\t\t\tContinuer \u00e0 lire\t\t<\/a>\n\n\t\t\t\t<\/div>\n\t\t\t\t<div class=\"elementor-post__meta-data\">\n\t\t\t\t\t<span class=\"elementor-post-date\">\n\t\t\tavril 22, 2023\t\t<\/span>\n\t\t\t\t<\/div>\n\t\t\t\t\t<\/div>\n\t\t<\/article>\n\t\t\t\t<article class=\"elementor-post elementor-grid-item post-2119 post type-post status-publish format-standard has-post-thumbnail hentry category-temoignages tag-francais tag-italiano\" role=\"listitem\">\n\t\t\t<div class=\"elementor-post__card\">\n\t\t\t\t<a class=\"elementor-post__thumbnail__link\" href=\"https:\/\/jpic-assumpta.org\/index.php\/2023\/03\/19\/un-type-daide-humanitaire-dans-lest-de-la-r-d-congo-une-assistance-qui-masque-et-entretient-linjustice\/\" tabindex=\"-1\" ><div class=\"elementor-post__thumbnail\"><img loading=\"lazy\" decoding=\"async\" width=\"300\" height=\"300\" src=\"https:\/\/jpic-assumpta.org\/wp-content\/uploads\/2023\/03\/1-300x300.png\" class=\"attachment-medium size-medium wp-image-2120\" alt=\"\" srcset=\"https:\/\/jpic-assumpta.org\/wp-content\/uploads\/2023\/03\/1-300x300.png 300w, https:\/\/jpic-assumpta.org\/wp-content\/uploads\/2023\/03\/1-1024x1024.png 1024w, https:\/\/jpic-assumpta.org\/wp-content\/uploads\/2023\/03\/1-150x150.png 150w, https:\/\/jpic-assumpta.org\/wp-content\/uploads\/2023\/03\/1-768x768.png 768w, https:\/\/jpic-assumpta.org\/wp-content\/uploads\/2023\/03\/1-1536x1536.png 1536w, https:\/\/jpic-assumpta.org\/wp-content\/uploads\/2023\/03\/1.png 1654w\" sizes=\"(max-width: 300px) 100vw, 300px\" \/><\/div><\/a>\n\t\t\t\t<div class=\"elementor-post__badge\">Fran\u00e7ais<\/div>\n\t\t\t\t<div class=\"elementor-post__text\">\n\t\t\t\t<h3 class=\"elementor-post__title\">\n\t\t\t<a href=\"https:\/\/jpic-assumpta.org\/index.php\/2023\/03\/19\/un-type-daide-humanitaire-dans-lest-de-la-r-d-congo-une-assistance-qui-masque-et-entretient-linjustice\/\" >\n\t\t\t\t<strong>Un type d\u2019aide humanitaire dans l\u2019Est de la R.D. Congo\u00a0: Une assistance qui masque et entretient l\u2019injustice<\/strong>\t\t\t<\/a>\n\t\t<\/h3>\n\t\t\t\t<div class=\"elementor-post__excerpt\">\n\t\t\t<p>Depuis plus de vingt ans, \u00ab&nbsp;le cris muet des collines&nbsp;\u00bb[1] se fait entendre dans l\u2019Est de la R\u00e9publique D\u00e9mocratique du Congo, une r\u00e9gion tr\u00e8s riche<\/p>\n\t\t<\/div>\n\t\t\n\t\t<a class=\"elementor-post__read-more\" href=\"https:\/\/jpic-assumpta.org\/index.php\/2023\/03\/19\/un-type-daide-humanitaire-dans-lest-de-la-r-d-congo-une-assistance-qui-masque-et-entretient-linjustice\/\" aria-label=\"En savoir plus sur &lt;strong&gt;Un type d\u2019aide humanitaire dans l\u2019Est de la R.D. Congo\u00a0: Une assistance qui masque et entretient l\u2019injustice&lt;\/strong&gt;\" tabindex=\"-1\" >\n\t\t\tContinuer \u00e0 lire\t\t<\/a>\n\n\t\t\t\t<\/div>\n\t\t\t\t<div class=\"elementor-post__meta-data\">\n\t\t\t\t\t<span class=\"elementor-post-date\">\n\t\t\tmars 19, 2023\t\t<\/span>\n\t\t\t\t<\/div>\n\t\t\t\t\t<\/div>\n\t\t<\/article>\n\t\t\t\t<article class=\"elementor-post elementor-grid-item post-2116 post type-post status-publish format-standard has-post-thumbnail hentry category-temoignages tag-english\" role=\"listitem\">\n\t\t\t<div class=\"elementor-post__card\">\n\t\t\t\t<a class=\"elementor-post__thumbnail__link\" href=\"https:\/\/jpic-assumpta.org\/index.php\/2023\/03\/19\/please-pray-for-tigray\/\" tabindex=\"-1\" ><div class=\"elementor-post__thumbnail\"><img loading=\"lazy\" decoding=\"async\" width=\"300\" height=\"300\" src=\"https:\/\/jpic-assumpta.org\/wp-content\/uploads\/2023\/03\/Please-pray-for-Tigray-300x300.png\" class=\"attachment-medium size-medium wp-image-2117\" alt=\"\" srcset=\"https:\/\/jpic-assumpta.org\/wp-content\/uploads\/2023\/03\/Please-pray-for-Tigray-300x300.png 300w, https:\/\/jpic-assumpta.org\/wp-content\/uploads\/2023\/03\/Please-pray-for-Tigray-1024x1024.png 1024w, https:\/\/jpic-assumpta.org\/wp-content\/uploads\/2023\/03\/Please-pray-for-Tigray-150x150.png 150w, https:\/\/jpic-assumpta.org\/wp-content\/uploads\/2023\/03\/Please-pray-for-Tigray-768x768.png 768w, https:\/\/jpic-assumpta.org\/wp-content\/uploads\/2023\/03\/Please-pray-for-Tigray-1536x1536.png 1536w, https:\/\/jpic-assumpta.org\/wp-content\/uploads\/2023\/03\/Please-pray-for-Tigray.png 1654w\" sizes=\"(max-width: 300px) 100vw, 300px\" \/><\/div><\/a>\n\t\t\t\t<div class=\"elementor-post__badge\">English<\/div>\n\t\t\t\t<div class=\"elementor-post__text\">\n\t\t\t\t<h3 class=\"elementor-post__title\">\n\t\t\t<a href=\"https:\/\/jpic-assumpta.org\/index.php\/2023\/03\/19\/please-pray-for-tigray\/\" >\n\t\t\t\t<strong>Please pray for Tigray<\/strong>\t\t\t<\/a>\n\t\t<\/h3>\n\t\t\t\t<div class=\"elementor-post__excerpt\">\n\t\t\t<p>Where is Tigray?&nbsp; Many people have not even heard of Tigray.&nbsp; But I have because I lived there for two years in the mid 90\u2019s<\/p>\n\t\t<\/div>\n\t\t\n\t\t<a class=\"elementor-post__read-more\" href=\"https:\/\/jpic-assumpta.org\/index.php\/2023\/03\/19\/please-pray-for-tigray\/\" aria-label=\"En savoir plus sur &lt;strong&gt;Please pray for Tigray&lt;\/strong&gt;\" tabindex=\"-1\" >\n\t\t\tContinuer \u00e0 lire\t\t<\/a>\n\n\t\t\t\t<\/div>\n\t\t\t\t<div class=\"elementor-post__meta-data\">\n\t\t\t\t\t<span class=\"elementor-post-date\">\n\t\t\tmars 19, 2023\t\t<\/span>\n\t\t\t\t<\/div>\n\t\t\t\t\t<\/div>\n\t\t<\/article>\n\t\t\t\t<\/div>\n\t\t\n\t\t\t\t<div class=\"e-load-more-anchor\" data-page=\"1\" data-max-page=\"6\" data-next-page=\"https:\/\/jpic-assumpta.org\/index.php\/wp-json\/wp\/v2\/pages\/185\/page\/2\/\"><\/div>\n\t\t\t\t<nav class=\"elementor-pagination\" aria-label=\"Pagination\">\n\t\t\t<span aria-current=\"page\" class=\"page-numbers current\"><span class=\"elementor-screen-only\">Page<\/span>1<\/span>\n<a class=\"page-numbers\" href=\"https:\/\/jpic-assumpta.org\/index.php\/wp-json\/wp\/v2\/pages\/185\/page\/2\/\"><span class=\"elementor-screen-only\">Page<\/span>2<\/a>\n<a class=\"page-numbers\" href=\"https:\/\/jpic-assumpta.org\/index.php\/wp-json\/wp\/v2\/pages\/185\/page\/3\/\"><span class=\"elementor-screen-only\">Page<\/span>3<\/a>\n<a class=\"page-numbers\" href=\"https:\/\/jpic-assumpta.org\/index.php\/wp-json\/wp\/v2\/pages\/185\/page\/4\/\"><span class=\"elementor-screen-only\">Page<\/span>4<\/a>\n<a class=\"page-numbers\" href=\"https:\/\/jpic-assumpta.org\/index.php\/wp-json\/wp\/v2\/pages\/185\/page\/5\/\"><span class=\"elementor-screen-only\">Page<\/span>5<\/a>\t\t<\/nav>\n\t\t\t\t\t\t<\/div>\n\t\t\t\t<\/div>\n\t\t\t\t\t<\/div>\n\t\t<\/div>\n\t\t\t\t\t<\/div>\n\t\t<\/section>\n\t\t\t\t<\/div>\n\t\t","protected":false},"excerpt":{"rendered":"<p>T\u00e9moignages<\/p>\n","protected":false},"author":1,"featured_media":0,"parent":0,"menu_order":0,"comment_status":"closed","ping_status":"closed","template":"","meta":{"footnotes":""},"class_list":["post-185","page","type-page","status-publish","hentry"],"_links":{"self":[{"href":"https:\/\/jpic-assumpta.org\/index.php\/wp-json\/wp\/v2\/pages\/185","targetHints":{"allow":["GET"]}}],"collection":[{"href":"https:\/\/jpic-assumpta.org\/index.php\/wp-json\/wp\/v2\/pages"}],"about":[{"href":"https:\/\/jpic-assumpta.org\/index.php\/wp-json\/wp\/v2\/types\/page"}],"author":[{"embeddable":true,"href":"https:\/\/jpic-assumpta.org\/index.php\/wp-json\/wp\/v2\/users\/1"}],"replies":[{"embeddable":true,"href":"https:\/\/jpic-assumpta.org\/index.php\/wp-json\/wp\/v2\/comments?post=185"}],"version-history":[{"count":5,"href":"https:\/\/jpic-assumpta.org\/index.php\/wp-json\/wp\/v2\/pages\/185\/revisions"}],"predecessor-version":[{"id":685,"href":"https:\/\/jpic-assumpta.org\/index.php\/wp-json\/wp\/v2\/pages\/185\/revisions\/685"}],"wp:attachment":[{"href":"https:\/\/jpic-assumpta.org\/index.php\/wp-json\/wp\/v2\/media?parent=185"}],"curies":[{"name":"wp","href":"https:\/\/api.w.org\/{rel}","templated":true}]}}