{"id":117,"date":"2020-01-27T11:17:54","date_gmt":"2020-01-27T11:17:54","guid":{"rendered":"https:\/\/jpic-assumpta.org\/?page_id=117"},"modified":"2020-02-18T11:36:00","modified_gmt":"2020-02-18T11:36:00","slug":"liturgie","status":"publish","type":"page","link":"https:\/\/jpic-assumpta.org\/index.php\/liturgie\/","title":{"rendered":"Liturgie"},"content":{"rendered":"\t\t<div data-elementor-type=\"wp-page\" data-elementor-id=\"117\" class=\"elementor elementor-117\" data-elementor-post-type=\"page\">\n\t\t\t\t\t\t<section class=\"elementor-section elementor-top-section elementor-element elementor-element-29ca9b1c elementor-section-height-min-height elementor-section-full_width elementor-section-height-default elementor-section-items-middle\" data-id=\"29ca9b1c\" data-element_type=\"section\" data-e-type=\"section\" data-settings=\"{&quot;background_background&quot;:&quot;classic&quot;}\">\n\t\t\t\t\t\t<div class=\"elementor-container elementor-column-gap-default\">\n\t\t\t\t\t<div class=\"elementor-column elementor-col-100 elementor-top-column elementor-element elementor-element-4686e2e2\" data-id=\"4686e2e2\" data-element_type=\"column\" data-e-type=\"column\">\n\t\t\t<div class=\"elementor-widget-wrap elementor-element-populated\">\n\t\t\t\t\t\t<div class=\"elementor-element elementor-element-2551a509 elementor-widget elementor-widget-heading\" data-id=\"2551a509\" data-element_type=\"widget\" data-e-type=\"widget\" data-widget_type=\"heading.default\">\n\t\t\t\t<div class=\"elementor-widget-container\">\n\t\t\t\t\t<h1 class=\"elementor-heading-title elementor-size-default\">Liturgie<\/h1>\t\t\t\t<\/div>\n\t\t\t\t<\/div>\n\t\t\t\t\t<\/div>\n\t\t<\/div>\n\t\t\t\t\t<\/div>\n\t\t<\/section>\n\t\t\t\t<section class=\"elementor-section elementor-top-section elementor-element elementor-element-1c852ac0 elementor-section-full_width elementor-section-height-default elementor-section-height-default\" data-id=\"1c852ac0\" data-element_type=\"section\" data-e-type=\"section\" data-settings=\"{&quot;background_background&quot;:&quot;classic&quot;}\">\n\t\t\t\t\t\t<div class=\"elementor-container elementor-column-gap-default\">\n\t\t\t\t\t<div class=\"elementor-column elementor-col-100 elementor-top-column elementor-element elementor-element-31ce7a24\" data-id=\"31ce7a24\" data-element_type=\"column\" data-e-type=\"column\">\n\t\t\t<div class=\"elementor-widget-wrap elementor-element-populated\">\n\t\t\t\t\t\t<div class=\"elementor-element elementor-element-3d4d3494 elementor-posts--align-left elementor-grid-3 elementor-grid-tablet-2 elementor-grid-mobile-1 elementor-posts--thumbnail-top elementor-posts__hover-gradient elementor-widget elementor-widget-posts\" data-id=\"3d4d3494\" data-element_type=\"widget\" data-e-type=\"widget\" data-settings=\"{&quot;cards_row_gap&quot;:{&quot;unit&quot;:&quot;px&quot;,&quot;size&quot;:60,&quot;sizes&quot;:[]},&quot;cards_columns&quot;:&quot;3&quot;,&quot;cards_columns_tablet&quot;:&quot;2&quot;,&quot;cards_columns_mobile&quot;:&quot;1&quot;,&quot;cards_row_gap_tablet&quot;:{&quot;unit&quot;:&quot;px&quot;,&quot;size&quot;:&quot;&quot;,&quot;sizes&quot;:[]},&quot;cards_row_gap_mobile&quot;:{&quot;unit&quot;:&quot;px&quot;,&quot;size&quot;:&quot;&quot;,&quot;sizes&quot;:[]}}\" data-widget_type=\"posts.cards\">\n\t\t\t\t<div class=\"elementor-widget-container\">\n\t\t\t\t\t\t\t<div class=\"elementor-posts-container elementor-posts elementor-posts--skin-cards elementor-grid\" role=\"list\">\n\t\t\t\t<article class=\"elementor-post elementor-grid-item post-2846 post type-post status-publish format-standard has-post-thumbnail hentry category-celebration category-liturgie\" role=\"listitem\">\n\t\t\t<div class=\"elementor-post__card\">\n\t\t\t\t<a class=\"elementor-post__thumbnail__link\" href=\"https:\/\/jpic-assumpta.org\/index.php\/2026\/02\/28\/celebration-en-memoire-de-la-soeur-rene-guido-poppa-et-laspirante-francoise-nyirangendo-25-fevrier\/\" tabindex=\"-1\" ><div class=\"elementor-post__thumbnail\"><img fetchpriority=\"high\" decoding=\"async\" width=\"300\" height=\"171\" src=\"https:\/\/jpic-assumpta.org\/wp-content\/uploads\/2026\/02\/Sr-Poppa-300x171.jpg\" class=\"attachment-medium size-medium wp-image-2848\" alt=\"\" srcset=\"https:\/\/jpic-assumpta.org\/wp-content\/uploads\/2026\/02\/Sr-Poppa-300x171.jpg 300w, https:\/\/jpic-assumpta.org\/wp-content\/uploads\/2026\/02\/Sr-Poppa.jpg 364w\" sizes=\"(max-width: 300px) 100vw, 300px\" \/><\/div><\/a>\n\t\t\t\t<div class=\"elementor-post__text\">\n\t\t\t\t<h3 class=\"elementor-post__title\">\n\t\t\t<a href=\"https:\/\/jpic-assumpta.org\/index.php\/2026\/02\/28\/celebration-en-memoire-de-la-soeur-rene-guido-poppa-et-laspirante-francoise-nyirangendo-25-fevrier\/\" >\n\t\t\t\tCELEBRATION EN MEMOIRE DE LA S\u0152UR RENE GUIDO POPPA ET L\u2019ASPIRANTE FRANCOISE NYIRANGENDO ( 25 f\u00e9vrier)\t\t\t<\/a>\n\t\t<\/h3>\n\t\t\t\t<div class=\"elementor-post__excerpt\">\n\t\t\t<p>\u00ab\u00a0S\u0153ur Ren\u00e9e-Guido a donn\u00e9 sa vie dans l\u2019accomplissement de sa mission pour sauver nos jeunes aspirantes. Sa vie aura un retentissement pour la paix\u00a0; Soyez<\/p>\n\t\t<\/div>\n\t\t\n\t\t<a class=\"elementor-post__read-more\" href=\"https:\/\/jpic-assumpta.org\/index.php\/2026\/02\/28\/celebration-en-memoire-de-la-soeur-rene-guido-poppa-et-laspirante-francoise-nyirangendo-25-fevrier\/\" aria-label=\"En savoir plus sur CELEBRATION EN MEMOIRE DE LA S\u0152UR RENE GUIDO POPPA ET L\u2019ASPIRANTE FRANCOISE NYIRANGENDO ( 25 f\u00e9vrier)\" tabindex=\"-1\" >\n\t\t\tContinuer \u00e0 lire\t\t<\/a>\n\n\t\t\t\t<\/div>\n\t\t\t\t<div class=\"elementor-post__meta-data\">\n\t\t\t\t\t<span class=\"elementor-post-date\">\n\t\t\tf\u00e9vrier 28, 2026\t\t<\/span>\n\t\t\t\t<\/div>\n\t\t\t\t\t<\/div>\n\t\t<\/article>\n\t\t\t\t<article class=\"elementor-post elementor-grid-item post-2842 post type-post status-publish format-standard has-post-thumbnail hentry category-liturgie\" role=\"listitem\">\n\t\t\t<div class=\"elementor-post__card\">\n\t\t\t\t<a class=\"elementor-post__thumbnail__link\" href=\"https:\/\/jpic-assumpta.org\/index.php\/2026\/02\/21\/message-du-saint-pere-leon-xiv-pour-le-careme-2026\/\" tabindex=\"-1\" ><div class=\"elementor-post__thumbnail\"><img decoding=\"async\" width=\"300\" height=\"169\" src=\"https:\/\/jpic-assumpta.org\/wp-content\/uploads\/2026\/02\/cq5dam.thumbnail.cropped.750.422-300x169.jpeg\" class=\"attachment-medium size-medium wp-image-2844\" alt=\"\" srcset=\"https:\/\/jpic-assumpta.org\/wp-content\/uploads\/2026\/02\/cq5dam.thumbnail.cropped.750.422-300x169.jpeg 300w, https:\/\/jpic-assumpta.org\/wp-content\/uploads\/2026\/02\/cq5dam.thumbnail.cropped.750.422.jpeg 750w\" sizes=\"(max-width: 300px) 100vw, 300px\" \/><\/div><\/a>\n\t\t\t\t<div class=\"elementor-post__text\">\n\t\t\t\t<h3 class=\"elementor-post__title\">\n\t\t\t<a href=\"https:\/\/jpic-assumpta.org\/index.php\/2026\/02\/21\/message-du-saint-pere-leon-xiv-pour-le-careme-2026\/\" >\n\t\t\t\tMESSAGE DU SAINT-P\u00c8RE L\u00c9ON XIV\u00a0POUR LE CAR\u00caME 2026\t\t\t<\/a>\n\t\t<\/h3>\n\t\t\t\t<div class=\"elementor-post__excerpt\">\n\t\t\t<p>Dans son message pour le Car\u00eame 2026, publi\u00e9 vendredi 13 f\u00e9vrier depuis la Cit\u00e9 du Vatican, le Pape L\u00e9on XIV invite les fid\u00e8les \u00e0 vivre<\/p>\n\t\t<\/div>\n\t\t\n\t\t<a class=\"elementor-post__read-more\" href=\"https:\/\/jpic-assumpta.org\/index.php\/2026\/02\/21\/message-du-saint-pere-leon-xiv-pour-le-careme-2026\/\" aria-label=\"En savoir plus sur MESSAGE DU SAINT-P\u00c8RE L\u00c9ON XIV\u00a0POUR LE CAR\u00caME 2026\" tabindex=\"-1\" >\n\t\t\tContinuer \u00e0 lire\t\t<\/a>\n\n\t\t\t\t<\/div>\n\t\t\t\t<div class=\"elementor-post__meta-data\">\n\t\t\t\t\t<span class=\"elementor-post-date\">\n\t\t\tf\u00e9vrier 21, 2026\t\t<\/span>\n\t\t\t\t<\/div>\n\t\t\t\t\t<\/div>\n\t\t<\/article>\n\t\t\t\t<article class=\"elementor-post elementor-grid-item post-2500 post type-post status-publish format-standard has-post-thumbnail hentry category-liturgie tag-francais\" role=\"listitem\">\n\t\t\t<div class=\"elementor-post__card\">\n\t\t\t\t<a class=\"elementor-post__thumbnail__link\" href=\"https:\/\/jpic-assumpta.org\/index.php\/2025\/07\/04\/priere-des-migrants\/\" tabindex=\"-1\" ><div class=\"elementor-post__thumbnail\"><img decoding=\"async\" width=\"300\" height=\"300\" src=\"https:\/\/jpic-assumpta.org\/wp-content\/uploads\/2025\/07\/2-300x300.jpg\" class=\"attachment-medium size-medium wp-image-2509\" alt=\"\" srcset=\"https:\/\/jpic-assumpta.org\/wp-content\/uploads\/2025\/07\/2-300x300.jpg 300w, https:\/\/jpic-assumpta.org\/wp-content\/uploads\/2025\/07\/2-1024x1024.jpg 1024w, https:\/\/jpic-assumpta.org\/wp-content\/uploads\/2025\/07\/2-150x150.jpg 150w, https:\/\/jpic-assumpta.org\/wp-content\/uploads\/2025\/07\/2-768x768.jpg 768w, https:\/\/jpic-assumpta.org\/wp-content\/uploads\/2025\/07\/2-1536x1536.jpg 1536w, https:\/\/jpic-assumpta.org\/wp-content\/uploads\/2025\/07\/2.jpg 1654w\" sizes=\"(max-width: 300px) 100vw, 300px\" \/><\/div><\/a>\n\t\t\t\t<div class=\"elementor-post__badge\">Fran\u00e7ais<\/div>\n\t\t\t\t<div class=\"elementor-post__text\">\n\t\t\t\t<h3 class=\"elementor-post__title\">\n\t\t\t<a href=\"https:\/\/jpic-assumpta.org\/index.php\/2025\/07\/04\/priere-des-migrants\/\" >\n\t\t\t\tPri\u00e8re des migrants\t\t\t<\/a>\n\t\t<\/h3>\n\t\t\t\t<div class=\"elementor-post__excerpt\">\n\t\t\t<p>J&rsquo;AI LAISS\u00c9 DERRI\u00c8RE MOI&#8230; J\u2019ai choisi de partir, Seigneur. J\u2019ai laiss\u00e9 derri\u00e8re moi les vergers de mon village, la morsure de la famine, les rires<\/p>\n\t\t<\/div>\n\t\t\n\t\t<a class=\"elementor-post__read-more\" href=\"https:\/\/jpic-assumpta.org\/index.php\/2025\/07\/04\/priere-des-migrants\/\" aria-label=\"En savoir plus sur Pri\u00e8re des migrants\" tabindex=\"-1\" >\n\t\t\tContinuer \u00e0 lire\t\t<\/a>\n\n\t\t\t\t<\/div>\n\t\t\t\t<div class=\"elementor-post__meta-data\">\n\t\t\t\t\t<span class=\"elementor-post-date\">\n\t\t\tjuillet 4, 2025\t\t<\/span>\n\t\t\t\t<\/div>\n\t\t\t\t\t<\/div>\n\t\t<\/article>\n\t\t\t\t<article class=\"elementor-post elementor-grid-item post-1900 post type-post status-publish format-standard has-post-thumbnail hentry category-liturgie tag-espanol\" role=\"listitem\">\n\t\t\t<div class=\"elementor-post__card\">\n\t\t\t\t<a class=\"elementor-post__thumbnail__link\" href=\"https:\/\/jpic-assumpta.org\/index.php\/2022\/05\/30\/4-junio-liturgia-de-oracion-por-los-martires-asuncionistas-argentinos\/\" tabindex=\"-1\" ><div class=\"elementor-post__thumbnail\"><img loading=\"lazy\" decoding=\"async\" width=\"300\" height=\"193\" src=\"https:\/\/jpic-assumpta.org\/wp-content\/uploads\/2022\/05\/Carlos-y-Raul-aa-300x193.jpg\" class=\"attachment-medium size-medium wp-image-1904\" alt=\"\" srcset=\"https:\/\/jpic-assumpta.org\/wp-content\/uploads\/2022\/05\/Carlos-y-Raul-aa-300x193.jpg 300w, https:\/\/jpic-assumpta.org\/wp-content\/uploads\/2022\/05\/Carlos-y-Raul-aa.jpg 466w\" sizes=\"(max-width: 300px) 100vw, 300px\" \/><\/div><\/a>\n\t\t\t\t<div class=\"elementor-post__badge\">Espa\u00f1ol<\/div>\n\t\t\t\t<div class=\"elementor-post__text\">\n\t\t\t\t<h3 class=\"elementor-post__title\">\n\t\t\t<a href=\"https:\/\/jpic-assumpta.org\/index.php\/2022\/05\/30\/4-junio-liturgia-de-oracion-por-los-martires-asuncionistas-argentinos\/\" >\n\t\t\t\t4 junio: Liturgia de Oraci\u00f3n por los M\u00e1rtires Asuncionistas Argentinos\t\t\t<\/a>\n\t\t<\/h3>\n\t\t\t\t<div class=\"elementor-post__excerpt\">\n\t\t\t<p>Carlos Antonio Felipe di Pietro y Ra\u00fal Eduardo Rodr\u00edguez En fran\u00e7ais et en anglais pdf \u00e0 la fin de la page. Canto inicial Motivaci\u00f3n: \u201cCarlos<\/p>\n\t\t<\/div>\n\t\t\n\t\t<a class=\"elementor-post__read-more\" href=\"https:\/\/jpic-assumpta.org\/index.php\/2022\/05\/30\/4-junio-liturgia-de-oracion-por-los-martires-asuncionistas-argentinos\/\" aria-label=\"En savoir plus sur 4 junio: Liturgia de Oraci\u00f3n por los M\u00e1rtires Asuncionistas Argentinos\" tabindex=\"-1\" >\n\t\t\tContinuer \u00e0 lire\t\t<\/a>\n\n\t\t\t\t<\/div>\n\t\t\t\t<div class=\"elementor-post__meta-data\">\n\t\t\t\t\t<span class=\"elementor-post-date\">\n\t\t\tmai 30, 2022\t\t<\/span>\n\t\t\t\t<\/div>\n\t\t\t\t\t<\/div>\n\t\t<\/article>\n\t\t\t\t<article class=\"elementor-post elementor-grid-item post-1729 post type-post status-publish format-standard has-post-thumbnail hentry category-liturgie tag-francais\" role=\"listitem\">\n\t\t\t<div class=\"elementor-post__card\">\n\t\t\t\t<a class=\"elementor-post__thumbnail__link\" href=\"https:\/\/jpic-assumpta.org\/index.php\/2021\/11\/10\/bienheureux-kamen-payel-et-josaphat\/\" tabindex=\"-1\" ><div class=\"elementor-post__thumbnail\"><img loading=\"lazy\" decoding=\"async\" width=\"219\" height=\"300\" src=\"https:\/\/jpic-assumpta.org\/wp-content\/uploads\/2021\/11\/Martures-Assomptionnistes-219x300.jpg\" class=\"attachment-medium size-medium wp-image-1731\" alt=\"\" srcset=\"https:\/\/jpic-assumpta.org\/wp-content\/uploads\/2021\/11\/Martures-Assomptionnistes-219x300.jpg 219w, https:\/\/jpic-assumpta.org\/wp-content\/uploads\/2021\/11\/Martures-Assomptionnistes.jpg 584w\" sizes=\"(max-width: 219px) 100vw, 219px\" \/><\/div><\/a>\n\t\t\t\t<div class=\"elementor-post__badge\">Fran\u00e7ais<\/div>\n\t\t\t\t<div class=\"elementor-post__text\">\n\t\t\t\t<h3 class=\"elementor-post__title\">\n\t\t\t<a href=\"https:\/\/jpic-assumpta.org\/index.php\/2021\/11\/10\/bienheureux-kamen-payel-et-josaphat\/\" >\n\t\t\t\tBienheureux Kamen, Pavel et Josaphat.\t\t\t<\/a>\n\t\t<\/h3>\n\t\t\t\t<div class=\"elementor-post__excerpt\">\n\t\t\t<p>13 novembre Le 11 novembre 1952 \u00e0 23h 30, dans la prison centrale de Sofia, sont fusill\u00e9s Mgr. Eug\u00e8ne Bossilkov, passionniste, \u00e9v\u00eaque latin de Nicopoli,<\/p>\n\t\t<\/div>\n\t\t\n\t\t<a class=\"elementor-post__read-more\" href=\"https:\/\/jpic-assumpta.org\/index.php\/2021\/11\/10\/bienheureux-kamen-payel-et-josaphat\/\" aria-label=\"En savoir plus sur Bienheureux Kamen, Pavel et Josaphat.\" tabindex=\"-1\" >\n\t\t\tContinuer \u00e0 lire\t\t<\/a>\n\n\t\t\t\t<\/div>\n\t\t\t\t<div class=\"elementor-post__meta-data\">\n\t\t\t\t\t<span class=\"elementor-post-date\">\n\t\t\tnovembre 10, 2021\t\t<\/span>\n\t\t\t\t<\/div>\n\t\t\t\t\t<\/div>\n\t\t<\/article>\n\t\t\t\t<article class=\"elementor-post elementor-grid-item post-1285 post type-post status-publish format-standard has-post-thumbnail hentry category-liturgie tag-francais\" role=\"listitem\">\n\t\t\t<div class=\"elementor-post__card\">\n\t\t\t\t<a class=\"elementor-post__thumbnail__link\" href=\"https:\/\/jpic-assumpta.org\/index.php\/2021\/02\/03\/action-de-grace-pour-la-vie-recue-et-donnee-de-nos-aines\/\" tabindex=\"-1\" ><div class=\"elementor-post__thumbnail\"><img loading=\"lazy\" decoding=\"async\" width=\"199\" height=\"300\" src=\"https:\/\/jpic-assumpta.org\/wp-content\/uploads\/2021\/02\/Manos-anciana-199x300.jpg\" class=\"attachment-medium size-medium wp-image-1286\" alt=\"\" srcset=\"https:\/\/jpic-assumpta.org\/wp-content\/uploads\/2021\/02\/Manos-anciana-199x300.jpg 199w, https:\/\/jpic-assumpta.org\/wp-content\/uploads\/2021\/02\/Manos-anciana.jpg 640w\" sizes=\"(max-width: 199px) 100vw, 199px\" \/><\/div><\/a>\n\t\t\t\t<div class=\"elementor-post__badge\">Fran\u00e7ais<\/div>\n\t\t\t\t<div class=\"elementor-post__text\">\n\t\t\t\t<h3 class=\"elementor-post__title\">\n\t\t\t<a href=\"https:\/\/jpic-assumpta.org\/index.php\/2021\/02\/03\/action-de-grace-pour-la-vie-recue-et-donnee-de-nos-aines\/\" >\n\t\t\t\tAction de gr\u00e2ce pour la vie re\u00e7ue et donn\u00e9e de nos a\u00een\u00e9s.\t\t\t<\/a>\n\t\t<\/h3>\n\t\t\t\t<div class=\"elementor-post__excerpt\">\n\t\t\t<p>Hymne&nbsp;: Tenons en \u00e9veil la m\u00e9moire du Seigneur (C243) de Didier Rimaud et Jacques Berthier. R)&nbsp; Tenons en \u00e9veil la m\u00e9moire du Seigneur, gardons au<\/p>\n\t\t<\/div>\n\t\t\n\t\t<a class=\"elementor-post__read-more\" href=\"https:\/\/jpic-assumpta.org\/index.php\/2021\/02\/03\/action-de-grace-pour-la-vie-recue-et-donnee-de-nos-aines\/\" aria-label=\"En savoir plus sur Action de gr\u00e2ce pour la vie re\u00e7ue et donn\u00e9e de nos a\u00een\u00e9s.\" tabindex=\"-1\" >\n\t\t\tContinuer \u00e0 lire\t\t<\/a>\n\n\t\t\t\t<\/div>\n\t\t\t\t<div class=\"elementor-post__meta-data\">\n\t\t\t\t\t<span class=\"elementor-post-date\">\n\t\t\tf\u00e9vrier 3, 2021\t\t<\/span>\n\t\t\t\t<\/div>\n\t\t\t\t\t<\/div>\n\t\t<\/article>\n\t\t\t\t<article class=\"elementor-post elementor-grid-item post-1100 post type-post status-publish format-standard has-post-thumbnail hentry category-liturgie tag-english\" role=\"listitem\">\n\t\t\t<div class=\"elementor-post__card\">\n\t\t\t\t<a class=\"elementor-post__thumbnail__link\" href=\"https:\/\/jpic-assumpta.org\/index.php\/2020\/10\/11\/all-of-creation-lives-by-gods-breath-of-life\/\" tabindex=\"-1\" ><div class=\"elementor-post__thumbnail\"><img loading=\"lazy\" decoding=\"async\" width=\"225\" height=\"300\" src=\"https:\/\/jpic-assumpta.org\/wp-content\/uploads\/2020\/10\/Flor-violeta-225x300.jpg\" class=\"attachment-medium size-medium wp-image-1101\" alt=\"\" srcset=\"https:\/\/jpic-assumpta.org\/wp-content\/uploads\/2020\/10\/Flor-violeta-225x300.jpg 225w, https:\/\/jpic-assumpta.org\/wp-content\/uploads\/2020\/10\/Flor-violeta.jpg 258w\" sizes=\"(max-width: 225px) 100vw, 225px\" \/><\/div><\/a>\n\t\t\t\t<div class=\"elementor-post__badge\">English<\/div>\n\t\t\t\t<div class=\"elementor-post__text\">\n\t\t\t\t<h3 class=\"elementor-post__title\">\n\t\t\t<a href=\"https:\/\/jpic-assumpta.org\/index.php\/2020\/10\/11\/all-of-creation-lives-by-gods-breath-of-life\/\" >\n\t\t\t\tAll of Creation lives by God\u2019s breath of life\t\t\t<\/a>\n\t\t<\/h3>\n\t\t\t\t<div class=\"elementor-post__excerpt\">\n\t\t\t<p>All of Creation lives by God\u2019s breath of life (2:7; 1:30).&nbsp; All of Creation came to be from the power of His word. Sharing a<\/p>\n\t\t<\/div>\n\t\t\n\t\t<a class=\"elementor-post__read-more\" href=\"https:\/\/jpic-assumpta.org\/index.php\/2020\/10\/11\/all-of-creation-lives-by-gods-breath-of-life\/\" aria-label=\"En savoir plus sur All of Creation lives by God\u2019s breath of life\" tabindex=\"-1\" >\n\t\t\tContinuer \u00e0 lire\t\t<\/a>\n\n\t\t\t\t<\/div>\n\t\t\t\t<div class=\"elementor-post__meta-data\">\n\t\t\t\t\t<span class=\"elementor-post-date\">\n\t\t\toctobre 11, 2020\t\t<\/span>\n\t\t\t\t<\/div>\n\t\t\t\t\t<\/div>\n\t\t<\/article>\n\t\t\t\t<article class=\"elementor-post elementor-grid-item post-1079 post type-post status-publish format-standard has-post-thumbnail hentry category-celebration category-liturgie tag-portugais\" role=\"listitem\">\n\t\t\t<div class=\"elementor-post__card\">\n\t\t\t\t<a class=\"elementor-post__thumbnail__link\" href=\"https:\/\/jpic-assumpta.org\/index.php\/2020\/09\/20\/celebracao-a-pessoa-migrante-e-refugiada\/\" tabindex=\"-1\" ><div class=\"elementor-post__thumbnail\"><img loading=\"lazy\" decoding=\"async\" width=\"300\" height=\"156\" src=\"https:\/\/jpic-assumpta.org\/wp-content\/uploads\/2020\/09\/People-Walking-300x156.jpg\" class=\"attachment-medium size-medium wp-image-1082\" alt=\"\" srcset=\"https:\/\/jpic-assumpta.org\/wp-content\/uploads\/2020\/09\/People-Walking-300x156.jpg 300w, https:\/\/jpic-assumpta.org\/wp-content\/uploads\/2020\/09\/People-Walking.jpg 640w\" sizes=\"(max-width: 300px) 100vw, 300px\" \/><\/div><\/a>\n\t\t\t\t<div class=\"elementor-post__badge\">Portugais<\/div>\n\t\t\t\t<div class=\"elementor-post__text\">\n\t\t\t\t<h3 class=\"elementor-post__title\">\n\t\t\t<a href=\"https:\/\/jpic-assumpta.org\/index.php\/2020\/09\/20\/celebracao-a-pessoa-migrante-e-refugiada\/\" >\n\t\t\t\tCelebra\u00e7\u00e3o \u00e0 pessoa migrante e refugiada\t\t\t<\/a>\n\t\t<\/h3>\n\t\t\t\t<div class=\"elementor-post__excerpt\">\n\t\t\t<p>A vida j\u00e1 estava quando chegamos A di\u00e1spora humana \u00e9 vivida a muitos e muitos anos&#8230; A humanidade se desloca, desde sua origem, em busca<\/p>\n\t\t<\/div>\n\t\t\n\t\t<a class=\"elementor-post__read-more\" href=\"https:\/\/jpic-assumpta.org\/index.php\/2020\/09\/20\/celebracao-a-pessoa-migrante-e-refugiada\/\" aria-label=\"En savoir plus sur Celebra\u00e7\u00e3o \u00e0 pessoa migrante e refugiada\" tabindex=\"-1\" >\n\t\t\tContinuer \u00e0 lire\t\t<\/a>\n\n\t\t\t\t<\/div>\n\t\t\t\t<div class=\"elementor-post__meta-data\">\n\t\t\t\t\t<span class=\"elementor-post-date\">\n\t\t\tseptembre 20, 2020\t\t<\/span>\n\t\t\t\t<\/div>\n\t\t\t\t\t<\/div>\n\t\t<\/article>\n\t\t\t\t<article class=\"elementor-post elementor-grid-item post-1053 post type-post status-publish format-standard has-post-thumbnail hentry category-celebration category-liturgie tag-espanol\" role=\"listitem\">\n\t\t\t<div class=\"elementor-post__card\">\n\t\t\t\t<a class=\"elementor-post__thumbnail__link\" href=\"https:\/\/jpic-assumpta.org\/index.php\/2020\/09\/08\/el-encuentro-es-con-la-paz-movamosnos\/\" tabindex=\"-1\" ><div class=\"elementor-post__thumbnail\"><img loading=\"lazy\" decoding=\"async\" width=\"200\" height=\"300\" src=\"https:\/\/jpic-assumpta.org\/wp-content\/uploads\/2020\/09\/dan-freeman-u1YMWMJzGsY-unsplash-200x300.jpg\" class=\"attachment-medium size-medium wp-image-1054\" alt=\"\" srcset=\"https:\/\/jpic-assumpta.org\/wp-content\/uploads\/2020\/09\/dan-freeman-u1YMWMJzGsY-unsplash-200x300.jpg 200w, https:\/\/jpic-assumpta.org\/wp-content\/uploads\/2020\/09\/dan-freeman-u1YMWMJzGsY-unsplash-683x1024.jpg 683w, https:\/\/jpic-assumpta.org\/wp-content\/uploads\/2020\/09\/dan-freeman-u1YMWMJzGsY-unsplash-768x1152.jpg 768w, https:\/\/jpic-assumpta.org\/wp-content\/uploads\/2020\/09\/dan-freeman-u1YMWMJzGsY-unsplash-1024x1536.jpg 1024w, https:\/\/jpic-assumpta.org\/wp-content\/uploads\/2020\/09\/dan-freeman-u1YMWMJzGsY-unsplash-1365x2048.jpg 1365w, https:\/\/jpic-assumpta.org\/wp-content\/uploads\/2020\/09\/dan-freeman-u1YMWMJzGsY-unsplash-scaled.jpg 1706w\" sizes=\"(max-width: 200px) 100vw, 200px\" \/><\/div><\/a>\n\t\t\t\t<div class=\"elementor-post__badge\">Espa\u00f1ol<\/div>\n\t\t\t\t<div class=\"elementor-post__text\">\n\t\t\t\t<h3 class=\"elementor-post__title\">\n\t\t\t<a href=\"https:\/\/jpic-assumpta.org\/index.php\/2020\/09\/08\/el-encuentro-es-con-la-paz-movamosnos\/\" >\n\t\t\t\tEl encuentro es con la Paz: mov\u00e1monos.\t\t\t<\/a>\n\t\t<\/h3>\n\t\t\t\t<div class=\"elementor-post__excerpt\">\n\t\t\t<p>En un contexto global de incremento de las violencias, donde se dan asesinatos contra l\u00edderes, lideresas sociales y excombatientes de las FARC, el genocidio contra<\/p>\n\t\t<\/div>\n\t\t\n\t\t<a class=\"elementor-post__read-more\" href=\"https:\/\/jpic-assumpta.org\/index.php\/2020\/09\/08\/el-encuentro-es-con-la-paz-movamosnos\/\" aria-label=\"En savoir plus sur El encuentro es con la Paz: mov\u00e1monos.\" tabindex=\"-1\" >\n\t\t\tContinuer \u00e0 lire\t\t<\/a>\n\n\t\t\t\t<\/div>\n\t\t\t\t<div class=\"elementor-post__meta-data\">\n\t\t\t\t\t<span class=\"elementor-post-date\">\n\t\t\tseptembre 8, 2020\t\t<\/span>\n\t\t\t\t<\/div>\n\t\t\t\t\t<\/div>\n\t\t<\/article>\n\t\t\t\t<\/div>\n\t\t\n\t\t\t\t\t\t<\/div>\n\t\t\t\t<\/div>\n\t\t\t\t\t<\/div>\n\t\t<\/div>\n\t\t\t\t\t<\/div>\n\t\t<\/section>\n\t\t\t\t<\/div>\n\t\t","protected":false},"excerpt":{"rendered":"<p>Liturgie<\/p>\n","protected":false},"author":1,"featured_media":0,"parent":0,"menu_order":0,"comment_status":"closed","ping_status":"closed","template":"","meta":{"footnotes":""},"class_list":["post-117","page","type-page","status-publish","hentry"],"_links":{"self":[{"href":"https:\/\/jpic-assumpta.org\/index.php\/wp-json\/wp\/v2\/pages\/117","targetHints":{"allow":["GET"]}}],"collection":[{"href":"https:\/\/jpic-assumpta.org\/index.php\/wp-json\/wp\/v2\/pages"}],"about":[{"href":"https:\/\/jpic-assumpta.org\/index.php\/wp-json\/wp\/v2\/types\/page"}],"author":[{"embeddable":true,"href":"https:\/\/jpic-assumpta.org\/index.php\/wp-json\/wp\/v2\/users\/1"}],"replies":[{"embeddable":true,"href":"https:\/\/jpic-assumpta.org\/index.php\/wp-json\/wp\/v2\/comments?post=117"}],"version-history":[{"count":5,"href":"https:\/\/jpic-assumpta.org\/index.php\/wp-json\/wp\/v2\/pages\/117\/revisions"}],"predecessor-version":[{"id":689,"href":"https:\/\/jpic-assumpta.org\/index.php\/wp-json\/wp\/v2\/pages\/117\/revisions\/689"}],"wp:attachment":[{"href":"https:\/\/jpic-assumpta.org\/index.php\/wp-json\/wp\/v2\/media?parent=117"}],"curies":[{"name":"wp","href":"https:\/\/api.w.org\/{rel}","templated":true}]}}